{"id":803,"date":"2019-03-12T19:26:45","date_gmt":"2019-03-12T19:26:45","guid":{"rendered":"http:\/\/www.metricsview.com\/?page_id=803"},"modified":"2019-03-15T21:16:01","modified_gmt":"2019-03-15T21:16:01","slug":"soluciones","status":"publish","type":"page","link":"https:\/\/www.metricsview.com\/es\/soluciones.html","title":{"rendered":"Soluciones"},"content":{"rendered":"<div class=\"wpb-content-wrapper\">[vc_row full_width=\u00bbstretch_row\u00bb parallax=\u00bbcontent-moving\u00bb parallax_image=\u00bb279&#8243; wpex_bg_overlay=\u00bbdark\u00bb css=\u00bb.vc_custom_1551387619044{padding-top: 140px !important;padding-bottom: 160px !important;background-color: #333333 !important;}\u00bb wpex_bg_overlay_opacity=\u00bb0.4&#8243;][vc_column]<div class=\"vcex-module vcex-heading wpex-text-2xl wpex-font-normal wpex-m-auto wpex-max-w-100 vcex-heading-plain wpex-block wpex-text-center\" style=\"color:#ffffff;font-size:50px;\"><span class=\"vcex-heading-inner wpex-inline-block wpex-clr\">Nuestras Soluciones<\/span><\/div>[vc_column_text italic=\u00bbtrue\u00bb color=\u00bb#ffffff\u00bb font_size=\u00bb24&#8243;]\n<p style=\"text-align: center;\">Nuestras soluciones habilitan a todos en la empresa con una mejor perspectiva del negocio<\/p>\n[\/vc_column_text][\/vc_column][\/vc_row][vc_row full_width=\u00bbstretch_row\u00bb css=\u00bb.vc_custom_1551916440979{margin-top: 50px !important;background-color: #eeeeee !important;}\u00bb][vc_column][vc_column_text font_size=\u00bb28px\u00bb css=\u00bb.vc_custom_1552628140902{padding-top: 30px !important;}\u00bb]\n<p style=\"text-align: center;\">Desde el 2008, hemos provisto de soluciones con la m\u00e1s alta calidad a empresas y profesionistas en Latino Am\u00e9rica y el Caribe.<\/p>\n[\/vc_column_text][\/vc_column][\/vc_row][vc_row][vc_column width=\u00bb1\/3&#8243;][\/vc_column][vc_column width=\u00bb1\/3&#8243;][\/vc_column][vc_column width=\u00bb1\/3&#8243;][\/vc_column][\/vc_row][vc_row css=\u00bb.vc_custom_1551389952987{margin-top: 40px !important;}\u00bb][vc_column width=\u00bb1\/2&#8243;]<div class=\"vcex-module vcex-heading wpex-text-2xl wpex-font-normal wpex-m-auto wpex-max-w-100 vcex-heading-plain wpex-block vc_custom_1552628244057\" data-wpex-hover=\"{&quot;color&quot;:&quot;#7bad35&quot;}\"><a href=\"\/es\/soluciones\/planificacion-y-presupuesto.html\" class=\"wpex-no-underline wpex-inherit-color\"\"><span class=\"vcex-heading-inner wpex-inline-block wpex-clr\"><strong>01.<\/strong> Planificaci\u00f3n y Presupuesto<\/span><\/a><\/div>[vc_column_text]Los departamentos de finanzas y contabilidad requieren urgentemente eliminar el proceso manual de recopilaci\u00f3n de datos como parte del proceso de planificaci\u00f3n y enfocarse en la toma de decisiones clave que impulsen el crecimiento de la organizaci\u00f3n.<\/p>\n<p>Nuestras soluciones de \u201cPlanificaci\u00f3n y Presupuesto\u201d atienden estos requerimientos y proporcionan un rico entorno basado en la web para una visi\u00f3n \u00fanica de presupuestos, planes y suposiciones pasadas, presentes y futuras en toda la organizaci\u00f3n.[\/vc_column_text][\/vc_column][vc_column width=\u00bb1\/2&#8243;][vc_single_image image=\u00bb537&#8243; img_size=\u00bb300&#215;300&#8243; css_animation=\u00bbright-to-left\u00bb alignment=\u00bbleft\u00bb onclick=\u00bbcustom_link\u00bb link=\u00bb\/es\/soluciones\/planificacion-y-presupuesto.html\u00bb][\/vc_column][\/vc_row][vc_row css=\u00bb.vc_custom_1551389966949{margin-top: 40px !important;}\u00bb][vc_column width=\u00bb1\/2&#8243;][vc_single_image image=\u00bb535&#8243; img_size=\u00bb300&#215;300&#8243; css_animation=\u00bbleft-to-right\u00bb alignment=\u00bbright\u00bb onclick=\u00bbcustom_link\u00bb link=\u00bb\/es\/soluciones\/inteligencia-negocios-analiticos.html\u00bb][\/vc_column][vc_column width=\u00bb1\/2&#8243;]<div class=\"vcex-module vcex-heading wpex-text-2xl wpex-font-normal wpex-m-auto wpex-max-w-100 vcex-heading-plain wpex-block vc_custom_1552628374123\" data-wpex-hover=\"{&quot;color&quot;:&quot;#7bad35&quot;}\"><a href=\"\/es\/soluciones\/inteligencia-negocios-analiticos.html\" class=\"wpex-no-underline wpex-inherit-color\"\"><span class=\"vcex-heading-inner wpex-inline-block wpex-clr\"><strong>02.<\/strong> Inteligencia de Negocios &amp; Anal\u00edticos<\/span><\/a><\/div>[vc_column_text]Muchos usuarios se enfrentan al desaf\u00edo de tomar decisiones para el negocio clave, a diario y sin tener la informaci\u00f3n correcta, en el momento y en el formato adecuado. Y la mayor\u00eda de estas decisiones requieren respuestas inmediatas; a menudo, esperar en la informaci\u00f3n no es una opci\u00f3n.<\/p>\n<p>Nuestras soluciones de \u201cInteligencia de Negocios\u201c (BI por sus siglas en ingl\u00e9s) abordan estos desaf\u00edos con alternativas alineadas a sus requisitos espec\u00edficos.[\/vc_column_text][\/vc_column][\/vc_row][vc_row css=\u00bb.vc_custom_1551389976970{margin-top: 40px !important;}\u00bb][vc_column width=\u00bb1\/2&#8243;]<div class=\"vcex-module vcex-heading wpex-text-2xl wpex-font-normal wpex-m-auto wpex-max-w-100 vcex-heading-plain wpex-block vc_custom_1552628541768\" data-wpex-hover=\"{&quot;color&quot;:&quot;#7bad35&quot;}\"><a href=\"\/es\/soluciones\/manejo-de-datos.html\" class=\"wpex-no-underline wpex-inherit-color\"\"><span class=\"vcex-heading-inner wpex-inline-block wpex-clr\"><strong>03.<\/strong> Manejo de Datos<\/span><\/a><\/div>[vc_column_text]El valor de una plataforma de Inteligencia de Negocios (tableros, reportes, an\u00e1lisis de informaci\u00f3n) es tan bueno como lo sea la data que la alimenta. Los datos deben considerarse como el valioso activo corporativo que es y deben estar respaldados por t\u00e9cnicas de administraci\u00f3n y organizaci\u00f3n integrales. El buen \u201cManejo de Datos\u201d consiste en procesos y herramientas para administrar la data empresarial.<\/p>\n<p>Metrics View ofrece soluciones en torno a diferentes \u00e1ngulos de una estrategia de \u201cManejo de Datos\u201d.[\/vc_column_text][\/vc_column][vc_column width=\u00bb1\/2&#8243;][vc_single_image image=\u00bb536&#8243; img_size=\u00bb300&#215;258&#8243; css_animation=\u00bbright-to-left\u00bb alignment=\u00bbleft\u00bb onclick=\u00bbcustom_link\u00bb link=\u00bb\/es\/soluciones\/manejo-de-datos.html\u00bb][\/vc_column][\/vc_row][vc_row css=\u00bb.vc_custom_1551389987762{margin-top: 40px !important;}\u00bb][vc_column width=\u00bb1\/2&#8243;][vc_single_image image=\u00bb538&#8243; img_size=\u00bb300&#215;300&#8243; css_animation=\u00bbleft-to-right\u00bb alignment=\u00bbright\u00bb onclick=\u00bbcustom_link\u00bb link=\u00bb\/es\/soluciones\/rapid-marts.html\u00bb][\/vc_column][vc_column width=\u00bb1\/2&#8243;]<div class=\"vcex-module vcex-heading wpex-text-2xl wpex-font-normal wpex-m-auto wpex-max-w-100 vcex-heading-plain wpex-block vc_custom_1552628642841\" data-wpex-hover=\"{&quot;color&quot;:&quot;#7bad35&quot;}\"><a href=\"\/es\/soluciones\/rapid-marts.html\" class=\"wpex-no-underline wpex-inherit-color\"\"><span class=\"vcex-heading-inner wpex-inline-block wpex-clr\"><strong>04.<\/strong> Rapid Marts<\/span><\/a><\/div>[vc_column_text]Los \u201cRapid Marts\u201d de Metrics View ofrecen un modelo de datos base que est\u00e1 listo para generar informes, consultas y an\u00e1lisis desde su aplicativos empresariales o con sus herramientas de BI preferidas. Combinan el conocimiento pr\u00e1ctico con las mejores t\u00e9cnicas de integraci\u00f3n de datos para ofrecer un Data Mart y reportes de BI prefabricados.<\/p>\n<p>Si su organizaci\u00f3n no tiene el tiempo para implementaciones de BI que puedan verse prolongadas para obtener la informaci\u00f3n que necesita, si los costos de desarrollo son altos, o si ha identificado la necesidad de integrar experiencias avanzadas, los \u201cRapid Marts\u201d de Metrics View eliminan estas preocupaciones y agregan mucho valor a su organizaci\u00f3n. Visite nuestra secci\u00f3n de \u201cRapid Marts\u201d para obtener m\u00e1s detalles.[\/vc_column_text][\/vc_column][\/vc_row]\n<\/div>","protected":false},"excerpt":{"rendered":"<p>[vc_row full_width=\u00bbstretch_row\u00bb parallax=\u00bbcontent-moving\u00bb parallax_image=\u00bb279&#8243; wpex_bg_overlay=\u00bbdark\u00bb css=\u00bb.vc_custom_1551387619044{padding-top: 140px !important;padding-bottom: 160px !important;background-color: #333333 !important;}\u00bb wpex_bg_overlay_opacity=\u00bb0.4&#8243;][vc_column][vc_column_text italic=\u00bbtrue\u00bb color=\u00bb#ffffff\u00bb font_size=\u00bb24&#8243;] Nuestras soluciones habilitan a todos en la empresa con una mejor perspectiva del negocio [\/vc_column_text][\/vc_column][\/vc_row][vc_row full_width=\u00bbstretch_row\u00bb css=\u00bb.vc_custom_1551916440979{margin-top: 50px !important;background-color: #eeeeee !important;}\u00bb][vc_column][vc_column_text font_size=\u00bb28px\u00bb css=\u00bb.vc_custom_1552628140902{padding-top: 30px&hellip;<\/p>\n","protected":false},"author":1,"featured_media":0,"parent":0,"menu_order":0,"comment_status":"closed","ping_status":"closed","template":"","meta":{"footnotes":""},"class_list":["post-803","page","type-page","status-publish","hentry","entry","no-media"],"yoast_head":"<!-- This site is optimized with the Yoast SEO plugin v27.2 - https:\/\/yoast.com\/product\/yoast-seo-wordpress\/ -->\n<title>Soluciones, Software y Estrategias de Business Intelligence en Mexico<\/title>\n<meta name=\"description\" content=\"Metrics View ofrece soluciones de planificaci\u00f3n y presupuesto, inteligencia de negocios y anal\u00edticos, manejo de datos y rapid marts en M\u00e9xico y Am\u00e9rica Latina.\" \/>\n<meta name=\"robots\" content=\"index, follow, max-snippet:-1, max-image-preview:large, max-video-preview:-1\" \/>\n<link rel=\"canonical\" href=\"https:\/\/www.metricsview.com\/es\/soluciones.html\" \/>\n<meta property=\"og:locale\" content=\"es_ES\" \/>\n<meta property=\"og:type\" content=\"article\" \/>\n<meta property=\"og:title\" content=\"Soluciones, Software y Estrategias de Business Intelligence en Mexico\" \/>\n<meta property=\"og:description\" content=\"Metrics View ofrece soluciones de planificaci\u00f3n y presupuesto, inteligencia de negocios y anal\u00edticos, manejo de datos y rapid marts en M\u00e9xico y Am\u00e9rica Latina.\" \/>\n<meta property=\"og:url\" content=\"https:\/\/www.metricsview.com\/es\/soluciones.html\" \/>\n<meta property=\"og:site_name\" content=\"MetricsView\" \/>\n<meta property=\"article:modified_time\" content=\"2019-03-15T21:16:01+00:00\" \/>\n<meta name=\"twitter:card\" content=\"summary_large_image\" \/>\n<meta name=\"twitter:label1\" content=\"Tiempo de lectura\" \/>\n\t<meta name=\"twitter:data1\" content=\"4 minutos\" \/>\n<script type=\"application\/ld+json\" class=\"yoast-schema-graph\">{\"@context\":\"https:\/\/schema.org\",\"@graph\":[{\"@type\":\"WebPage\",\"@id\":\"https:\/\/www.metricsview.com\/es\/soluciones.html\",\"url\":\"https:\/\/www.metricsview.com\/es\/soluciones.html\",\"name\":\"Soluciones, Software y Estrategias de Business Intelligence en Mexico\",\"isPartOf\":{\"@id\":\"https:\/\/www.metricsview.com\/#website\"},\"datePublished\":\"2019-03-12T19:26:45+00:00\",\"dateModified\":\"2019-03-15T21:16:01+00:00\",\"description\":\"Metrics View ofrece soluciones de planificaci\u00f3n y presupuesto, inteligencia de negocios y anal\u00edticos, manejo de datos y rapid marts en M\u00e9xico y Am\u00e9rica Latina.\",\"breadcrumb\":{\"@id\":\"https:\/\/www.metricsview.com\/es\/soluciones.html#breadcrumb\"},\"inLanguage\":\"es\",\"potentialAction\":[{\"@type\":\"ReadAction\",\"target\":[\"https:\/\/www.metricsview.com\/es\/soluciones.html\"]}]},{\"@type\":\"BreadcrumbList\",\"@id\":\"https:\/\/www.metricsview.com\/es\/soluciones.html#breadcrumb\",\"itemListElement\":[{\"@type\":\"ListItem\",\"position\":1,\"name\":\"Home\",\"item\":\"https:\/\/www.metricsview.com\/es\/\"},{\"@type\":\"ListItem\",\"position\":2,\"name\":\"Soluciones\"}]},{\"@type\":\"WebSite\",\"@id\":\"https:\/\/www.metricsview.com\/#website\",\"url\":\"https:\/\/www.metricsview.com\/\",\"name\":\"MetricsView\",\"description\":\"Consulting services to accomplish your Business Intelligence (BI) initiatives.\",\"publisher\":{\"@id\":\"https:\/\/www.metricsview.com\/#organization\"},\"potentialAction\":[{\"@type\":\"SearchAction\",\"target\":{\"@type\":\"EntryPoint\",\"urlTemplate\":\"https:\/\/www.metricsview.com\/?s={search_term_string}\"},\"query-input\":{\"@type\":\"PropertyValueSpecification\",\"valueRequired\":true,\"valueName\":\"search_term_string\"}}],\"inLanguage\":\"es\"},{\"@type\":\"Organization\",\"@id\":\"https:\/\/www.metricsview.com\/#organization\",\"name\":\"Metrics View, Inc.\",\"url\":\"https:\/\/www.metricsview.com\/\",\"logo\":{\"@type\":\"ImageObject\",\"inLanguage\":\"es\",\"@id\":\"https:\/\/www.metricsview.com\/#\/schema\/logo\/image\/\",\"url\":\"https:\/\/www.metricsview.com\/wp-content\/uploads\/2019\/03\/logo.png\",\"contentUrl\":\"https:\/\/www.metricsview.com\/wp-content\/uploads\/2019\/03\/logo.png\",\"width\":200,\"height\":88,\"caption\":\"Metrics View, Inc.\"},\"image\":{\"@id\":\"https:\/\/www.metricsview.com\/#\/schema\/logo\/image\/\"}}]}<\/script>\n<!-- \/ Yoast SEO plugin. -->","yoast_head_json":{"title":"Soluciones, Software y Estrategias de Business Intelligence en Mexico","description":"Metrics View ofrece soluciones de planificaci\u00f3n y presupuesto, inteligencia de negocios y anal\u00edticos, manejo de datos y rapid marts en M\u00e9xico y Am\u00e9rica Latina.","robots":{"index":"index","follow":"follow","max-snippet":"max-snippet:-1","max-image-preview":"max-image-preview:large","max-video-preview":"max-video-preview:-1"},"canonical":"https:\/\/www.metricsview.com\/es\/soluciones.html","og_locale":"es_ES","og_type":"article","og_title":"Soluciones, Software y Estrategias de Business Intelligence en Mexico","og_description":"Metrics View ofrece soluciones de planificaci\u00f3n y presupuesto, inteligencia de negocios y anal\u00edticos, manejo de datos y rapid marts en M\u00e9xico y Am\u00e9rica Latina.","og_url":"https:\/\/www.metricsview.com\/es\/soluciones.html","og_site_name":"MetricsView","article_modified_time":"2019-03-15T21:16:01+00:00","twitter_card":"summary_large_image","twitter_misc":{"Tiempo de lectura":"4 minutos"},"schema":{"@context":"https:\/\/schema.org","@graph":[{"@type":"WebPage","@id":"https:\/\/www.metricsview.com\/es\/soluciones.html","url":"https:\/\/www.metricsview.com\/es\/soluciones.html","name":"Soluciones, Software y Estrategias de Business Intelligence en Mexico","isPartOf":{"@id":"https:\/\/www.metricsview.com\/#website"},"datePublished":"2019-03-12T19:26:45+00:00","dateModified":"2019-03-15T21:16:01+00:00","description":"Metrics View ofrece soluciones de planificaci\u00f3n y presupuesto, inteligencia de negocios y anal\u00edticos, manejo de datos y rapid marts en M\u00e9xico y Am\u00e9rica Latina.","breadcrumb":{"@id":"https:\/\/www.metricsview.com\/es\/soluciones.html#breadcrumb"},"inLanguage":"es","potentialAction":[{"@type":"ReadAction","target":["https:\/\/www.metricsview.com\/es\/soluciones.html"]}]},{"@type":"BreadcrumbList","@id":"https:\/\/www.metricsview.com\/es\/soluciones.html#breadcrumb","itemListElement":[{"@type":"ListItem","position":1,"name":"Home","item":"https:\/\/www.metricsview.com\/es\/"},{"@type":"ListItem","position":2,"name":"Soluciones"}]},{"@type":"WebSite","@id":"https:\/\/www.metricsview.com\/#website","url":"https:\/\/www.metricsview.com\/","name":"MetricsView","description":"Consulting services to accomplish your Business Intelligence (BI) initiatives.","publisher":{"@id":"https:\/\/www.metricsview.com\/#organization"},"potentialAction":[{"@type":"SearchAction","target":{"@type":"EntryPoint","urlTemplate":"https:\/\/www.metricsview.com\/?s={search_term_string}"},"query-input":{"@type":"PropertyValueSpecification","valueRequired":true,"valueName":"search_term_string"}}],"inLanguage":"es"},{"@type":"Organization","@id":"https:\/\/www.metricsview.com\/#organization","name":"Metrics View, Inc.","url":"https:\/\/www.metricsview.com\/","logo":{"@type":"ImageObject","inLanguage":"es","@id":"https:\/\/www.metricsview.com\/#\/schema\/logo\/image\/","url":"https:\/\/www.metricsview.com\/wp-content\/uploads\/2019\/03\/logo.png","contentUrl":"https:\/\/www.metricsview.com\/wp-content\/uploads\/2019\/03\/logo.png","width":200,"height":88,"caption":"Metrics View, Inc."},"image":{"@id":"https:\/\/www.metricsview.com\/#\/schema\/logo\/image\/"}}]}},"_links":{"self":[{"href":"https:\/\/www.metricsview.com\/es\/wp-json\/wp\/v2\/pages\/803","targetHints":{"allow":["GET"]}}],"collection":[{"href":"https:\/\/www.metricsview.com\/es\/wp-json\/wp\/v2\/pages"}],"about":[{"href":"https:\/\/www.metricsview.com\/es\/wp-json\/wp\/v2\/types\/page"}],"author":[{"embeddable":true,"href":"https:\/\/www.metricsview.com\/es\/wp-json\/wp\/v2\/users\/1"}],"replies":[{"embeddable":true,"href":"https:\/\/www.metricsview.com\/es\/wp-json\/wp\/v2\/comments?post=803"}],"version-history":[{"count":4,"href":"https:\/\/www.metricsview.com\/es\/wp-json\/wp\/v2\/pages\/803\/revisions"}],"predecessor-version":[{"id":925,"href":"https:\/\/www.metricsview.com\/es\/wp-json\/wp\/v2\/pages\/803\/revisions\/925"}],"wp:attachment":[{"href":"https:\/\/www.metricsview.com\/es\/wp-json\/wp\/v2\/media?parent=803"}],"curies":[{"name":"wp","href":"https:\/\/api.w.org\/{rel}","templated":true}]}}