{"id":836,"date":"2019-03-14T06:32:15","date_gmt":"2019-03-14T06:32:15","guid":{"rendered":"http:\/\/www.metricsview.com\/?page_id=836"},"modified":"2020-10-05T16:43:36","modified_gmt":"2020-10-05T16:43:36","slug":"planificacion-y-presupuesto","status":"publish","type":"page","link":"https:\/\/www.metricsview.com\/es\/soluciones\/planificacion-y-presupuesto.html","title":{"rendered":"Planificaci\u00f3n y Presupuesto"},"content":{"rendered":"<div class=\"wpb-content-wrapper\">[vc_row full_width=\u00bbstretch_row\u00bb parallax=\u00bbcontent-moving\u00bb parallax_image=\u00bb546&#8243; wpex_bg_overlay=\u00bbdark\u00bb wpex_bg_overlay_opacity=\u00bb0.4&#8243; css=\u00bb.vc_custom_1551921372239{background-color: #333333 !important;}\u00bb min_height=\u00bb435&#8243;][vc_column][\/vc_column][\/vc_row][vc_row][vc_column width=\u00bb1\/2&#8243;]<div class=\"vcex-module vcex-heading wpex-text-2xl wpex-font-normal wpex-m-auto wpex-max-w-100 vcex-heading-plain wpex-block vc_custom_1552628946551\"><span class=\"vcex-heading-inner wpex-inline-block wpex-clr\"><span class=\"vcex-icon-wrap wpex-mr-15\" style=\"color:#81d742;\"><span class=\"ticon ticon-bar-chart\" aria-hidden=\"true\"><\/span><\/span>Planificaci\u00f3n Financiera<\/span><\/div>[vc_column_text]Integre su proceso de planeaci\u00f3n y presupuestaci\u00f3n en una plataforma integral de \u201cPlanificaci\u00f3n Financiera\u201d para lograr un impacto inmediato en sus informes financieros. Nuestra soluci\u00f3n de \u201cPlanificaci\u00f3n Financiera\u201d proporciona res\u00famenes autom\u00e1ticos de su plan de cuentas, estructura organizativa y periodos de tiempo, integra todos los datos de libro mayor en una sola interfaz para ver las p\u00e9rdidas y ganancias, la previsi\u00f3n del balance general y la proyecci\u00f3n de flujo de efectivo, realice an\u00e1lisis de hip\u00f3tesis (what-if) en diferentes escenarios de necesidades de efectivo.<\/p>\n<p>Al hacer proyecciones financieras, puede determinar los objetivos cualitativos y cuantitativos para traducirlos a KPI en todos los niveles de la organizaci\u00f3n.<\/p>\n<p>Tome unos minutos para ver nuestra soluci\u00f3n de \u201cPlanificaci\u00f3n Financiera\u201d en el siguiente video:[\/vc_column_text][vc_tta_accordion style=\u00bbmodern\u00bb shape=\u00bbsquare\u00bb c_icon=\u00bb\u00bb active_section=\u00bb2&#8243; no_fill=\u00bbtrue\u00bb css=\u00bb.vc_custom_1551922655114{margin-top: 30px !important;}\u00bb][vc_tta_section title=\u00bbAbrir Video Panel\u00bb tab_id=\u00bb1551924897272-de535dcb-fdef\u00bb][vc_video link=\u00bbhttps:\/\/youtu.be\/snF11gssjXU\u00bb css=\u00bb.vc_custom_1551924969033{margin-top: 40px !important;}\u00bb][\/vc_tta_section][vc_tta_section title=\u00bbCerrar Panel\u00bb tab_id=\u00bb1551924897346-98828e07-44ec\u00bb][\/vc_tta_section][\/vc_tta_accordion][\/vc_column][vc_column width=\u00bb1\/2&#8243;]<div class=\"vcex-module vcex-heading wpex-text-2xl wpex-font-normal wpex-m-auto wpex-max-w-100 vcex-heading-plain wpex-block vc_custom_1552629054568\"><span class=\"vcex-heading-inner wpex-inline-block wpex-clr\"><span class=\"vcex-icon-wrap wpex-mr-15\" style=\"color:#81d742;\"><span class=\"ticon ticon-plane\" aria-hidden=\"true\"><\/span><\/span>Planificaci\u00f3n de Gastos<\/span><\/div>[vc_column_text]Simplifique y optimice sus previsiones de gastos, planes y an\u00e1lisis con nuestras soluciones de \u201cPlanificaci\u00f3n de Gastos\u201d. Obtenga m\u00e1s precisi\u00f3n en los presupuestos de los departamentos, identifique los ahorros en costos y obtenga una visi\u00f3n general del gasto total de la empresa.<\/p>\n<p>Utilice la planificaci\u00f3n basada en datos provenientes de otros m\u00f3dulos para hacer un plan del gasto, realizar f\u00e1cilmente un an\u00e1lisis hipot\u00e9tico (what-if) en diferentes escenarios de gastos, el manejo centralizado de los supuestos, las f\u00f3rmulas para los c\u00e1lculos de gastos y los res\u00famenes.<\/p>\n<p>Puede ver una breve demostraci\u00f3n de nuestra soluci\u00f3n de \u201cPlanificaci\u00f3n de Gastos\u201d aqu\u00ed:[\/vc_column_text][vc_tta_accordion style=\u00bbmodern\u00bb shape=\u00bbsquare\u00bb c_icon=\u00bb\u00bb active_section=\u00bb2&#8243; no_fill=\u00bbtrue\u00bb css=\u00bb.vc_custom_1551922655114{margin-top: 30px !important;}\u00bb][vc_tta_section title=\u00bbAbrir Video Panel\u00bb tab_id=\u00bb1551924975790-60326db4-f980&#8243;][vc_video link=\u00bbhttps:\/\/youtu.be\/uQZPF_dJ8P4&#8243; css=\u00bb.vc_custom_1551925025065{margin-top: 40px !important;}\u00bb][\/vc_tta_section][vc_tta_section title=\u00bbCerrar Panel\u00bb tab_id=\u00bb1551924975881-261f8a82-0d27&#8243;][\/vc_tta_section][\/vc_tta_accordion][\/vc_column][\/vc_row][vc_row][vc_column width=\u00bb1\/2&#8243;]<div class=\"vcex-module vcex-heading wpex-text-2xl wpex-font-normal wpex-m-auto wpex-max-w-100 vcex-heading-plain wpex-block vc_custom_1552629151552\"><span class=\"vcex-heading-inner wpex-inline-block wpex-clr\"><span class=\"vcex-icon-wrap wpex-mr-15\" style=\"color:#81d742;\"><span class=\"ticon ticon-usd\" aria-hidden=\"true\"><\/span><\/span>Planificaci\u00f3n de Ingresos<\/span><\/div>[vc_column_text]La \u201cPlanificaci\u00f3n de Ingresos\u201d es vital para la mayor\u00eda de las empresas cuando realizan planes presupuestales, pron\u00f3sticos y reportes. Nuestras soluciones de \u201cPlanificaci\u00f3n de Ingresos\u201d integran autom\u00e1ticamente la informaci\u00f3n de ventas, con datos de la demanda proveniente del CRM u otros sistemas para realizar un an\u00e1lisis de hip\u00f3tesis (what-if) basado en diferentes escenarios y consideraciones de ingresos, distribuya los valores a lo largo del tiempo para los pr\u00f3ximos ingresos y vea el impacto en el resultado final de manera inmediata.<\/p>\n<p>Accese a un video de 2 minutos de nuestra soluci\u00f3n de \u201cPlanificaci\u00f3n de Ingresos\u201d aqu\u00ed:[\/vc_column_text][vc_tta_accordion style=\u00bbmodern\u00bb shape=\u00bbsquare\u00bb c_icon=\u00bb\u00bb active_section=\u00bb2&#8243; no_fill=\u00bbtrue\u00bb css=\u00bb.vc_custom_1551922655114{margin-top: 30px !important;}\u00bb][vc_tta_section title=\u00bbAbrir Video Panel\u00bb tab_id=\u00bb1551922516094-f1339a2c-b703&#8243;][vc_video link=\u00bbhttps:\/\/youtu.be\/2VmPBkdMauI\u00bb css=\u00bb.vc_custom_1551406410449{margin-top: 40px !important;}\u00bb][\/vc_tta_section][vc_tta_section title=\u00bbCerrar Panel\u00bb tab_id=\u00bb1551922516175-6d0941ed-2cd6&#8243;][\/vc_tta_section][\/vc_tta_accordion][\/vc_column][vc_column width=\u00bb1\/2&#8243;]<div class=\"vcex-module vcex-heading wpex-text-2xl wpex-font-normal wpex-m-auto wpex-max-w-100 vcex-heading-plain wpex-block vc_custom_1552629247737\"><span class=\"vcex-heading-inner wpex-inline-block wpex-clr\"><span class=\"vcex-icon-wrap wpex-mr-15\" style=\"color:#81d742;\"><span class=\"entypo-icon entypo-icon-users\" aria-hidden=\"true\"><\/span><\/span>Planificaci\u00f3n de la Fuerza Laboral<\/span><\/div>[vc_column_text]Con nuestras soluciones de \u201cPlanificaci\u00f3n de la Fuerza Laboral\u201d, puede integrar todos los datos de su sistema de recursos humanos en una sola interfaz para permitir el f\u00e1cil ingreso de los factores de estos costos y mostrar los resultados generales. Estas capacidades de an\u00e1lisis de hip\u00f3tesis (what-if) permiten a Recursos Humanos definir opciones de fechas de inicio de contrataci\u00f3n, supuestos de incrementos anuales, y otros tipos de incrementos para que se tomen decisiones \u00f3ptimas.<\/p>\n<p>Eche un vistazo r\u00e1pido a nuestra soluci\u00f3n de \u201cPlanificaci\u00f3n de la Fuerza Laboral\u201d en este video:[\/vc_column_text][vc_tta_accordion style=\u00bbmodern\u00bb shape=\u00bbsquare\u00bb c_icon=\u00bb\u00bb active_section=\u00bb2&#8243; no_fill=\u00bbtrue\u00bb css=\u00bb.vc_custom_1551922667312{margin-top: 30px !important;}\u00bb][vc_tta_section title=\u00bbAbrir Video Panel\u00bb tab_id=\u00bb1551409746705-cffaabe8-1d15&#8243;][vc_video link=\u00bbhttps:\/\/youtu.be\/-2Fbe9gdv3o\u00bb][\/vc_tta_section][vc_tta_section title=\u00bbCerrar Panel\u00bb tab_id=\u00bb1551409746754-4d4e50de-1a1c\u00bb][\/vc_tta_section][\/vc_tta_accordion][\/vc_column][\/vc_row][vc_row][vc_column width=\u00bb1\/2&#8243;]<div class=\"vcex-module vcex-heading wpex-text-2xl wpex-font-normal wpex-m-auto wpex-max-w-100 vcex-heading-plain wpex-block vc_custom_1552629357197\"><span class=\"vcex-heading-inner wpex-inline-block wpex-clr\"><span class=\"vcex-icon-wrap wpex-mr-15\" style=\"color:#81d742;\"><span class=\"ticon ticon-folder-open\" aria-hidden=\"true\"><\/span><\/span>Planificaci\u00f3n de Ventas y Operaciones<\/span><\/div>[vc_column_text]Acelere la madurez de su proceso al permitir a los planificadores de la demanda, las finanzas, las ventas y la producci\u00f3n para que colaboren en las funciones del negocio, entiendan el impacto financiero con escenarios hipot\u00e9ticos y ajusten f\u00e1cilmente los modelos de planificaci\u00f3n.<\/p>\n<p>Nuestra soluci\u00f3n de \u201cPlanificaci\u00f3n de Ventas y Operaciones\u201d (S&amp;OP) alinea su oferta y demanda en tiempo real en los niveles generales o detallados y ejecute reglas de negocios transparentes que muestren directamente el impacto total en el estado de p\u00e9rdidas y ganancias P&amp;L. Tenga un proceso controlado para integrar planes en finanzas, ventas y mercadeo. De seguimiento en la participaci\u00f3n de todas las partes involucradas en el proceso de S&amp;OP. Cree su propio proceso de flujo de trabajo y defina los indicadores clave de rendimiento (KPI) para monitorear el progreso en el camino.<\/p>\n<p>Vea un video corto de nuestra soluci\u00f3n de \u201cPlanificaci\u00f3n de Ventas y Operaciones\u201d aqu\u00ed:[\/vc_column_text][vc_tta_accordion style=\u00bbmodern\u00bb shape=\u00bbsquare\u00bb c_icon=\u00bb\u00bb active_section=\u00bb2&#8243; no_fill=\u00bbtrue\u00bb css=\u00bb.vc_custom_1551922626309{margin-top: 30px !important;}\u00bb][vc_tta_section title=\u00bbAbrir Video Panel\u00bb tab_id=\u00bb1551410924114-68d07908-5a13&#8243;][vc_video link=\u00bbhttps:\/\/youtu.be\/Xh8uKGWNtHQ\u00bb][\/vc_tta_section][vc_tta_section title=\u00bbCerrar Panel\u00bb tab_id=\u00bb1551410924159-30542d04-59fb\u00bb][\/vc_tta_section][\/vc_tta_accordion][\/vc_column][vc_column width=\u00bb1\/2&#8243;][\/vc_column][\/vc_row]\n<\/div>","protected":false},"excerpt":{"rendered":"<p>[vc_row full_width=\u00bbstretch_row\u00bb parallax=\u00bbcontent-moving\u00bb parallax_image=\u00bb546&#8243; wpex_bg_overlay=\u00bbdark\u00bb wpex_bg_overlay_opacity=\u00bb0.4&#8243; css=\u00bb.vc_custom_1551921372239{background-color: #333333 !important;}\u00bb min_height=\u00bb435&#8243;][vc_column][\/vc_column][\/vc_row][vc_row][vc_column width=\u00bb1\/2&#8243;][vc_column_text]Integre su proceso de planeaci\u00f3n y presupuestaci\u00f3n en una plataforma integral de \u201cPlanificaci\u00f3n Financiera\u201d para lograr un impacto inmediato en sus informes financieros. Nuestra soluci\u00f3n de \u201cPlanificaci\u00f3n Financiera\u201d proporciona res\u00famenes&hellip;<\/p>\n","protected":false},"author":1,"featured_media":0,"parent":803,"menu_order":0,"comment_status":"closed","ping_status":"closed","template":"templates\/no-sidebar.php","meta":{"footnotes":""},"class_list":["post-836","page","type-page","status-publish","hentry","entry","no-media"],"yoast_head":"<!-- This site is optimized with the Yoast SEO plugin v27.2 - https:\/\/yoast.com\/product\/yoast-seo-wordpress\/ -->\n<title>Software de Planeacion, Presupuestos y Pronosticos, Solucion Kepion CPM<\/title>\n<meta name=\"description\" content=\"Metrics View ofrece la soluci\u00f3n Kepion Corporate Performance Management Software (CPM) basada en la tecnolog\u00eda de Microsoft en Am\u00e9rica Latina, M\u00e9xico y Canad\u00e1.\" \/>\n<meta name=\"robots\" content=\"index, follow, max-snippet:-1, max-image-preview:large, max-video-preview:-1\" \/>\n<link rel=\"canonical\" href=\"https:\/\/www.metricsview.com\/es\/soluciones\/planificacion-y-presupuesto.html\" \/>\n<meta property=\"og:locale\" content=\"es_ES\" \/>\n<meta property=\"og:type\" content=\"article\" \/>\n<meta property=\"og:title\" content=\"Software de Planeacion, Presupuestos y Pronosticos, Solucion Kepion CPM\" \/>\n<meta property=\"og:description\" content=\"Metrics View ofrece la soluci\u00f3n Kepion Corporate Performance Management Software (CPM) basada en la tecnolog\u00eda de Microsoft en Am\u00e9rica Latina, M\u00e9xico y Canad\u00e1.\" \/>\n<meta property=\"og:url\" content=\"https:\/\/www.metricsview.com\/es\/soluciones\/planificacion-y-presupuesto.html\" \/>\n<meta property=\"og:site_name\" content=\"MetricsView\" \/>\n<meta property=\"article:modified_time\" content=\"2020-10-05T16:43:36+00:00\" \/>\n<meta name=\"twitter:card\" content=\"summary_large_image\" \/>\n<meta name=\"twitter:label1\" content=\"Tiempo de lectura\" \/>\n\t<meta name=\"twitter:data1\" content=\"6 minutos\" \/>\n<script type=\"application\/ld+json\" class=\"yoast-schema-graph\">{\"@context\":\"https:\/\/schema.org\",\"@graph\":[{\"@type\":\"WebPage\",\"@id\":\"https:\/\/www.metricsview.com\/es\/soluciones\/planificacion-y-presupuesto.html\",\"url\":\"https:\/\/www.metricsview.com\/es\/soluciones\/planificacion-y-presupuesto.html\",\"name\":\"Software de Planeacion, Presupuestos y Pronosticos, Solucion Kepion CPM\",\"isPartOf\":{\"@id\":\"https:\/\/www.metricsview.com\/#website\"},\"datePublished\":\"2019-03-14T06:32:15+00:00\",\"dateModified\":\"2020-10-05T16:43:36+00:00\",\"description\":\"Metrics View ofrece la soluci\u00f3n Kepion Corporate Performance Management Software (CPM) basada en la tecnolog\u00eda de Microsoft en Am\u00e9rica Latina, M\u00e9xico y Canad\u00e1.\",\"breadcrumb\":{\"@id\":\"https:\/\/www.metricsview.com\/es\/soluciones\/planificacion-y-presupuesto.html#breadcrumb\"},\"inLanguage\":\"es\",\"potentialAction\":[{\"@type\":\"ReadAction\",\"target\":[\"https:\/\/www.metricsview.com\/es\/soluciones\/planificacion-y-presupuesto.html\"]}]},{\"@type\":\"BreadcrumbList\",\"@id\":\"https:\/\/www.metricsview.com\/es\/soluciones\/planificacion-y-presupuesto.html#breadcrumb\",\"itemListElement\":[{\"@type\":\"ListItem\",\"position\":1,\"name\":\"Home\",\"item\":\"https:\/\/www.metricsview.com\/es\/\"},{\"@type\":\"ListItem\",\"position\":2,\"name\":\"Soluciones\",\"item\":\"https:\/\/www.metricsview.com\/es\/soluciones.html\"},{\"@type\":\"ListItem\",\"position\":3,\"name\":\"Planificaci\u00f3n y Presupuesto\"}]},{\"@type\":\"WebSite\",\"@id\":\"https:\/\/www.metricsview.com\/#website\",\"url\":\"https:\/\/www.metricsview.com\/\",\"name\":\"MetricsView\",\"description\":\"Consulting services to accomplish your Business Intelligence (BI) initiatives.\",\"publisher\":{\"@id\":\"https:\/\/www.metricsview.com\/#organization\"},\"potentialAction\":[{\"@type\":\"SearchAction\",\"target\":{\"@type\":\"EntryPoint\",\"urlTemplate\":\"https:\/\/www.metricsview.com\/?s={search_term_string}\"},\"query-input\":{\"@type\":\"PropertyValueSpecification\",\"valueRequired\":true,\"valueName\":\"search_term_string\"}}],\"inLanguage\":\"es\"},{\"@type\":\"Organization\",\"@id\":\"https:\/\/www.metricsview.com\/#organization\",\"name\":\"Metrics View, Inc.\",\"url\":\"https:\/\/www.metricsview.com\/\",\"logo\":{\"@type\":\"ImageObject\",\"inLanguage\":\"es\",\"@id\":\"https:\/\/www.metricsview.com\/#\/schema\/logo\/image\/\",\"url\":\"https:\/\/www.metricsview.com\/wp-content\/uploads\/2019\/03\/logo.png\",\"contentUrl\":\"https:\/\/www.metricsview.com\/wp-content\/uploads\/2019\/03\/logo.png\",\"width\":200,\"height\":88,\"caption\":\"Metrics View, Inc.\"},\"image\":{\"@id\":\"https:\/\/www.metricsview.com\/#\/schema\/logo\/image\/\"}}]}<\/script>\n<!-- \/ Yoast SEO plugin. -->","yoast_head_json":{"title":"Software de Planeacion, Presupuestos y Pronosticos, Solucion Kepion CPM","description":"Metrics View ofrece la soluci\u00f3n Kepion Corporate Performance Management Software (CPM) basada en la tecnolog\u00eda de Microsoft en Am\u00e9rica Latina, M\u00e9xico y Canad\u00e1.","robots":{"index":"index","follow":"follow","max-snippet":"max-snippet:-1","max-image-preview":"max-image-preview:large","max-video-preview":"max-video-preview:-1"},"canonical":"https:\/\/www.metricsview.com\/es\/soluciones\/planificacion-y-presupuesto.html","og_locale":"es_ES","og_type":"article","og_title":"Software de Planeacion, Presupuestos y Pronosticos, Solucion Kepion CPM","og_description":"Metrics View ofrece la soluci\u00f3n Kepion Corporate Performance Management Software (CPM) basada en la tecnolog\u00eda de Microsoft en Am\u00e9rica Latina, M\u00e9xico y Canad\u00e1.","og_url":"https:\/\/www.metricsview.com\/es\/soluciones\/planificacion-y-presupuesto.html","og_site_name":"MetricsView","article_modified_time":"2020-10-05T16:43:36+00:00","twitter_card":"summary_large_image","twitter_misc":{"Tiempo de lectura":"6 minutos"},"schema":{"@context":"https:\/\/schema.org","@graph":[{"@type":"WebPage","@id":"https:\/\/www.metricsview.com\/es\/soluciones\/planificacion-y-presupuesto.html","url":"https:\/\/www.metricsview.com\/es\/soluciones\/planificacion-y-presupuesto.html","name":"Software de Planeacion, Presupuestos y Pronosticos, Solucion Kepion CPM","isPartOf":{"@id":"https:\/\/www.metricsview.com\/#website"},"datePublished":"2019-03-14T06:32:15+00:00","dateModified":"2020-10-05T16:43:36+00:00","description":"Metrics View ofrece la soluci\u00f3n Kepion Corporate Performance Management Software (CPM) basada en la tecnolog\u00eda de Microsoft en Am\u00e9rica Latina, M\u00e9xico y Canad\u00e1.","breadcrumb":{"@id":"https:\/\/www.metricsview.com\/es\/soluciones\/planificacion-y-presupuesto.html#breadcrumb"},"inLanguage":"es","potentialAction":[{"@type":"ReadAction","target":["https:\/\/www.metricsview.com\/es\/soluciones\/planificacion-y-presupuesto.html"]}]},{"@type":"BreadcrumbList","@id":"https:\/\/www.metricsview.com\/es\/soluciones\/planificacion-y-presupuesto.html#breadcrumb","itemListElement":[{"@type":"ListItem","position":1,"name":"Home","item":"https:\/\/www.metricsview.com\/es\/"},{"@type":"ListItem","position":2,"name":"Soluciones","item":"https:\/\/www.metricsview.com\/es\/soluciones.html"},{"@type":"ListItem","position":3,"name":"Planificaci\u00f3n y Presupuesto"}]},{"@type":"WebSite","@id":"https:\/\/www.metricsview.com\/#website","url":"https:\/\/www.metricsview.com\/","name":"MetricsView","description":"Consulting services to accomplish your Business Intelligence (BI) initiatives.","publisher":{"@id":"https:\/\/www.metricsview.com\/#organization"},"potentialAction":[{"@type":"SearchAction","target":{"@type":"EntryPoint","urlTemplate":"https:\/\/www.metricsview.com\/?s={search_term_string}"},"query-input":{"@type":"PropertyValueSpecification","valueRequired":true,"valueName":"search_term_string"}}],"inLanguage":"es"},{"@type":"Organization","@id":"https:\/\/www.metricsview.com\/#organization","name":"Metrics View, Inc.","url":"https:\/\/www.metricsview.com\/","logo":{"@type":"ImageObject","inLanguage":"es","@id":"https:\/\/www.metricsview.com\/#\/schema\/logo\/image\/","url":"https:\/\/www.metricsview.com\/wp-content\/uploads\/2019\/03\/logo.png","contentUrl":"https:\/\/www.metricsview.com\/wp-content\/uploads\/2019\/03\/logo.png","width":200,"height":88,"caption":"Metrics View, Inc."},"image":{"@id":"https:\/\/www.metricsview.com\/#\/schema\/logo\/image\/"}}]}},"_links":{"self":[{"href":"https:\/\/www.metricsview.com\/es\/wp-json\/wp\/v2\/pages\/836","targetHints":{"allow":["GET"]}}],"collection":[{"href":"https:\/\/www.metricsview.com\/es\/wp-json\/wp\/v2\/pages"}],"about":[{"href":"https:\/\/www.metricsview.com\/es\/wp-json\/wp\/v2\/types\/page"}],"author":[{"embeddable":true,"href":"https:\/\/www.metricsview.com\/es\/wp-json\/wp\/v2\/users\/1"}],"replies":[{"embeddable":true,"href":"https:\/\/www.metricsview.com\/es\/wp-json\/wp\/v2\/comments?post=836"}],"version-history":[{"count":4,"href":"https:\/\/www.metricsview.com\/es\/wp-json\/wp\/v2\/pages\/836\/revisions"}],"predecessor-version":[{"id":1035,"href":"https:\/\/www.metricsview.com\/es\/wp-json\/wp\/v2\/pages\/836\/revisions\/1035"}],"up":[{"embeddable":true,"href":"https:\/\/www.metricsview.com\/es\/wp-json\/wp\/v2\/pages\/803"}],"wp:attachment":[{"href":"https:\/\/www.metricsview.com\/es\/wp-json\/wp\/v2\/media?parent=836"}],"curies":[{"name":"wp","href":"https:\/\/api.w.org\/{rel}","templated":true}]}}