{"id":838,"date":"2019-03-14T06:41:05","date_gmt":"2019-03-14T06:41:05","guid":{"rendered":"http:\/\/www.metricsview.com\/?page_id=838"},"modified":"2019-03-15T21:16:58","modified_gmt":"2019-03-15T21:16:58","slug":"inteligencia-de-negocios-analiticos","status":"publish","type":"page","link":"https:\/\/www.metricsview.com\/es\/soluciones\/inteligencia-negocios-analiticos.html","title":{"rendered":"Inteligencia de Negocios &#038; Anal\u00edticos"},"content":{"rendered":"<div class=\"wpb-content-wrapper\">[vc_row full_width=\u00bbstretch_row\u00bb parallax=\u00bbcontent-moving\u00bb parallax_image=\u00bb387&#8243; wpex_bg_overlay=\u00bbcolor\u00bb min_height=\u00bb435&#8243; wpex_bg_overlay_opacity=\u00bb0.4&#8243; css=\u00bb.vc_custom_1551461161583{background-color: #333333 !important;}\u00bb][vc_column][\/vc_column][\/vc_row][vc_row full_width=\u00bbstretch_row\u00bb bg_style=\u00bbstretch\u00bb css=\u00bb.vc_custom_1551925767632{margin-top: 40px !important;padding-top: 40px !important;background-color: #eeeeee !important;}\u00bb][vc_column][vc_column_text color=\u00bb#333333&#8243; font_size=\u00bb24px\u00bb]El valor de Inteligencia de Negocios reside en su capacidad para mejorar la eficiencia de los procesos centrales de la organizaci\u00f3n que a su vez impulsan el rendimiento de la organizaci\u00f3n.[\/vc_column_text][\/vc_column][\/vc_row][vc_row][vc_column]<div class=\"vcex-module vcex-divider vcex-divider-solid wpex-max-w-100 wpex-mx-auto wpex-block wpex-h-0 wpex-border-b wpex-border-solid wpex-border-gray-200\"><\/div>[\/vc_column][\/vc_row][vc_row bg_style=\u00bbstretch\u00bb border_style=\u00bbsolid\u00bb padding_top=\u00bb30px\u00bb][vc_column width=\u00bb1\/4&#8243;]<div class=\"vcex-spacing wpex-w-100 wpex-clear\" style=\"height:20px\"><\/div><div class=\"vcex-module vcex-icon wpex-no-underline wpex-clr vcex-icon-normal wpex-float-none wpex-m-auto wpex-text-center\"><div class=\"vcex-icon-wrap wpex-leading-none wpex-inline-block\" style=\"font-size:100px;color:#ffffff;background-color:#83c132;border-radius:99px;height:160px;line-height:160px;width:160px;\"><span class=\"ticon ticon-bar-chart\"><\/span><\/div><\/div>[\/vc_column][vc_column width=\u00bb3\/4&#8243; style=\u00bbdefault\u00bb bg_style=\u00bbstretch\u00bb padding_left=\u00bb15px\u00bb][vc_column_text]\n<h2>Visualizaci\u00f3n de Datos<\/h2>\n<p>La \u201cVisualizaci\u00f3n de Datos\u201d se ha convertido en el est\u00e1ndar de facto para la inteligencia de negocios moderna (BI). Las herramientas de \u201cVisualizaci\u00f3n de Datos\u201d han sido importantes para democratizar los datos y los an\u00e1lisis, y para que los usuarios de toda la organizaci\u00f3n puedan tomar mejores decisiones basadas en informaci\u00f3n oportuna. Por lo general, las herramientas de \u201cVisualizaci\u00f3n de Datos\u201d son m\u00e1s f\u00e1ciles de operar que el software tradicional de BI para reportes y an\u00e1lisis.<\/p>\n<p>El software de \u201cVisualizaci\u00f3n de Datos\u201d permite al usuario seleccionar la mejor forma de presentar los datos, pero, cada vez m\u00e1s, el software automatiza este paso. Algunas herramientas interpretan autom\u00e1ticamente la forma de los datos y detectan correlaciones entre ciertas variables y luego colocan estos descubrimientos en el tipo de gr\u00e1fico que el software determina m\u00e1s \u00f3ptimo.<\/p>\n<p>En Metrics View, creemos que pr\u00e1cticamente todo el software de BI tiene capacidades s\u00f3lidas de \u201cVisualizaci\u00f3n de Datos\u201d; sin embargo, es m\u00e1s importante tener una estrategia de BI alineada con la estrategia y los objetivos de negocio de la organizaci\u00f3n.<\/p>\n<p>Para saber c\u00f3mo Metrics View puede ayudarlo en este respecto, visite nuestros servicios.[\/vc_column_text][\/vc_column][\/vc_row][vc_row bg_style=\u00bbstretch\u00bb border_style=\u00bbsolid\u00bb padding_top=\u00bb30px\u00bb][vc_column width=\u00bb1\/4&#8243;]<div class=\"vcex-spacing wpex-w-100 wpex-clear\" style=\"height:20px\"><\/div><div class=\"vcex-module vcex-icon wpex-no-underline wpex-clr vcex-icon-normal wpex-float-none wpex-m-auto wpex-text-center\"><div class=\"vcex-icon-wrap wpex-leading-none wpex-inline-block\" style=\"font-size:100px;color:#ffffff;background-color:#83c132;border-radius:99px;height:160px;line-height:160px;width:160px;\"><span class=\"ticon ticon-tachometer\"><\/span><\/div><\/div>[\/vc_column][vc_column width=\u00bb3\/4&#8243; style=\u00bbdefault\u00bb bg_style=\u00bbstretch\u00bb padding_left=\u00bb15px\u00bb][vc_column_text]\n<h2>Tableros de Control y Reportes<\/h2>\n<p>Si sus requerimientos est\u00e1n m\u00e1s orientados a monitorear el rendimiento de la empresa a trav\u00e9s de indicadores clave de desempe\u00f1o e interpretar visualmente los resultados, la implementaci\u00f3n de \u201cTableros de Control\u201d (Dashboards) es la soluci\u00f3n adecuada. Muchos departamentos en las empresas implementan \u201cTableros de Control\u201d para rastrear sus propias iniciativas. Adem\u00e1s, los \u201cTableros de Control\u201d son adecuados para ejecutivos o usuarios de negocios que, debido a sus responsabilidades, no tienen tiempo para crear sus propias visualizaciones o reportes, sino que prefieren dar seguimiento de los KPI de la empresa a trav\u00e9s de \u201cTableros de Control\u201d en pr\u00e1cticamente cualquier tipo de dispositivo.<\/p>\n<p>Por otro lado, una soluci\u00f3n de \u201cReportes\u201d es ideal para la operaci\u00f3n del negocio, en situaciones donde las preguntas est\u00e1n predefinidas y la estructura de la respuesta es conocida de antemano. En este escenario, la mayor\u00eda de los usuarios son consumidores de informaci\u00f3n que desean vistas instant\u00e1neas de la actividad del negocio. Tambi\u00e9n es com\u00fan que los usuarios finales requieran \u201cReportes\u201d interactivos que les permitan hacer consultas iterativas.<\/p>\n<p>Para saber m\u00e1s sobre qu\u00e9 soluci\u00f3n se adapta mejor a sus requisitos comerciales, cont\u00e1ctenos, estaremos encantados de ayudarle.[\/vc_column_text][\/vc_column][\/vc_row][vc_row bg_style=\u00bbstretch\u00bb border_style=\u00bbsolid\u00bb][vc_column width=\u00bb1\/4&#8243;]<div class=\"vcex-spacing wpex-w-100 wpex-clear\" style=\"height:20px\"><\/div><div class=\"vcex-module vcex-icon wpex-no-underline wpex-clr vcex-icon-normal wpex-float-none wpex-m-auto wpex-text-center\"><div class=\"vcex-icon-wrap wpex-leading-none wpex-inline-block\" style=\"font-size:100px;color:#ffffff;background-color:#83c132;border-radius:99px;height:160px;line-height:160px;width:160px;\"><span class=\"ticon ticon-database\"><\/span><\/div><\/div>[\/vc_column][vc_column width=\u00bb3\/4&#8243; style=\u00bbdefault\u00bb bg_style=\u00bbstretch\u00bb padding_left=\u00bb15px\u00bb][vc_column_text]\n<h2>An\u00e1lisis de Datos<\/h2>\n<p>Con la funcionalidad de an\u00e1lisis avanzado, los usuarios pueden ver datos en m\u00faltiples clasificaciones o dimensiones, tambi\u00e9n permite a las empresas definir jerarqu\u00edas y realizar an\u00e1lisis detallados comenzando por regi\u00f3n, luego por estado o provincia, y luego por ciudades espec\u00edficas dentro de cada provincia y regi\u00f3n.<\/p>\n<p>Las implementaciones de \u201cAn\u00e1lisis de Datos\u201d implican m\u00e1s que solo analizar datos, gran parte del trabajo requerido se realiza por adelantado, en la recopilaci\u00f3n, integraci\u00f3n y preparaci\u00f3n de datos y luego desarrollar, probar y revisar modelos anal\u00edticos para garantizar que produzcan resultados precisos. Adem\u00e1s de los cient\u00edficos de datos y otros analistas de datos, los equipos de an\u00e1lisis a menudo incluyen ingenieros de datos, cuyo trabajo es preparar los conjuntos de datos para su an\u00e1lisis. Es posible que los datos de diferentes sistemas fuente deban combinarse mediante rutinas de integraci\u00f3n de datos, transformarse a un formato com\u00fan y cargarse en un sistema \u00fanico de an\u00e1lisis.<\/p>\n<p>En Metrics View, contamos con una amplia experiencia en la implementaci\u00f3n de este tipo de proyectos, visite nuestras soluciones de Manejo de Datos o cont\u00e1ctenos para analizar sus requerimientos de negocio y dejarle saber c\u00f3mo podemos ayudarlo.[\/vc_column_text][\/vc_column][\/vc_row]\n<\/div>","protected":false},"excerpt":{"rendered":"<p>[vc_row full_width=\u00bbstretch_row\u00bb parallax=\u00bbcontent-moving\u00bb parallax_image=\u00bb387&#8243; wpex_bg_overlay=\u00bbcolor\u00bb min_height=\u00bb435&#8243; wpex_bg_overlay_opacity=\u00bb0.4&#8243; css=\u00bb.vc_custom_1551461161583{background-color: #333333 !important;}\u00bb][vc_column][\/vc_column][\/vc_row][vc_row full_width=\u00bbstretch_row\u00bb bg_style=\u00bbstretch\u00bb css=\u00bb.vc_custom_1551925767632{margin-top: 40px !important;padding-top: 40px !important;background-color: #eeeeee !important;}\u00bb][vc_column][vc_column_text color=\u00bb#333333&#8243; font_size=\u00bb24px\u00bb]El valor de Inteligencia de Negocios reside en su capacidad para mejorar la eficiencia de los procesos centrales de la&hellip;<\/p>\n","protected":false},"author":1,"featured_media":0,"parent":803,"menu_order":0,"comment_status":"closed","ping_status":"closed","template":"","meta":{"footnotes":""},"class_list":["post-838","page","type-page","status-publish","hentry","entry","no-media"],"yoast_head":"<!-- This site is optimized with the Yoast SEO plugin v27.2 - https:\/\/yoast.com\/product\/yoast-seo-wordpress\/ -->\n<title>Inteligencia de Negocios &amp; Anal\u00edticos - MetricsView<\/title>\n<meta name=\"robots\" content=\"index, follow, max-snippet:-1, max-image-preview:large, max-video-preview:-1\" \/>\n<link rel=\"canonical\" href=\"https:\/\/www.metricsview.com\/es\/soluciones\/inteligencia-negocios-analiticos.html\" \/>\n<meta property=\"og:locale\" content=\"es_ES\" \/>\n<meta property=\"og:type\" content=\"article\" \/>\n<meta property=\"og:title\" content=\"Inteligencia de Negocios &amp; Anal\u00edticos - MetricsView\" \/>\n<meta property=\"og:description\" content=\"[vc_row full_width=\u00bbstretch_row\u00bb parallax=\u00bbcontent-moving\u00bb parallax_image=\u00bb387&#8243; wpex_bg_overlay=\u00bbcolor\u00bb min_height=\u00bb435&#8243; wpex_bg_overlay_opacity=\u00bb0.4&#8243; css=\u00bb.vc_custom_1551461161583{background-color: #333333 !important;}\u00bb][vc_column][\/vc_column][\/vc_row][vc_row full_width=\u00bbstretch_row\u00bb bg_style=\u00bbstretch\u00bb css=\u00bb.vc_custom_1551925767632{margin-top: 40px !important;padding-top: 40px !important;background-color: #eeeeee !important;}\u00bb][vc_column][vc_column_text color=\u00bb#333333&#8243; font_size=\u00bb24px\u00bb]El valor de Inteligencia de Negocios reside en su capacidad para mejorar la eficiencia de los procesos centrales de la&hellip;\" \/>\n<meta property=\"og:url\" content=\"https:\/\/www.metricsview.com\/es\/soluciones\/inteligencia-negocios-analiticos.html\" \/>\n<meta property=\"og:site_name\" content=\"MetricsView\" \/>\n<meta property=\"article:modified_time\" content=\"2019-03-15T21:16:58+00:00\" \/>\n<meta name=\"twitter:card\" content=\"summary_large_image\" \/>\n<meta name=\"twitter:label1\" content=\"Tiempo de lectura\" \/>\n\t<meta name=\"twitter:data1\" content=\"5 minutos\" \/>\n<script type=\"application\/ld+json\" class=\"yoast-schema-graph\">{\"@context\":\"https:\/\/schema.org\",\"@graph\":[{\"@type\":\"WebPage\",\"@id\":\"https:\/\/www.metricsview.com\/es\/soluciones\/inteligencia-negocios-analiticos.html\",\"url\":\"https:\/\/www.metricsview.com\/es\/soluciones\/inteligencia-negocios-analiticos.html\",\"name\":\"Inteligencia de Negocios & Anal\u00edticos - MetricsView\",\"isPartOf\":{\"@id\":\"https:\/\/www.metricsview.com\/#website\"},\"datePublished\":\"2019-03-14T06:41:05+00:00\",\"dateModified\":\"2019-03-15T21:16:58+00:00\",\"breadcrumb\":{\"@id\":\"https:\/\/www.metricsview.com\/es\/soluciones\/inteligencia-negocios-analiticos.html#breadcrumb\"},\"inLanguage\":\"es\",\"potentialAction\":[{\"@type\":\"ReadAction\",\"target\":[\"https:\/\/www.metricsview.com\/es\/soluciones\/inteligencia-negocios-analiticos.html\"]}]},{\"@type\":\"BreadcrumbList\",\"@id\":\"https:\/\/www.metricsview.com\/es\/soluciones\/inteligencia-negocios-analiticos.html#breadcrumb\",\"itemListElement\":[{\"@type\":\"ListItem\",\"position\":1,\"name\":\"Home\",\"item\":\"https:\/\/www.metricsview.com\/es\/\"},{\"@type\":\"ListItem\",\"position\":2,\"name\":\"Soluciones\",\"item\":\"https:\/\/www.metricsview.com\/es\/soluciones.html\"},{\"@type\":\"ListItem\",\"position\":3,\"name\":\"Inteligencia de Negocios &#038; Anal\u00edticos\"}]},{\"@type\":\"WebSite\",\"@id\":\"https:\/\/www.metricsview.com\/#website\",\"url\":\"https:\/\/www.metricsview.com\/\",\"name\":\"MetricsView\",\"description\":\"Consulting services to accomplish your Business Intelligence (BI) initiatives.\",\"publisher\":{\"@id\":\"https:\/\/www.metricsview.com\/#organization\"},\"potentialAction\":[{\"@type\":\"SearchAction\",\"target\":{\"@type\":\"EntryPoint\",\"urlTemplate\":\"https:\/\/www.metricsview.com\/?s={search_term_string}\"},\"query-input\":{\"@type\":\"PropertyValueSpecification\",\"valueRequired\":true,\"valueName\":\"search_term_string\"}}],\"inLanguage\":\"es\"},{\"@type\":\"Organization\",\"@id\":\"https:\/\/www.metricsview.com\/#organization\",\"name\":\"Metrics View, Inc.\",\"url\":\"https:\/\/www.metricsview.com\/\",\"logo\":{\"@type\":\"ImageObject\",\"inLanguage\":\"es\",\"@id\":\"https:\/\/www.metricsview.com\/#\/schema\/logo\/image\/\",\"url\":\"https:\/\/www.metricsview.com\/wp-content\/uploads\/2019\/03\/logo.png\",\"contentUrl\":\"https:\/\/www.metricsview.com\/wp-content\/uploads\/2019\/03\/logo.png\",\"width\":200,\"height\":88,\"caption\":\"Metrics View, Inc.\"},\"image\":{\"@id\":\"https:\/\/www.metricsview.com\/#\/schema\/logo\/image\/\"}}]}<\/script>\n<!-- \/ Yoast SEO plugin. -->","yoast_head_json":{"title":"Inteligencia de Negocios & Anal\u00edticos - MetricsView","robots":{"index":"index","follow":"follow","max-snippet":"max-snippet:-1","max-image-preview":"max-image-preview:large","max-video-preview":"max-video-preview:-1"},"canonical":"https:\/\/www.metricsview.com\/es\/soluciones\/inteligencia-negocios-analiticos.html","og_locale":"es_ES","og_type":"article","og_title":"Inteligencia de Negocios & Anal\u00edticos - MetricsView","og_description":"[vc_row full_width=\u00bbstretch_row\u00bb parallax=\u00bbcontent-moving\u00bb parallax_image=\u00bb387&#8243; wpex_bg_overlay=\u00bbcolor\u00bb min_height=\u00bb435&#8243; wpex_bg_overlay_opacity=\u00bb0.4&#8243; css=\u00bb.vc_custom_1551461161583{background-color: #333333 !important;}\u00bb][vc_column][\/vc_column][\/vc_row][vc_row full_width=\u00bbstretch_row\u00bb bg_style=\u00bbstretch\u00bb css=\u00bb.vc_custom_1551925767632{margin-top: 40px !important;padding-top: 40px !important;background-color: #eeeeee !important;}\u00bb][vc_column][vc_column_text color=\u00bb#333333&#8243; font_size=\u00bb24px\u00bb]El valor de Inteligencia de Negocios reside en su capacidad para mejorar la eficiencia de los procesos centrales de la&hellip;","og_url":"https:\/\/www.metricsview.com\/es\/soluciones\/inteligencia-negocios-analiticos.html","og_site_name":"MetricsView","article_modified_time":"2019-03-15T21:16:58+00:00","twitter_card":"summary_large_image","twitter_misc":{"Tiempo de lectura":"5 minutos"},"schema":{"@context":"https:\/\/schema.org","@graph":[{"@type":"WebPage","@id":"https:\/\/www.metricsview.com\/es\/soluciones\/inteligencia-negocios-analiticos.html","url":"https:\/\/www.metricsview.com\/es\/soluciones\/inteligencia-negocios-analiticos.html","name":"Inteligencia de Negocios & Anal\u00edticos - MetricsView","isPartOf":{"@id":"https:\/\/www.metricsview.com\/#website"},"datePublished":"2019-03-14T06:41:05+00:00","dateModified":"2019-03-15T21:16:58+00:00","breadcrumb":{"@id":"https:\/\/www.metricsview.com\/es\/soluciones\/inteligencia-negocios-analiticos.html#breadcrumb"},"inLanguage":"es","potentialAction":[{"@type":"ReadAction","target":["https:\/\/www.metricsview.com\/es\/soluciones\/inteligencia-negocios-analiticos.html"]}]},{"@type":"BreadcrumbList","@id":"https:\/\/www.metricsview.com\/es\/soluciones\/inteligencia-negocios-analiticos.html#breadcrumb","itemListElement":[{"@type":"ListItem","position":1,"name":"Home","item":"https:\/\/www.metricsview.com\/es\/"},{"@type":"ListItem","position":2,"name":"Soluciones","item":"https:\/\/www.metricsview.com\/es\/soluciones.html"},{"@type":"ListItem","position":3,"name":"Inteligencia de Negocios &#038; Anal\u00edticos"}]},{"@type":"WebSite","@id":"https:\/\/www.metricsview.com\/#website","url":"https:\/\/www.metricsview.com\/","name":"MetricsView","description":"Consulting services to accomplish your Business Intelligence (BI) initiatives.","publisher":{"@id":"https:\/\/www.metricsview.com\/#organization"},"potentialAction":[{"@type":"SearchAction","target":{"@type":"EntryPoint","urlTemplate":"https:\/\/www.metricsview.com\/?s={search_term_string}"},"query-input":{"@type":"PropertyValueSpecification","valueRequired":true,"valueName":"search_term_string"}}],"inLanguage":"es"},{"@type":"Organization","@id":"https:\/\/www.metricsview.com\/#organization","name":"Metrics View, Inc.","url":"https:\/\/www.metricsview.com\/","logo":{"@type":"ImageObject","inLanguage":"es","@id":"https:\/\/www.metricsview.com\/#\/schema\/logo\/image\/","url":"https:\/\/www.metricsview.com\/wp-content\/uploads\/2019\/03\/logo.png","contentUrl":"https:\/\/www.metricsview.com\/wp-content\/uploads\/2019\/03\/logo.png","width":200,"height":88,"caption":"Metrics View, Inc."},"image":{"@id":"https:\/\/www.metricsview.com\/#\/schema\/logo\/image\/"}}]}},"_links":{"self":[{"href":"https:\/\/www.metricsview.com\/es\/wp-json\/wp\/v2\/pages\/838","targetHints":{"allow":["GET"]}}],"collection":[{"href":"https:\/\/www.metricsview.com\/es\/wp-json\/wp\/v2\/pages"}],"about":[{"href":"https:\/\/www.metricsview.com\/es\/wp-json\/wp\/v2\/types\/page"}],"author":[{"embeddable":true,"href":"https:\/\/www.metricsview.com\/es\/wp-json\/wp\/v2\/users\/1"}],"replies":[{"embeddable":true,"href":"https:\/\/www.metricsview.com\/es\/wp-json\/wp\/v2\/comments?post=838"}],"version-history":[{"count":3,"href":"https:\/\/www.metricsview.com\/es\/wp-json\/wp\/v2\/pages\/838\/revisions"}],"predecessor-version":[{"id":929,"href":"https:\/\/www.metricsview.com\/es\/wp-json\/wp\/v2\/pages\/838\/revisions\/929"}],"up":[{"embeddable":true,"href":"https:\/\/www.metricsview.com\/es\/wp-json\/wp\/v2\/pages\/803"}],"wp:attachment":[{"href":"https:\/\/www.metricsview.com\/es\/wp-json\/wp\/v2\/media?parent=838"}],"curies":[{"name":"wp","href":"https:\/\/api.w.org\/{rel}","templated":true}]}}