{"id":840,"date":"2019-03-14T06:47:28","date_gmt":"2019-03-14T06:47:28","guid":{"rendered":"http:\/\/www.metricsview.com\/?page_id=840"},"modified":"2019-03-15T21:21:42","modified_gmt":"2019-03-15T21:21:42","slug":"manejo-de-datos","status":"publish","type":"page","link":"https:\/\/www.metricsview.com\/es\/soluciones\/manejo-de-datos.html","title":{"rendered":"Manejo de Datos"},"content":{"rendered":"<div class=\"wpb-content-wrapper\">[vc_row full_width=\u00bbstretch_row\u00bb parallax=\u00bbcontent-moving\u00bb parallax_image=\u00bb373&#8243; wpex_bg_overlay=\u00bbdark\u00bb min_height=\u00bb435&#8243; wpex_bg_overlay_opacity=\u00bb0.4&#8243; css=\u00bb.vc_custom_1551458112891{background-color: #333333 !important;}\u00bb][vc_column][\/vc_column][\/vc_row][vc_row column_spacing=\u00bb60&#8243; gap=\u00bb30&#8243; css=\u00bb.vc_custom_1551926918119{margin-top: 20px !important;}\u00bb][vc_column width=\u00bb1\/2&#8243;]<div class=\"vcex-module vcex-heading wpex-text-2xl wpex-font-normal wpex-m-auto wpex-max-w-100 vcex-heading-plain wpex-block vc_custom_1552630171659\"><span class=\"vcex-heading-inner wpex-inline-block wpex-clr\">Almacenes de Datos (DW)<\/span><\/div>[vc_column_text]Hoy en d\u00eda, las organizaciones a\u00fan dependen de las plataformas de \u201cAlmacenes de Datos\u201d (DW por sus siglas en ingles) para proporcionar inteligencia \u00fatil, oportuna y confiable, ya que la tecnolog\u00eda de DW organiza y agrega datos anal\u00edticos de varios departamentos funcionales y sirve como un dep\u00f3sito cr\u00edtico para las operaciones de las empresas.<\/p>\n<p>Los \u201cAlmacenes de Datos\u201d (DW) son un ecosistema robusto, seguro y probado que admite la integraci\u00f3n de modelos de datos y marcos de seguridad, permite el an\u00e1lisis en tiempo real, automatizaci\u00f3n a trav\u00e9s de una amplia gama de herramientas de visualizaci\u00f3n e Inteligencia de Negocios (BI). Es la base de BI para proveer reportes oportunos, consultas ad hoc y tableros de control, y para suministrar otras aplicaciones de an\u00e1lisis con datos confiables e integrados.<\/p>\n<p>Definitivamente podemos ayudarlo con sus iniciativas de tecnolog\u00eda de \u201cAlmacenes de Datos\u201d DW, no dude en ponerse en contacto con nosotros o visite nuestra p\u00e1gina de soluciones de Rapid Marts.[\/vc_column_text][vc_single_image image=\u00bb362&#8243; css=\u00bb.vc_custom_1551907367663{margin-top: 30px !important;}\u00bb img_hover=\u00bbfade-in\u00bb][\/vc_column][vc_column width=\u00bb1\/2&#8243;]<div class=\"vcex-module vcex-heading wpex-text-2xl wpex-font-normal wpex-m-auto wpex-max-w-100 vcex-heading-plain wpex-block vc_custom_1552630223219\"><span class=\"vcex-heading-inner wpex-inline-block wpex-clr\">Calidad de Datos (DQ)<\/span><\/div>[vc_column_text]Los datos de baja calidad a menudo se consideran la fuente de reportes inexactos y estrategias mal concebidas en las compa\u00f1\u00edas. El primer paso para corregir la \u201cCalidad de Datos\u201d (DQ por sus siglas en ingl\u00e9s) requiere identificar todos la data con problemas. El software de Data Profiling puede usarse para realizar una evaluaci\u00f3n y verificar si las fuentes son precisas, determinar cu\u00e1nta data contiene ciertos problemas y el impacto potencial para el negocio.<\/p>\n<p>Partiendo de aqu\u00ed, las empresas pueden implementar un programa de \u201cCalidad de Datos\u201d (DQ), con la ayuda de administradores de datos, funcionarios de protecci\u00f3n de datos, otros profesionales en el manejo de datos y con herramientas de software especializadas para la gesti\u00f3n de la coincidencia de los datos, la eliminaci\u00f3n de duplicados, el establecimiento de pol\u00edticas de remediaci\u00f3n y la identificaci\u00f3n de datos personales comunes.<\/p>\n<p>El equipo de consultor\u00eda de Metrics View tiene mucha experiencia con los proyectos de implementaci\u00f3n de \u201cCalidad de Datos\u201d DQ, p\u00f3ngase en contacto con nosotros para discutir sus inquietudes.[\/vc_column_text][vc_single_image image=\u00bb523&#8243; css=\u00bb.vc_custom_1551907569454{margin-top: 30px !important;}\u00bb img_hover=\u00bbfade-in\u00bb][\/vc_column][\/vc_row][vc_row column_spacing=\u00bb60&#8243; gap=\u00bb30&#8243; css=\u00bb.vc_custom_1551926792927{margin-top: 20px !important;}\u00bb][vc_column width=\u00bb1\/2&#8243;]<div class=\"vcex-module vcex-heading wpex-text-2xl wpex-font-normal wpex-m-auto wpex-max-w-100 vcex-heading-plain wpex-block vc_custom_1552630284083\"><span class=\"vcex-heading-inner wpex-inline-block wpex-clr\">Manejo de Data Maestra (MDM)<\/span><\/div>[vc_column_text]El Manejo de Data Maestra (MDM por sus siglas en ingl\u00e9s) es un m\u00e9todo integral que permite a una empresa vincular todos sus datos cr\u00edticos a un punto de referencia com\u00fan. Al proporcionar un punto de referencia para informaci\u00f3n cr\u00edtica, MDM elimina costosas redundancias que se producen cuando las organizaciones se basan en m\u00faltiples fuentes de informaci\u00f3n muchas veces con conflictos.<\/p>\n<p>Por ejemplo, MDM puede asegurarse que cuando cambie la informaci\u00f3n de contacto del cliente, la organizaci\u00f3n no intentar\u00e1 realizar actividades de ventas o mercadotecnia utilizando tanto la informaci\u00f3n antigua como la nueva. Tener m\u00faltiples fuentes de informaci\u00f3n es un problema generalizado y los costos asociados pueden ser muy altos.<\/p>\n<p>Si desea conocer m\u00e1s detalles sobre nuestras soluciones de \u201cManejo de Data Maestra\u201d MDM, o si desean tener una conversaci\u00f3n con uno de nuestros especialistas, p\u00f3ngase en contacto con nosotros lo antes posible.[\/vc_column_text][vc_single_image image=\u00bb368&#8243; css=\u00bb.vc_custom_1551907406344{margin-top: 30px !important;}\u00bb img_hover=\u00bbfade-in\u00bb][\/vc_column][vc_column width=\u00bb1\/2&#8243;]<div class=\"vcex-module vcex-heading wpex-text-2xl wpex-font-normal wpex-m-auto wpex-max-w-100 vcex-heading-plain wpex-block vc_custom_1552630364627\"><span class=\"vcex-heading-inner wpex-inline-block wpex-clr\">Gobernabilidad de Datos (DG)<\/span><\/div>[vc_column_text]La \u201cGobernabilidad de Datos\u201d (DG por sus siglas en ingl\u00e9s) es un sistema de derechos de decisi\u00f3n y responsabilidades para los procesos relacionados con la informaci\u00f3n empresarial, que se ejecuta de acuerdo con los modelos acordados que determinan qui\u00e9n puede tomar qu\u00e9 acciones, con qu\u00e9 informaci\u00f3n, cu\u00e1ndo y en qu\u00e9 circunstancias.<\/p>\n<p>La \u201cGobernabilidad de Datos\u201d (DG) es un conjunto de procesos que garantiza que los datos, que es un activo clave en las empresas, se gestionen formalmente en toda la organizaci\u00f3n para que sean confiables y se pueda responsabilizar a las personas por cualquier evento adverso que ocurra debido a datos incorrectos. La \u201cGobernabilidad de Datos\u201d (DG) es esencialmente una disciplina de control de calidad cuyo objetivo principal es mejorar y mantener la calidad de la data.<\/p>\n<p>Si est\u00e1 interesado en conocer m\u00e1s detalles sobre el enfoque de \u201cGobernabilidad de Datos\u201d (DG) de Metrics View, env\u00edenos un mensaje.[\/vc_column_text][vc_single_image image=\u00bb364&#8243; css=\u00bb.vc_custom_1551907394656{margin-top: 30px !important;}\u00bb img_hover=\u00bbfade-in\u00bb][\/vc_column][\/vc_row]\n<\/div>","protected":false},"excerpt":{"rendered":"<p>[vc_row full_width=\u00bbstretch_row\u00bb parallax=\u00bbcontent-moving\u00bb parallax_image=\u00bb373&#8243; wpex_bg_overlay=\u00bbdark\u00bb min_height=\u00bb435&#8243; wpex_bg_overlay_opacity=\u00bb0.4&#8243; css=\u00bb.vc_custom_1551458112891{background-color: #333333 !important;}\u00bb][vc_column][\/vc_column][\/vc_row][vc_row column_spacing=\u00bb60&#8243; gap=\u00bb30&#8243; css=\u00bb.vc_custom_1551926918119{margin-top: 20px !important;}\u00bb][vc_column width=\u00bb1\/2&#8243;][vc_column_text]Hoy en d\u00eda, las organizaciones a\u00fan dependen de las plataformas de \u201cAlmacenes de Datos\u201d (DW por sus siglas en ingles) para proporcionar inteligencia \u00fatil, oportuna&hellip;<\/p>\n","protected":false},"author":1,"featured_media":0,"parent":803,"menu_order":0,"comment_status":"closed","ping_status":"closed","template":"","meta":{"footnotes":""},"class_list":["post-840","page","type-page","status-publish","hentry","entry","no-media"],"yoast_head":"<!-- This site is optimized with the Yoast SEO plugin v27.2 - https:\/\/yoast.com\/product\/yoast-seo-wordpress\/ -->\n<title>Software para Manejo de Datos y Aplicaciones para Analisis en Mexico<\/title>\n<meta name=\"description\" content=\"Metrics View ofrece soluciones de Data Warehousing, Data Quality, Master Data Management y Data Governance en Latinoam\u00e9rica, M\u00e9xico y Canad\u00e1.\" \/>\n<meta name=\"robots\" content=\"index, follow, max-snippet:-1, max-image-preview:large, max-video-preview:-1\" \/>\n<link rel=\"canonical\" href=\"https:\/\/www.metricsview.com\/es\/soluciones\/manejo-de-datos.html\" \/>\n<meta property=\"og:locale\" content=\"es_ES\" \/>\n<meta property=\"og:type\" content=\"article\" \/>\n<meta property=\"og:title\" content=\"Software para Manejo de Datos y Aplicaciones para Analisis en Mexico\" \/>\n<meta property=\"og:description\" content=\"Metrics View ofrece soluciones de Data Warehousing, Data Quality, Master Data Management y Data Governance en Latinoam\u00e9rica, M\u00e9xico y Canad\u00e1.\" \/>\n<meta property=\"og:url\" content=\"https:\/\/www.metricsview.com\/es\/soluciones\/manejo-de-datos.html\" \/>\n<meta property=\"og:site_name\" content=\"MetricsView\" \/>\n<meta property=\"article:modified_time\" content=\"2019-03-15T21:21:42+00:00\" \/>\n<meta name=\"twitter:card\" content=\"summary_large_image\" \/>\n<meta name=\"twitter:label1\" content=\"Tiempo de lectura\" \/>\n\t<meta name=\"twitter:data1\" content=\"4 minutos\" \/>\n<script type=\"application\/ld+json\" class=\"yoast-schema-graph\">{\"@context\":\"https:\/\/schema.org\",\"@graph\":[{\"@type\":\"WebPage\",\"@id\":\"https:\/\/www.metricsview.com\/es\/soluciones\/manejo-de-datos.html\",\"url\":\"https:\/\/www.metricsview.com\/es\/soluciones\/manejo-de-datos.html\",\"name\":\"Software para Manejo de Datos y Aplicaciones para Analisis en Mexico\",\"isPartOf\":{\"@id\":\"https:\/\/www.metricsview.com\/#website\"},\"datePublished\":\"2019-03-14T06:47:28+00:00\",\"dateModified\":\"2019-03-15T21:21:42+00:00\",\"description\":\"Metrics View ofrece soluciones de Data Warehousing, Data Quality, Master Data Management y Data Governance en Latinoam\u00e9rica, M\u00e9xico y Canad\u00e1.\",\"breadcrumb\":{\"@id\":\"https:\/\/www.metricsview.com\/es\/soluciones\/manejo-de-datos.html#breadcrumb\"},\"inLanguage\":\"es\",\"potentialAction\":[{\"@type\":\"ReadAction\",\"target\":[\"https:\/\/www.metricsview.com\/es\/soluciones\/manejo-de-datos.html\"]}]},{\"@type\":\"BreadcrumbList\",\"@id\":\"https:\/\/www.metricsview.com\/es\/soluciones\/manejo-de-datos.html#breadcrumb\",\"itemListElement\":[{\"@type\":\"ListItem\",\"position\":1,\"name\":\"Home\",\"item\":\"https:\/\/www.metricsview.com\/es\/\"},{\"@type\":\"ListItem\",\"position\":2,\"name\":\"Soluciones\",\"item\":\"https:\/\/www.metricsview.com\/es\/soluciones.html\"},{\"@type\":\"ListItem\",\"position\":3,\"name\":\"Manejo de Datos\"}]},{\"@type\":\"WebSite\",\"@id\":\"https:\/\/www.metricsview.com\/#website\",\"url\":\"https:\/\/www.metricsview.com\/\",\"name\":\"MetricsView\",\"description\":\"Consulting services to accomplish your Business Intelligence (BI) initiatives.\",\"publisher\":{\"@id\":\"https:\/\/www.metricsview.com\/#organization\"},\"potentialAction\":[{\"@type\":\"SearchAction\",\"target\":{\"@type\":\"EntryPoint\",\"urlTemplate\":\"https:\/\/www.metricsview.com\/?s={search_term_string}\"},\"query-input\":{\"@type\":\"PropertyValueSpecification\",\"valueRequired\":true,\"valueName\":\"search_term_string\"}}],\"inLanguage\":\"es\"},{\"@type\":\"Organization\",\"@id\":\"https:\/\/www.metricsview.com\/#organization\",\"name\":\"Metrics View, Inc.\",\"url\":\"https:\/\/www.metricsview.com\/\",\"logo\":{\"@type\":\"ImageObject\",\"inLanguage\":\"es\",\"@id\":\"https:\/\/www.metricsview.com\/#\/schema\/logo\/image\/\",\"url\":\"https:\/\/www.metricsview.com\/wp-content\/uploads\/2019\/03\/logo.png\",\"contentUrl\":\"https:\/\/www.metricsview.com\/wp-content\/uploads\/2019\/03\/logo.png\",\"width\":200,\"height\":88,\"caption\":\"Metrics View, Inc.\"},\"image\":{\"@id\":\"https:\/\/www.metricsview.com\/#\/schema\/logo\/image\/\"}}]}<\/script>\n<!-- \/ Yoast SEO plugin. -->","yoast_head_json":{"title":"Software para Manejo de Datos y Aplicaciones para Analisis en Mexico","description":"Metrics View ofrece soluciones de Data Warehousing, Data Quality, Master Data Management y Data Governance en Latinoam\u00e9rica, M\u00e9xico y Canad\u00e1.","robots":{"index":"index","follow":"follow","max-snippet":"max-snippet:-1","max-image-preview":"max-image-preview:large","max-video-preview":"max-video-preview:-1"},"canonical":"https:\/\/www.metricsview.com\/es\/soluciones\/manejo-de-datos.html","og_locale":"es_ES","og_type":"article","og_title":"Software para Manejo de Datos y Aplicaciones para Analisis en Mexico","og_description":"Metrics View ofrece soluciones de Data Warehousing, Data Quality, Master Data Management y Data Governance en Latinoam\u00e9rica, M\u00e9xico y Canad\u00e1.","og_url":"https:\/\/www.metricsview.com\/es\/soluciones\/manejo-de-datos.html","og_site_name":"MetricsView","article_modified_time":"2019-03-15T21:21:42+00:00","twitter_card":"summary_large_image","twitter_misc":{"Tiempo de lectura":"4 minutos"},"schema":{"@context":"https:\/\/schema.org","@graph":[{"@type":"WebPage","@id":"https:\/\/www.metricsview.com\/es\/soluciones\/manejo-de-datos.html","url":"https:\/\/www.metricsview.com\/es\/soluciones\/manejo-de-datos.html","name":"Software para Manejo de Datos y Aplicaciones para Analisis en Mexico","isPartOf":{"@id":"https:\/\/www.metricsview.com\/#website"},"datePublished":"2019-03-14T06:47:28+00:00","dateModified":"2019-03-15T21:21:42+00:00","description":"Metrics View ofrece soluciones de Data Warehousing, Data Quality, Master Data Management y Data Governance en Latinoam\u00e9rica, M\u00e9xico y Canad\u00e1.","breadcrumb":{"@id":"https:\/\/www.metricsview.com\/es\/soluciones\/manejo-de-datos.html#breadcrumb"},"inLanguage":"es","potentialAction":[{"@type":"ReadAction","target":["https:\/\/www.metricsview.com\/es\/soluciones\/manejo-de-datos.html"]}]},{"@type":"BreadcrumbList","@id":"https:\/\/www.metricsview.com\/es\/soluciones\/manejo-de-datos.html#breadcrumb","itemListElement":[{"@type":"ListItem","position":1,"name":"Home","item":"https:\/\/www.metricsview.com\/es\/"},{"@type":"ListItem","position":2,"name":"Soluciones","item":"https:\/\/www.metricsview.com\/es\/soluciones.html"},{"@type":"ListItem","position":3,"name":"Manejo de Datos"}]},{"@type":"WebSite","@id":"https:\/\/www.metricsview.com\/#website","url":"https:\/\/www.metricsview.com\/","name":"MetricsView","description":"Consulting services to accomplish your Business Intelligence (BI) initiatives.","publisher":{"@id":"https:\/\/www.metricsview.com\/#organization"},"potentialAction":[{"@type":"SearchAction","target":{"@type":"EntryPoint","urlTemplate":"https:\/\/www.metricsview.com\/?s={search_term_string}"},"query-input":{"@type":"PropertyValueSpecification","valueRequired":true,"valueName":"search_term_string"}}],"inLanguage":"es"},{"@type":"Organization","@id":"https:\/\/www.metricsview.com\/#organization","name":"Metrics View, Inc.","url":"https:\/\/www.metricsview.com\/","logo":{"@type":"ImageObject","inLanguage":"es","@id":"https:\/\/www.metricsview.com\/#\/schema\/logo\/image\/","url":"https:\/\/www.metricsview.com\/wp-content\/uploads\/2019\/03\/logo.png","contentUrl":"https:\/\/www.metricsview.com\/wp-content\/uploads\/2019\/03\/logo.png","width":200,"height":88,"caption":"Metrics View, Inc."},"image":{"@id":"https:\/\/www.metricsview.com\/#\/schema\/logo\/image\/"}}]}},"_links":{"self":[{"href":"https:\/\/www.metricsview.com\/es\/wp-json\/wp\/v2\/pages\/840","targetHints":{"allow":["GET"]}}],"collection":[{"href":"https:\/\/www.metricsview.com\/es\/wp-json\/wp\/v2\/pages"}],"about":[{"href":"https:\/\/www.metricsview.com\/es\/wp-json\/wp\/v2\/types\/page"}],"author":[{"embeddable":true,"href":"https:\/\/www.metricsview.com\/es\/wp-json\/wp\/v2\/users\/1"}],"replies":[{"embeddable":true,"href":"https:\/\/www.metricsview.com\/es\/wp-json\/wp\/v2\/comments?post=840"}],"version-history":[{"count":3,"href":"https:\/\/www.metricsview.com\/es\/wp-json\/wp\/v2\/pages\/840\/revisions"}],"predecessor-version":[{"id":931,"href":"https:\/\/www.metricsview.com\/es\/wp-json\/wp\/v2\/pages\/840\/revisions\/931"}],"up":[{"embeddable":true,"href":"https:\/\/www.metricsview.com\/es\/wp-json\/wp\/v2\/pages\/803"}],"wp:attachment":[{"href":"https:\/\/www.metricsview.com\/es\/wp-json\/wp\/v2\/media?parent=840"}],"curies":[{"name":"wp","href":"https:\/\/api.w.org\/{rel}","templated":true}]}}