{"id":843,"date":"2019-03-14T06:55:25","date_gmt":"2019-03-14T06:55:25","guid":{"rendered":"http:\/\/www.metricsview.com\/?page_id=843"},"modified":"2019-03-16T02:28:00","modified_gmt":"2019-03-16T02:28:00","slug":"rapid-marts-espanol","status":"publish","type":"page","link":"https:\/\/www.metricsview.com\/es\/soluciones\/rapid-marts.html","title":{"rendered":"Rapid Marts (RM)"},"content":{"rendered":"<div class=\"wpb-content-wrapper\">[vc_row full_width=\u00bbstretch_row\u00bb parallax=\u00bbcontent-moving\u00bb parallax_image=\u00bb383&#8243; wpex_bg_overlay=\u00bbcolor\u00bb min_height=\u00bb435&#8243; wpex_bg_overlay_opacity=\u00bb0.4&#8243; css=\u00bb.vc_custom_1551460722632{background-color: #333333 !important;}\u00bb][vc_column][\/vc_column][\/vc_row][vc_row full_width=\u00bbstretch_row\u00bb bg_style=\u00bbstretch\u00bb css=\u00bb.vc_custom_1551927405846{margin-top: 40px !important;border-top-width: 40px !important;background-color: #eeeeee !important;}\u00bb][vc_column][vc_column_text color=\u00bb#333333&#8243; font_size=\u00bb24px\u00bb]Los Rapid Marts de Metrics View son una suite de soluciones integrales que facilitan la investigaci\u00f3n, el an\u00e1lisis y la emisi\u00f3n de reportes en actividades financieras, comerciales y operativas, as\u00ed como para monitorear sus m\u00e9tricas de desempe\u00f1o.[\/vc_column_text][\/vc_column][\/vc_row][vc_row][vc_column]<div class=\"vcex-module vcex-divider vcex-divider-solid wpex-max-w-100 wpex-mx-auto wpex-block wpex-h-0 wpex-border-b wpex-border-solid wpex-border-gray-200\"><\/div>[\/vc_column][\/vc_row][vc_row bg_style=\u00bbstretch\u00bb border_style=\u00bbsolid\u00bb padding_top=\u00bb30px\u00bb][vc_column width=\u00bb1\/4&#8243;]<div class=\"vcex-spacing wpex-w-100 wpex-clear\" style=\"height:20px\"><\/div><div class=\"vcex-module vcex-icon wpex-no-underline wpex-clr vcex-icon-normal wpex-float-none wpex-m-auto wpex-text-center\"><div class=\"vcex-icon-wrap wpex-leading-none wpex-inline-block\" style=\"font-size:100px;color:#ffffff;background-color:#c973d5;border-radius:99px;height:160px;line-height:160px;width:160px;\"><span class=\"ticon ticon-tachometer\"><\/span><\/div><\/div>[\/vc_column][vc_column width=\u00bb3\/4&#8243; style=\u00bbdefault\u00bb bg_style=\u00bbstretch\u00bb padding_left=\u00bb15px\u00bb][vc_column_text]\n<h2>Rapid Mart para M\u00e9tricas de Desempe\u00f1o<\/h2>\n<p>Metrics View ofrece el \u201cRapid Mart para M\u00e9tricas de Desempe\u00f1o\u201d como una soluci\u00f3n prefabricada para dar seguimiento al rendimiento de la empresa a trav\u00e9s de Indicadores Clave de Desempe\u00f1o (KPIs). Incluye los trabajos de extracci\u00f3n, transformaci\u00f3n y carga (ETL), el mapeo de los datos fuente y destino, un esquema y modelo de datos ajustable, una capa sem\u00e1ntica y modelos de reportes de BI.<\/p>\n<p>Las m\u00e9tricas de rendimiento, o indicadores clave de desempe\u00f1o (KPI), se calculan y personalizan a partir de un modelo de medidas, que almacena los datos m\u00e1s detallados de la organizaci\u00f3n. Los modelos de reportes BI que incluye tambi\u00e9n se pueden personalizar para satisfacer los requerimientos espec\u00edficos de los clientes.<\/p>\n<p>Cont\u00e1ctenos para conocer m\u00e1s detalles.[\/vc_column_text][\/vc_column][\/vc_row][vc_row bg_style=\u00bbstretch\u00bb border_style=\u00bbsolid\u00bb padding_top=\u00bb30px\u00bb][vc_column width=\u00bb2\/3&#8243; style=\u00bbdefault\u00bb bg_style=\u00bbstretch\u00bb padding_left=\u00bb15px\u00bb][vc_column_text]\n<h2>Rapid Mart para Aseguradoras<\/h2>\n<p>El \u201cRapid Mart para Aseguradoras\u201d de Metrics View es una soluci\u00f3n muy robusta de BI para monitorear KPIs y analizar grandes vol\u00famenes de informaci\u00f3n propios de las empresas en el ramo de seguros de salud, vida y propiedad. Con 19 m\u00f3dulos, cubre pr\u00e1cticamente con todo el ciclo de operaciones, desde ventas, contrataciones, reclamaciones, episodios m\u00e9dicos y desde luego finanzas.<\/p>\n<p>Nuestro \u201cRapid Mart para Aseguradoras\u201d incluye los trabajos de extracci\u00f3n, transformaci\u00f3n y carga (ETL), el mapeo de los datos fuente y destino, un esquema y modelo de datos ajustable, una capa sem\u00e1ntica y modelos de reportes de BI.<\/p>\n<p>Le invitamos a ponerse en contacto con nosotros para organizar una demostraci\u00f3n del producto.[\/vc_column_text][\/vc_column][vc_column width=\u00bb1\/3&#8243;]<div class=\"vcex-spacing wpex-w-100 wpex-clear\" style=\"height:20px\"><\/div><div class=\"vcex-module vcex-icon wpex-no-underline wpex-clr vcex-icon-normal wpex-float-none wpex-m-auto wpex-text-center\"><div class=\"vcex-icon-wrap wpex-leading-none wpex-inline-block\" style=\"font-size:100px;color:#ffffff;background-color:#00c1e1;border-radius:99px;height:160px;line-height:160px;width:160px;\"><span class=\"ticon ticon-user-md\"><\/span><\/div><\/div>[\/vc_column][\/vc_row][vc_row bg_style=\u00bbstretch\u00bb border_style=\u00bbsolid\u00bb][vc_column width=\u00bb1\/4&#8243;]<div class=\"vcex-spacing wpex-w-100 wpex-clear\" style=\"height:20px\"><\/div><div class=\"vcex-module vcex-icon wpex-no-underline wpex-clr vcex-icon-normal wpex-float-none wpex-m-auto wpex-text-center\"><div class=\"vcex-icon-wrap wpex-leading-none wpex-inline-block\" style=\"font-size:100px;color:#ffffff;background-color:#1796c6;border-radius:99px;height:160px;line-height:160px;width:160px;\"><span class=\"vc_li vc_li-banknote\"><\/span><\/div><\/div>[\/vc_column][vc_column width=\u00bb3\/4&#8243; style=\u00bbdefault\u00bb bg_style=\u00bbstretch\u00bb padding_left=\u00bb15px\u00bb][vc_column_text]\n<h2>Rapid Mart para la Banca<\/h2>\n<p>Nuestro \u201cRapid Mart para la Banca\u201d est\u00e1 dise\u00f1ada para satisfacer las necesidades anal\u00edticas y del manejo de reportes, as\u00ed como para profundizar en la visualizaci\u00f3n de varias medidas y los detalles de las operaciones de ventas, gastos e inversiones de un Banco, as\u00ed como la rentabilidad general por sucursal, unidad de negocios, clientes, productos, etc.<\/p>\n<p>El \u201cRapid Mart para la Banca\u201d de Metrics View incluye los trabajos de extracci\u00f3n, transformaci\u00f3n y carga (ETL), el mapeo de los datos fuente y destino, un esquema y modelo de datos ajustable, una capa sem\u00e1ntica y modelos de reportes de BI.<\/p>\n<p>Si desea conocer m\u00e1s detalles, cont\u00e1ctenos para configurar una llamada de an\u00e1lisis de necesidades.[\/vc_column_text][\/vc_column][\/vc_row][vc_row bg_style=\u00bbstretch\u00bb border_style=\u00bbsolid\u00bb][vc_column width=\u00bb2\/3&#8243; style=\u00bbdefault\u00bb bg_style=\u00bbstretch\u00bb padding_left=\u00bb15px\u00bb][vc_column_text]\n<h2>Rapid Mart Financiero<\/h2>\n<p>El \u201cRapid Mart Financiero\u201d de Metric View consta de 3 m\u00f3dulos: Contabilidad General, Cuentas por Cobrar y Cuentas por Pagar. El rico contenido del \u201cRapid Mart Financiero\u201d admite an\u00e1lisis desde un nivel resumido hasta un nivel detallado, an\u00e1lisis multidimensional a trav\u00e9s de un ambiente jer\u00e1rquico con capacidades de profundizaci\u00f3n (drill-down); por lo tanto, esta listo para permitirle comenzar con un an\u00e1lisis de la informaci\u00f3n de su empresa.<\/p>\n<p>Como todos nuestros Rapid Marts, el \u201cRapid Mart Financiero\u201d incluye los trabajos de extracci\u00f3n, transformaci\u00f3n y carga (ETL), el mapeo de los datos fuente y destino, un esquema y modelo de datos ajustable, una capa sem\u00e1ntica y modelos de reportes de BI.<\/p>\n<p>P\u00f3ngase en contacto con nosotros para agendar una demostraci\u00f3n.[\/vc_column_text][\/vc_column][vc_column width=\u00bb1\/3&#8243;]<div class=\"vcex-spacing wpex-w-100 wpex-clear\" style=\"height:20px\"><\/div><div class=\"vcex-module vcex-icon wpex-no-underline wpex-clr vcex-icon-normal wpex-float-none wpex-m-auto wpex-text-center\"><div class=\"vcex-icon-wrap wpex-leading-none wpex-inline-block\" style=\"font-size:100px;color:#ffffff;background-color:#81d742;border-radius:99px;height:160px;line-height:160px;width:160px;\"><span class=\"ticon ticon-usd\"><\/span><\/div><\/div>[\/vc_column][\/vc_row][vc_row bg_style=\u00bbstretch\u00bb border_style=\u00bbsolid\u00bb][vc_column width=\u00bb1\/4&#8243;]<div class=\"vcex-spacing wpex-w-100 wpex-clear\" style=\"height:20px\"><\/div><div class=\"vcex-module vcex-icon wpex-no-underline wpex-clr vcex-icon-normal wpex-float-none wpex-m-auto wpex-text-center\"><div class=\"vcex-icon-wrap wpex-leading-none wpex-inline-block\" style=\"font-size:100px;color:#ffffff;background-color:#dd9933;border-radius:99px;height:160px;line-height:160px;width:160px;\"><span class=\"ticon ticon-cogs\"><\/span><\/div><\/div>[\/vc_column][vc_column width=\u00bb3\/4&#8243; style=\u00bbdefault\u00bb bg_style=\u00bbstretch\u00bb padding_left=\u00bb15px\u00bb][vc_column_text]\n<h2>Rapid Mart Operacional<\/h2>\n<p>El \u201cRapid Mart Operacional\u201d de Metrics View consta de 3 m\u00f3dulos: Ventas, Inventario y Compras. Ofrece capacidades de BI que admiten el an\u00e1lisis resumido y detallado a nivel de l\u00ednea de producto de pedidos de ventas, previsiones de ventas, facturaci\u00f3n, \u00f3rdenes de compra, transacciones de inventario e historial de niveles de inventario diario por varios tipos de acciones.<\/p>\n<p>El \u201cRapid Mart Operacional\u201d tambi\u00e9n incluye los trabajos de extracci\u00f3n, transformaci\u00f3n y carga (ETL), el mapeo de los datos fuente y destino, un esquema y modelo de datos ajustable, una capa sem\u00e1ntica y modelos de reportes de BI.<\/p>\n<p>No dude en ponerse en contacto con nosotros para conocer m\u00e1s detalles, estaremos encantados de ayudarle.[\/vc_column_text][\/vc_column][\/vc_row]\n<\/div>","protected":false},"excerpt":{"rendered":"<p>[vc_row full_width=\u00bbstretch_row\u00bb parallax=\u00bbcontent-moving\u00bb parallax_image=\u00bb383&#8243; wpex_bg_overlay=\u00bbcolor\u00bb min_height=\u00bb435&#8243; wpex_bg_overlay_opacity=\u00bb0.4&#8243; css=\u00bb.vc_custom_1551460722632{background-color: #333333 !important;}\u00bb][vc_column][\/vc_column][\/vc_row][vc_row full_width=\u00bbstretch_row\u00bb bg_style=\u00bbstretch\u00bb css=\u00bb.vc_custom_1551927405846{margin-top: 40px !important;border-top-width: 40px !important;background-color: #eeeeee !important;}\u00bb][vc_column][vc_column_text color=\u00bb#333333&#8243; font_size=\u00bb24px\u00bb]Los Rapid Marts de Metrics View son una suite de soluciones integrales que facilitan la investigaci\u00f3n, el an\u00e1lisis y la&hellip;<\/p>\n","protected":false},"author":1,"featured_media":0,"parent":803,"menu_order":0,"comment_status":"closed","ping_status":"closed","template":"templates\/no-sidebar.php","meta":{"footnotes":""},"class_list":["post-843","page","type-page","status-publish","hentry","entry","no-media"],"yoast_head":"<!-- This site is optimized with the Yoast SEO plugin v27.2 - https:\/\/yoast.com\/product\/yoast-seo-wordpress\/ -->\n<title>Solucion Prefabricada Rapid Marts para Business Intelligence en Mexico<\/title>\n<meta name=\"description\" content=\"Rapid Marts es una soluci\u00f3n para an\u00e1lisis y generaci\u00f3n de informes de actividades financieras, comerciales, operativas y rendimiento para aseguradoras y banca.\" \/>\n<meta name=\"robots\" content=\"index, follow, max-snippet:-1, max-image-preview:large, max-video-preview:-1\" \/>\n<link rel=\"canonical\" href=\"https:\/\/www.metricsview.com\/es\/soluciones\/rapid-marts.html\" \/>\n<meta property=\"og:locale\" content=\"es_ES\" \/>\n<meta property=\"og:type\" content=\"article\" \/>\n<meta property=\"og:title\" content=\"Solucion Prefabricada Rapid Marts para Business Intelligence en Mexico\" \/>\n<meta property=\"og:description\" content=\"Rapid Marts es una soluci\u00f3n para an\u00e1lisis y generaci\u00f3n de informes de actividades financieras, comerciales, operativas y rendimiento para aseguradoras y banca.\" \/>\n<meta property=\"og:url\" content=\"https:\/\/www.metricsview.com\/es\/soluciones\/rapid-marts.html\" \/>\n<meta property=\"og:site_name\" content=\"MetricsView\" \/>\n<meta property=\"article:modified_time\" content=\"2019-03-16T02:28:00+00:00\" \/>\n<meta name=\"twitter:card\" content=\"summary_large_image\" \/>\n<meta name=\"twitter:label1\" content=\"Tiempo de lectura\" \/>\n\t<meta name=\"twitter:data1\" content=\"6 minutos\" \/>\n<script type=\"application\/ld+json\" class=\"yoast-schema-graph\">{\"@context\":\"https:\/\/schema.org\",\"@graph\":[{\"@type\":\"WebPage\",\"@id\":\"https:\/\/www.metricsview.com\/es\/soluciones\/rapid-marts.html\",\"url\":\"https:\/\/www.metricsview.com\/es\/soluciones\/rapid-marts.html\",\"name\":\"Solucion Prefabricada Rapid Marts para Business Intelligence en Mexico\",\"isPartOf\":{\"@id\":\"https:\/\/www.metricsview.com\/#website\"},\"datePublished\":\"2019-03-14T06:55:25+00:00\",\"dateModified\":\"2019-03-16T02:28:00+00:00\",\"description\":\"Rapid Marts es una soluci\u00f3n para an\u00e1lisis y generaci\u00f3n de informes de actividades financieras, comerciales, operativas y rendimiento para aseguradoras y banca.\",\"breadcrumb\":{\"@id\":\"https:\/\/www.metricsview.com\/es\/soluciones\/rapid-marts.html#breadcrumb\"},\"inLanguage\":\"es\",\"potentialAction\":[{\"@type\":\"ReadAction\",\"target\":[\"https:\/\/www.metricsview.com\/es\/soluciones\/rapid-marts.html\"]}]},{\"@type\":\"BreadcrumbList\",\"@id\":\"https:\/\/www.metricsview.com\/es\/soluciones\/rapid-marts.html#breadcrumb\",\"itemListElement\":[{\"@type\":\"ListItem\",\"position\":1,\"name\":\"Home\",\"item\":\"https:\/\/www.metricsview.com\/es\/\"},{\"@type\":\"ListItem\",\"position\":2,\"name\":\"Soluciones\",\"item\":\"https:\/\/www.metricsview.com\/es\/soluciones.html\"},{\"@type\":\"ListItem\",\"position\":3,\"name\":\"Rapid Marts (RM)\"}]},{\"@type\":\"WebSite\",\"@id\":\"https:\/\/www.metricsview.com\/#website\",\"url\":\"https:\/\/www.metricsview.com\/\",\"name\":\"MetricsView\",\"description\":\"Consulting services to accomplish your Business Intelligence (BI) initiatives.\",\"publisher\":{\"@id\":\"https:\/\/www.metricsview.com\/#organization\"},\"potentialAction\":[{\"@type\":\"SearchAction\",\"target\":{\"@type\":\"EntryPoint\",\"urlTemplate\":\"https:\/\/www.metricsview.com\/?s={search_term_string}\"},\"query-input\":{\"@type\":\"PropertyValueSpecification\",\"valueRequired\":true,\"valueName\":\"search_term_string\"}}],\"inLanguage\":\"es\"},{\"@type\":\"Organization\",\"@id\":\"https:\/\/www.metricsview.com\/#organization\",\"name\":\"Metrics View, Inc.\",\"url\":\"https:\/\/www.metricsview.com\/\",\"logo\":{\"@type\":\"ImageObject\",\"inLanguage\":\"es\",\"@id\":\"https:\/\/www.metricsview.com\/#\/schema\/logo\/image\/\",\"url\":\"https:\/\/www.metricsview.com\/wp-content\/uploads\/2019\/03\/logo.png\",\"contentUrl\":\"https:\/\/www.metricsview.com\/wp-content\/uploads\/2019\/03\/logo.png\",\"width\":200,\"height\":88,\"caption\":\"Metrics View, Inc.\"},\"image\":{\"@id\":\"https:\/\/www.metricsview.com\/#\/schema\/logo\/image\/\"}}]}<\/script>\n<!-- \/ Yoast SEO plugin. -->","yoast_head_json":{"title":"Solucion Prefabricada Rapid Marts para Business Intelligence en Mexico","description":"Rapid Marts es una soluci\u00f3n para an\u00e1lisis y generaci\u00f3n de informes de actividades financieras, comerciales, operativas y rendimiento para aseguradoras y banca.","robots":{"index":"index","follow":"follow","max-snippet":"max-snippet:-1","max-image-preview":"max-image-preview:large","max-video-preview":"max-video-preview:-1"},"canonical":"https:\/\/www.metricsview.com\/es\/soluciones\/rapid-marts.html","og_locale":"es_ES","og_type":"article","og_title":"Solucion Prefabricada Rapid Marts para Business Intelligence en Mexico","og_description":"Rapid Marts es una soluci\u00f3n para an\u00e1lisis y generaci\u00f3n de informes de actividades financieras, comerciales, operativas y rendimiento para aseguradoras y banca.","og_url":"https:\/\/www.metricsview.com\/es\/soluciones\/rapid-marts.html","og_site_name":"MetricsView","article_modified_time":"2019-03-16T02:28:00+00:00","twitter_card":"summary_large_image","twitter_misc":{"Tiempo de lectura":"6 minutos"},"schema":{"@context":"https:\/\/schema.org","@graph":[{"@type":"WebPage","@id":"https:\/\/www.metricsview.com\/es\/soluciones\/rapid-marts.html","url":"https:\/\/www.metricsview.com\/es\/soluciones\/rapid-marts.html","name":"Solucion Prefabricada Rapid Marts para Business Intelligence en Mexico","isPartOf":{"@id":"https:\/\/www.metricsview.com\/#website"},"datePublished":"2019-03-14T06:55:25+00:00","dateModified":"2019-03-16T02:28:00+00:00","description":"Rapid Marts es una soluci\u00f3n para an\u00e1lisis y generaci\u00f3n de informes de actividades financieras, comerciales, operativas y rendimiento para aseguradoras y banca.","breadcrumb":{"@id":"https:\/\/www.metricsview.com\/es\/soluciones\/rapid-marts.html#breadcrumb"},"inLanguage":"es","potentialAction":[{"@type":"ReadAction","target":["https:\/\/www.metricsview.com\/es\/soluciones\/rapid-marts.html"]}]},{"@type":"BreadcrumbList","@id":"https:\/\/www.metricsview.com\/es\/soluciones\/rapid-marts.html#breadcrumb","itemListElement":[{"@type":"ListItem","position":1,"name":"Home","item":"https:\/\/www.metricsview.com\/es\/"},{"@type":"ListItem","position":2,"name":"Soluciones","item":"https:\/\/www.metricsview.com\/es\/soluciones.html"},{"@type":"ListItem","position":3,"name":"Rapid Marts (RM)"}]},{"@type":"WebSite","@id":"https:\/\/www.metricsview.com\/#website","url":"https:\/\/www.metricsview.com\/","name":"MetricsView","description":"Consulting services to accomplish your Business Intelligence (BI) initiatives.","publisher":{"@id":"https:\/\/www.metricsview.com\/#organization"},"potentialAction":[{"@type":"SearchAction","target":{"@type":"EntryPoint","urlTemplate":"https:\/\/www.metricsview.com\/?s={search_term_string}"},"query-input":{"@type":"PropertyValueSpecification","valueRequired":true,"valueName":"search_term_string"}}],"inLanguage":"es"},{"@type":"Organization","@id":"https:\/\/www.metricsview.com\/#organization","name":"Metrics View, Inc.","url":"https:\/\/www.metricsview.com\/","logo":{"@type":"ImageObject","inLanguage":"es","@id":"https:\/\/www.metricsview.com\/#\/schema\/logo\/image\/","url":"https:\/\/www.metricsview.com\/wp-content\/uploads\/2019\/03\/logo.png","contentUrl":"https:\/\/www.metricsview.com\/wp-content\/uploads\/2019\/03\/logo.png","width":200,"height":88,"caption":"Metrics View, Inc."},"image":{"@id":"https:\/\/www.metricsview.com\/#\/schema\/logo\/image\/"}}]}},"_links":{"self":[{"href":"https:\/\/www.metricsview.com\/es\/wp-json\/wp\/v2\/pages\/843","targetHints":{"allow":["GET"]}}],"collection":[{"href":"https:\/\/www.metricsview.com\/es\/wp-json\/wp\/v2\/pages"}],"about":[{"href":"https:\/\/www.metricsview.com\/es\/wp-json\/wp\/v2\/types\/page"}],"author":[{"embeddable":true,"href":"https:\/\/www.metricsview.com\/es\/wp-json\/wp\/v2\/users\/1"}],"replies":[{"embeddable":true,"href":"https:\/\/www.metricsview.com\/es\/wp-json\/wp\/v2\/comments?post=843"}],"version-history":[{"count":3,"href":"https:\/\/www.metricsview.com\/es\/wp-json\/wp\/v2\/pages\/843\/revisions"}],"predecessor-version":[{"id":933,"href":"https:\/\/www.metricsview.com\/es\/wp-json\/wp\/v2\/pages\/843\/revisions\/933"}],"up":[{"embeddable":true,"href":"https:\/\/www.metricsview.com\/es\/wp-json\/wp\/v2\/pages\/803"}],"wp:attachment":[{"href":"https:\/\/www.metricsview.com\/es\/wp-json\/wp\/v2\/media?parent=843"}],"curies":[{"name":"wp","href":"https:\/\/api.w.org\/{rel}","templated":true}]}}