{"id":845,"date":"2019-03-14T07:02:17","date_gmt":"2019-03-14T07:02:17","guid":{"rendered":"http:\/\/www.metricsview.com\/?page_id=845"},"modified":"2019-03-20T02:50:24","modified_gmt":"2019-03-20T02:50:24","slug":"845-2","status":"publish","type":"page","link":"https:\/\/www.metricsview.com\/es\/servicios\/asesoria-ejecutiva-bi.html","title":{"rendered":"Asesor\u00eda Ejecutiva de BI"},"content":{"rendered":"<div class=\"wpb-content-wrapper\">[vc_row full_width=\u00bbstretch_row\u00bb parallax=\u00bbcontent-moving\u00bb parallax_image=\u00bb993&#8243; min_height=\u00bb435&#8243;][vc_column][\/vc_column][\/vc_row][vc_row][vc_column]<div class=\"vcex-module vcex-heading wpex-text-2xl wpex-font-normal wpex-m-auto wpex-max-w-100 vcex-heading-plain wpex-block vc_custom_1552605801137\"><span class=\"vcex-heading-inner wpex-inline-block wpex-clr\">Asesor\u00eda Ejecutiva de BI<\/span><\/div>[vc_column_text]Mucho se ha escrito sobre la alineaci\u00f3n estrat\u00e9gica entre el negocio y TI. La discusi\u00f3n es generalmente sobre la consistencia entre la estrategia de negocios, los procesos de negocios, la estrategia de TI y la infraestructura de TI. Si alguno de estos elementos est\u00e1 ausente, existe el riesgo de que una iniciativa de BI no genere valor a la organizaci\u00f3n.<\/p>\n<p>El servicio de \u201cAsesor\u00eda Ejecutiva de BI\u201d de Metrics View enfoca la atenci\u00f3n en el valor exacto de negocio esperado tras una inversi\u00f3n determinada de Inteligencia de Negocios (BI por sus siglas en ingles). Tambi\u00e9n identifica \u00e1reas espec\u00edficas de riesgo en la implementaci\u00f3n para que puedan atenderse y mitigarse, y de esta forma mejorar las probabilidades de \u00e9xito del proyecto de BI.<\/p>\n<p>Trabajamos junto con nuestros clientes para garantizar la alineaci\u00f3n de su estrategia de negocios definida con los objetivos del proyecto de BI. Como resultado de nuestro servicio de \u201cAsesor\u00eda Ejecutiva de BI\u201d, determinamos los objetivos estrat\u00e9gicos y t\u00e1cticos, definimos las prioridades, los beneficios esperados y determinamos un cronograma de implementaci\u00f3n del proyecto de BI.<\/p>\n<p>Debido a que est\u00e1 centrado en el negocio, estamos menos preocupados por los problemas t\u00e9cnicos de la implementaci\u00f3n de BI. M\u00e1s bien, estamos interesados en el riesgo del negocio asociado con las inversiones en BI, definido como el riesgo de que la empresa no capitalice con \u00e9xito la plataforma de BI implementada y por lo tanto, la inversi\u00f3n no se ver\u00e1 recompensada. Para un enfoque con una orientaci\u00f3n t\u00e9cnica, sugerimos que verifique nuestro servicio de Revisi\u00f3n del Manejo de los Datos.<\/p>\n<p>Reg\u00edstrese para revisar nuestro servicio de \u201cAsesor\u00eda Ejecutiva de BI\u201d con un especialista de Metrics View. Bajo peticion, podemos proporcionar m\u00e1s detalles y una muestra de la documentaci\u00f3n y el trabajo de evaluaci\u00f3n.[\/vc_column_text][vc_single_image image=\u00bb622&#8243; alignment=\u00bbcenter\u00bb css=\u00bb.vc_custom_1552082534033{margin-top: 40px !important;}\u00bb][\/vc_column][\/vc_row]\n<\/div>","protected":false},"excerpt":{"rendered":"<p>[vc_row full_width=\u00bbstretch_row\u00bb parallax=\u00bbcontent-moving\u00bb parallax_image=\u00bb993&#8243; min_height=\u00bb435&#8243;][vc_column][\/vc_column][\/vc_row][vc_row][vc_column][vc_column_text]Mucho se ha escrito sobre la alineaci\u00f3n estrat\u00e9gica entre el negocio y TI. La discusi\u00f3n es generalmente sobre la consistencia entre la estrategia de negocios, los procesos de negocios, la estrategia de TI y la infraestructura&hellip;<\/p>\n","protected":false},"author":1,"featured_media":0,"parent":880,"menu_order":0,"comment_status":"closed","ping_status":"closed","template":"templates\/no-sidebar.php","meta":{"footnotes":""},"class_list":["post-845","page","type-page","status-publish","hentry","entry","no-media"],"yoast_head":"<!-- This site is optimized with the Yoast SEO plugin v27.2 - https:\/\/yoast.com\/product\/yoast-seo-wordpress\/ -->\n<title>Servicios de Consultoria de Business intelligence en Mexico y Canada<\/title>\n<meta name=\"description\" content=\"Trabajamos con nuestros clientes para garantizar la alineaci\u00f3n de su estrategia de negocio con los objetivos de su plataforma de Business Intelligence.\" \/>\n<meta name=\"robots\" content=\"index, follow, max-snippet:-1, max-image-preview:large, max-video-preview:-1\" \/>\n<link rel=\"canonical\" href=\"https:\/\/www.metricsview.com\/es\/servicios\/asesoria-ejecutiva-bi.html\" \/>\n<meta property=\"og:locale\" content=\"es_ES\" \/>\n<meta property=\"og:type\" content=\"article\" \/>\n<meta property=\"og:title\" content=\"Servicios de Consultoria de Business intelligence en Mexico y Canada\" \/>\n<meta property=\"og:description\" content=\"Trabajamos con nuestros clientes para garantizar la alineaci\u00f3n de su estrategia de negocio con los objetivos de su plataforma de Business Intelligence.\" \/>\n<meta property=\"og:url\" content=\"https:\/\/www.metricsview.com\/es\/servicios\/asesoria-ejecutiva-bi.html\" \/>\n<meta property=\"og:site_name\" content=\"MetricsView\" \/>\n<meta property=\"article:modified_time\" content=\"2019-03-20T02:50:24+00:00\" \/>\n<meta name=\"twitter:card\" content=\"summary_large_image\" \/>\n<meta name=\"twitter:label1\" content=\"Tiempo de lectura\" \/>\n\t<meta name=\"twitter:data1\" content=\"2 minutos\" \/>\n<script type=\"application\/ld+json\" class=\"yoast-schema-graph\">{\"@context\":\"https:\/\/schema.org\",\"@graph\":[{\"@type\":\"WebPage\",\"@id\":\"https:\/\/www.metricsview.com\/es\/servicios\/asesoria-ejecutiva-bi.html\",\"url\":\"https:\/\/www.metricsview.com\/es\/servicios\/asesoria-ejecutiva-bi.html\",\"name\":\"Servicios de Consultoria de Business intelligence en Mexico y Canada\",\"isPartOf\":{\"@id\":\"https:\/\/www.metricsview.com\/#website\"},\"datePublished\":\"2019-03-14T07:02:17+00:00\",\"dateModified\":\"2019-03-20T02:50:24+00:00\",\"description\":\"Trabajamos con nuestros clientes para garantizar la alineaci\u00f3n de su estrategia de negocio con los objetivos de su plataforma de Business Intelligence.\",\"breadcrumb\":{\"@id\":\"https:\/\/www.metricsview.com\/es\/servicios\/asesoria-ejecutiva-bi.html#breadcrumb\"},\"inLanguage\":\"es\",\"potentialAction\":[{\"@type\":\"ReadAction\",\"target\":[\"https:\/\/www.metricsview.com\/es\/servicios\/asesoria-ejecutiva-bi.html\"]}]},{\"@type\":\"BreadcrumbList\",\"@id\":\"https:\/\/www.metricsview.com\/es\/servicios\/asesoria-ejecutiva-bi.html#breadcrumb\",\"itemListElement\":[{\"@type\":\"ListItem\",\"position\":1,\"name\":\"Home\",\"item\":\"https:\/\/www.metricsview.com\/es\/\"},{\"@type\":\"ListItem\",\"position\":2,\"name\":\"Servicios\",\"item\":\"https:\/\/www.metricsview.com\/es\/servicios.html\"},{\"@type\":\"ListItem\",\"position\":3,\"name\":\"Asesor\u00eda Ejecutiva de BI\"}]},{\"@type\":\"WebSite\",\"@id\":\"https:\/\/www.metricsview.com\/#website\",\"url\":\"https:\/\/www.metricsview.com\/\",\"name\":\"MetricsView\",\"description\":\"Consulting services to accomplish your Business Intelligence (BI) initiatives.\",\"publisher\":{\"@id\":\"https:\/\/www.metricsview.com\/#organization\"},\"potentialAction\":[{\"@type\":\"SearchAction\",\"target\":{\"@type\":\"EntryPoint\",\"urlTemplate\":\"https:\/\/www.metricsview.com\/?s={search_term_string}\"},\"query-input\":{\"@type\":\"PropertyValueSpecification\",\"valueRequired\":true,\"valueName\":\"search_term_string\"}}],\"inLanguage\":\"es\"},{\"@type\":\"Organization\",\"@id\":\"https:\/\/www.metricsview.com\/#organization\",\"name\":\"Metrics View, Inc.\",\"url\":\"https:\/\/www.metricsview.com\/\",\"logo\":{\"@type\":\"ImageObject\",\"inLanguage\":\"es\",\"@id\":\"https:\/\/www.metricsview.com\/#\/schema\/logo\/image\/\",\"url\":\"https:\/\/www.metricsview.com\/wp-content\/uploads\/2019\/03\/logo.png\",\"contentUrl\":\"https:\/\/www.metricsview.com\/wp-content\/uploads\/2019\/03\/logo.png\",\"width\":200,\"height\":88,\"caption\":\"Metrics View, Inc.\"},\"image\":{\"@id\":\"https:\/\/www.metricsview.com\/#\/schema\/logo\/image\/\"}}]}<\/script>\n<!-- \/ Yoast SEO plugin. -->","yoast_head_json":{"title":"Servicios de Consultoria de Business intelligence en Mexico y Canada","description":"Trabajamos con nuestros clientes para garantizar la alineaci\u00f3n de su estrategia de negocio con los objetivos de su plataforma de Business Intelligence.","robots":{"index":"index","follow":"follow","max-snippet":"max-snippet:-1","max-image-preview":"max-image-preview:large","max-video-preview":"max-video-preview:-1"},"canonical":"https:\/\/www.metricsview.com\/es\/servicios\/asesoria-ejecutiva-bi.html","og_locale":"es_ES","og_type":"article","og_title":"Servicios de Consultoria de Business intelligence en Mexico y Canada","og_description":"Trabajamos con nuestros clientes para garantizar la alineaci\u00f3n de su estrategia de negocio con los objetivos de su plataforma de Business Intelligence.","og_url":"https:\/\/www.metricsview.com\/es\/servicios\/asesoria-ejecutiva-bi.html","og_site_name":"MetricsView","article_modified_time":"2019-03-20T02:50:24+00:00","twitter_card":"summary_large_image","twitter_misc":{"Tiempo de lectura":"2 minutos"},"schema":{"@context":"https:\/\/schema.org","@graph":[{"@type":"WebPage","@id":"https:\/\/www.metricsview.com\/es\/servicios\/asesoria-ejecutiva-bi.html","url":"https:\/\/www.metricsview.com\/es\/servicios\/asesoria-ejecutiva-bi.html","name":"Servicios de Consultoria de Business intelligence en Mexico y Canada","isPartOf":{"@id":"https:\/\/www.metricsview.com\/#website"},"datePublished":"2019-03-14T07:02:17+00:00","dateModified":"2019-03-20T02:50:24+00:00","description":"Trabajamos con nuestros clientes para garantizar la alineaci\u00f3n de su estrategia de negocio con los objetivos de su plataforma de Business Intelligence.","breadcrumb":{"@id":"https:\/\/www.metricsview.com\/es\/servicios\/asesoria-ejecutiva-bi.html#breadcrumb"},"inLanguage":"es","potentialAction":[{"@type":"ReadAction","target":["https:\/\/www.metricsview.com\/es\/servicios\/asesoria-ejecutiva-bi.html"]}]},{"@type":"BreadcrumbList","@id":"https:\/\/www.metricsview.com\/es\/servicios\/asesoria-ejecutiva-bi.html#breadcrumb","itemListElement":[{"@type":"ListItem","position":1,"name":"Home","item":"https:\/\/www.metricsview.com\/es\/"},{"@type":"ListItem","position":2,"name":"Servicios","item":"https:\/\/www.metricsview.com\/es\/servicios.html"},{"@type":"ListItem","position":3,"name":"Asesor\u00eda Ejecutiva de BI"}]},{"@type":"WebSite","@id":"https:\/\/www.metricsview.com\/#website","url":"https:\/\/www.metricsview.com\/","name":"MetricsView","description":"Consulting services to accomplish your Business Intelligence (BI) initiatives.","publisher":{"@id":"https:\/\/www.metricsview.com\/#organization"},"potentialAction":[{"@type":"SearchAction","target":{"@type":"EntryPoint","urlTemplate":"https:\/\/www.metricsview.com\/?s={search_term_string}"},"query-input":{"@type":"PropertyValueSpecification","valueRequired":true,"valueName":"search_term_string"}}],"inLanguage":"es"},{"@type":"Organization","@id":"https:\/\/www.metricsview.com\/#organization","name":"Metrics View, Inc.","url":"https:\/\/www.metricsview.com\/","logo":{"@type":"ImageObject","inLanguage":"es","@id":"https:\/\/www.metricsview.com\/#\/schema\/logo\/image\/","url":"https:\/\/www.metricsview.com\/wp-content\/uploads\/2019\/03\/logo.png","contentUrl":"https:\/\/www.metricsview.com\/wp-content\/uploads\/2019\/03\/logo.png","width":200,"height":88,"caption":"Metrics View, Inc."},"image":{"@id":"https:\/\/www.metricsview.com\/#\/schema\/logo\/image\/"}}]}},"_links":{"self":[{"href":"https:\/\/www.metricsview.com\/es\/wp-json\/wp\/v2\/pages\/845","targetHints":{"allow":["GET"]}}],"collection":[{"href":"https:\/\/www.metricsview.com\/es\/wp-json\/wp\/v2\/pages"}],"about":[{"href":"https:\/\/www.metricsview.com\/es\/wp-json\/wp\/v2\/types\/page"}],"author":[{"embeddable":true,"href":"https:\/\/www.metricsview.com\/es\/wp-json\/wp\/v2\/users\/1"}],"replies":[{"embeddable":true,"href":"https:\/\/www.metricsview.com\/es\/wp-json\/wp\/v2\/comments?post=845"}],"version-history":[{"count":5,"href":"https:\/\/www.metricsview.com\/es\/wp-json\/wp\/v2\/pages\/845\/revisions"}],"predecessor-version":[{"id":995,"href":"https:\/\/www.metricsview.com\/es\/wp-json\/wp\/v2\/pages\/845\/revisions\/995"}],"up":[{"embeddable":true,"href":"https:\/\/www.metricsview.com\/es\/wp-json\/wp\/v2\/pages\/880"}],"wp:attachment":[{"href":"https:\/\/www.metricsview.com\/es\/wp-json\/wp\/v2\/media?parent=845"}],"curies":[{"name":"wp","href":"https:\/\/api.w.org\/{rel}","templated":true}]}}