{"id":848,"date":"2019-03-14T07:10:45","date_gmt":"2019-03-14T07:10:45","guid":{"rendered":"http:\/\/www.metricsview.com\/?page_id=848"},"modified":"2019-03-15T21:13:44","modified_gmt":"2019-03-15T21:13:44","slug":"revision-de-la-madurez-de-bi","status":"publish","type":"page","link":"https:\/\/www.metricsview.com\/es\/servicios\/revision-madurez-bi.html","title":{"rendered":"Revisi\u00f3n de la Madurez de BI"},"content":{"rendered":"<div class=\"wpb-content-wrapper\">[vc_row full_width=\u00bbstretch_row\u00bb parallax=\u00bbcontent-moving\u00bb parallax_image=\u00bb620&#8243; min_height=\u00bb435&#8243;][vc_column][\/vc_column][\/vc_row][vc_row bg_style=\u00bbstretch\u00bb video_bg_overlay=\u00bbnone\u00bb border_style=\u00bbsolid\u00bb margin_top=\u00bb45px\u00bb][vc_column]<div class=\"vcex-module vcex-heading wpex-text-2xl wpex-font-normal wpex-m-auto wpex-max-w-100 vcex-heading-plain wpex-block vc_custom_1552605578530\"><span class=\"vcex-heading-inner wpex-inline-block wpex-clr\">Revisi\u00f3n de la Madurez de BI<\/span><\/div>[vc_tta_tour style=\u00bbmodern\u00bb shape=\u00bbsquare\u00bb color=\u00bbgreen\u00bb controls_size=\u00bbsm\u00bb active_section=\u00bb1&#8243;][vc_tta_section title=\u00bbEnfoque\u00bb tab_id=\u00bb1551150721018-da06de02-7fdf\u00bb]<div class=\"vcex-module vcex-heading wpex-text-2xl wpex-font-normal wpex-m-auto wpex-max-w-100 vcex-heading-plain wpex-block vc_custom_1552604707278\"><span class=\"vcex-heading-inner wpex-inline-block wpex-clr\">Les ayudamos a determinar d\u00f3nde se encuentran<\/span><\/div>[vc_column_text]Tradicionalmente, las iniciativas de Inteligencias de Negocios (BI por sus siglas en ingl\u00e9s) est\u00e1n impulsadas por TI, y gran parte del enfoque est\u00e1 en los aspectos t\u00e9cnicos de la entrega de informaci\u00f3n a la comunidad de usuarios de BI.<\/p>\n<p>Como parte de un enfoque m\u00e1s riguroso, el servicio de \u201cRevisi\u00f3n de la Madurez de BI\u201d de Metrics View se usa para determinar d\u00f3nde se encuentra una organizaci\u00f3n en el desarrollo de una plataforma madura de BI y el grado en que la empresa est\u00e1 preparada para capturar completamente el valor de BI para el negocio.[\/vc_column_text][\/vc_tta_section][vc_tta_section title=\u00bbAcciones\u00bb tab_id=\u00bb1551150721056-2726fb8d-3948&#8243;]<div class=\"vcex-module vcex-heading wpex-text-2xl wpex-font-normal wpex-m-auto wpex-max-w-100 vcex-heading-plain wpex-block vc_custom_1552604834478\"><span class=\"vcex-heading-inner wpex-inline-block wpex-clr\">Revisi\u00f3n de la Madurez de BI<\/span><\/div>[vc_column_text css=\u00bb.vc_custom_1552604854912{padding-bottom: 30px !important;}\u00bb]Las siguientes son algunas de las inquietudes en las que nuestro servicio de \u201cRevisi\u00f3n de la Madurez de BI\u201d centra su an\u00e1lisis:[\/vc_column_text]<div class=\"vcex-module vcex-list_item wpex-max-w-100 wpex-clr wpex-mb-5\"><div class=\"vcex-list-item-inner wpex-inline-flex wpex-flex-no-wrap wpex-items-center\"><div class=\"vcex-list-item-icon wpex-mr-10\"><div class=\"vcex-icon-wrap\" style=\"color:#7dbd21;\"><span class=\"ticon ticon-check-circle\"><\/span><\/div><\/div><div class=\"vcex-list-item-text vcex-content wpex-flex-grow\">\u00bfCu\u00e1l es el resultado deseado de una soluci\u00f3n de BI?<\/div><\/div><\/div><div class=\"vcex-module vcex-list_item wpex-max-w-100 wpex-clr wpex-mb-5\"><div class=\"vcex-list-item-inner wpex-inline-flex wpex-flex-no-wrap wpex-items-center\"><div class=\"vcex-list-item-icon wpex-mr-10\"><div class=\"vcex-icon-wrap\" style=\"color:#7dbd21;\"><span class=\"ticon ticon-check-circle\"><\/span><\/div><\/div><div class=\"vcex-list-item-text vcex-content wpex-flex-grow\">\u00bfHemos presentado un caso empresarial lo suficientemente s\u00f3lido como para respaldar el proyecto de BI?<\/div><\/div><\/div><div class=\"vcex-module vcex-list_item wpex-max-w-100 wpex-clr wpex-mb-5\"><div class=\"vcex-list-item-inner wpex-inline-flex wpex-flex-no-wrap wpex-items-center\"><div class=\"vcex-list-item-icon wpex-mr-10\"><div class=\"vcex-icon-wrap\" style=\"color:#7dbd21;\"><span class=\"ticon ticon-check-circle\"><\/span><\/div><\/div><div class=\"vcex-list-item-text vcex-content wpex-flex-grow\">\u00bfCon qui\u00e9n necesitamos hablar dentro de la organizaci\u00f3n y fuera de la organizaci\u00f3n?<\/div><\/div><\/div><div class=\"vcex-module vcex-list_item wpex-max-w-100 wpex-clr wpex-mb-5\"><div class=\"vcex-list-item-inner wpex-inline-flex wpex-flex-no-wrap wpex-items-center\"><div class=\"vcex-list-item-icon wpex-mr-10\"><div class=\"vcex-icon-wrap\" style=\"color:#7dbd21;\"><span class=\"ticon ticon-check-circle\"><\/span><\/div><\/div><div class=\"vcex-list-item-text vcex-content wpex-flex-grow\">\u00bfDebemos atacar primero los problemas estrat\u00e9gicos o t\u00e1cticos?<\/div><\/div><\/div><div class=\"vcex-module vcex-list_item wpex-max-w-100 wpex-clr wpex-mb-5\"><div class=\"vcex-list-item-inner wpex-inline-flex wpex-flex-no-wrap wpex-items-center\"><div class=\"vcex-list-item-icon wpex-mr-10\"><div class=\"vcex-icon-wrap\" style=\"color:#7dbd21;\"><span class=\"ticon ticon-check-circle\"><\/span><\/div><\/div><div class=\"vcex-list-item-text vcex-content wpex-flex-grow\">\u00bfCon qu\u00e9 problem\u00e1tica debemos empezar?<\/div><\/div><\/div><div class=\"vcex-module vcex-list_item wpex-max-w-100 wpex-clr wpex-mb-5\"><div class=\"vcex-list-item-inner wpex-inline-flex wpex-flex-no-wrap wpex-items-center\"><div class=\"vcex-list-item-icon wpex-mr-10\"><div class=\"vcex-icon-wrap\" style=\"color:#7dbd21;\"><span class=\"ticon ticon-check-circle\"><\/span><\/div><\/div><div class=\"vcex-list-item-text vcex-content wpex-flex-grow\">\u00bfQu\u00e9 datos se necesitan?<\/div><\/div><\/div><div class=\"vcex-module vcex-list_item wpex-max-w-100 wpex-clr wpex-mb-5\"><div class=\"vcex-list-item-inner wpex-inline-flex wpex-flex-no-wrap wpex-items-center\"><div class=\"vcex-list-item-icon wpex-mr-10\"><div class=\"vcex-icon-wrap\" style=\"color:#7dbd21;\"><span class=\"ticon ticon-check-circle\"><\/span><\/div><\/div><div class=\"vcex-list-item-text vcex-content wpex-flex-grow\">\u00bfNecesitamos datos no estructurados en la misma fuente?<\/div><\/div><\/div><div class=\"vcex-module vcex-list_item wpex-max-w-100 wpex-clr wpex-mb-5\"><div class=\"vcex-list-item-inner wpex-inline-flex wpex-flex-no-wrap wpex-items-center\"><div class=\"vcex-list-item-icon wpex-mr-10\"><div class=\"vcex-icon-wrap\" style=\"color:#7dbd21;\"><span class=\"ticon ticon-check-circle\"><\/span><\/div><\/div><div class=\"vcex-list-item-text vcex-content wpex-flex-grow\">\u00bfCu\u00e1les son los resultados deseados del negocio?<\/div><\/div><\/div><div class=\"vcex-module vcex-list_item wpex-max-w-100 wpex-clr wpex-mb-5\"><div class=\"vcex-list-item-inner wpex-inline-flex wpex-flex-no-wrap wpex-items-center\"><div class=\"vcex-list-item-icon wpex-mr-10\"><div class=\"vcex-icon-wrap\" style=\"color:#7dbd21;\"><span class=\"ticon ticon-check-circle\"><\/span><\/div><\/div><div class=\"vcex-list-item-text vcex-content wpex-flex-grow\">Despu\u00e9s de todo esto &#8230; \u00bfrealmente necesitamos de BI?<\/div><\/div><\/div>[\/vc_tta_section][vc_tta_section title=\u00bbBeneficios\u00bb tab_id=\u00bb1551151110643-b56119a5-e15b\u00bb]<div class=\"vcex-module vcex-heading wpex-text-2xl wpex-font-normal wpex-m-auto wpex-max-w-100 vcex-heading-plain wpex-block vc_custom_1552605521689\"><span class=\"vcex-heading-inner wpex-inline-block wpex-clr\">Implemente un proyecto de BI exitoso<\/span><\/div>[vc_column_text]El servicio de \u201cRevisi\u00f3n de la Madurez de BI\u201d de Metrics View le ayudar\u00e1 a identificar si su proyecto requiere m\u00e1s apoyo de los ejecutivos, de los patrocinadores, alineaci\u00f3n entre sus indicadores clave de rendimiento (KPI) y sus factores cr\u00edticos de \u00e9xito (CFS), o m\u00e9todos de gesti\u00f3n que resultar\u00e1n en el \u00e9xito del proyecto de BI.<\/p>\n<p>Cont\u00e1ctenos para revisar nuestro servicio de \u201cRevisi\u00f3n de la Madurez de BI\u201d con un especialista de Metrics View. Bajo solicitud, podemos proporcionar m\u00e1s detalles y una muestra de la documentaci\u00f3n y el trabajo de evaluaci\u00f3n.[\/vc_column_text][\/vc_tta_section][\/vc_tta_tour]<div class=\"vcex-spacing wpex-w-100 wpex-clear\" style=\"height:20px\"><\/div>[\/vc_column][\/vc_row][vc_row][vc_column][vc_single_image image=\u00bb270&#8243; alignment=\u00bbcenter\u00bb][\/vc_column][\/vc_row]\n<\/div>","protected":false},"excerpt":{"rendered":"<p>[vc_row full_width=\u00bbstretch_row\u00bb parallax=\u00bbcontent-moving\u00bb parallax_image=\u00bb620&#8243; min_height=\u00bb435&#8243;][vc_column][\/vc_column][\/vc_row][vc_row bg_style=\u00bbstretch\u00bb video_bg_overlay=\u00bbnone\u00bb border_style=\u00bbsolid\u00bb margin_top=\u00bb45px\u00bb][vc_column][vc_tta_tour style=\u00bbmodern\u00bb shape=\u00bbsquare\u00bb color=\u00bbgreen\u00bb controls_size=\u00bbsm\u00bb active_section=\u00bb1&#8243;][vc_tta_section title=\u00bbEnfoque\u00bb tab_id=\u00bb1551150721018-da06de02-7fdf\u00bb][vc_column_text]Tradicionalmente, las iniciativas de Inteligencias de Negocios (BI por sus siglas en ingl\u00e9s) est\u00e1n impulsadas por TI, y gran parte del enfoque est\u00e1 en los&hellip;<\/p>\n","protected":false},"author":1,"featured_media":0,"parent":880,"menu_order":0,"comment_status":"closed","ping_status":"closed","template":"","meta":{"footnotes":""},"class_list":["post-848","page","type-page","status-publish","hentry","entry","no-media"],"yoast_head":"<!-- This site is optimized with the Yoast SEO plugin v27.2 - https:\/\/yoast.com\/product\/yoast-seo-wordpress\/ -->\n<title>Revision de Madurez de Business Intelligence para Empresas en Mexico<\/title>\n<meta name=\"description\" content=\"La revisi\u00f3n de madurez de BI determina d\u00f3nde se encuentra su empresa en el desarrollo de una plataforma madura de BI y el grado en que est\u00e1 preparada.\" \/>\n<meta name=\"robots\" content=\"index, follow, max-snippet:-1, max-image-preview:large, max-video-preview:-1\" \/>\n<link rel=\"canonical\" href=\"https:\/\/www.metricsview.com\/es\/servicios\/revision-madurez-bi.html\" \/>\n<meta property=\"og:locale\" content=\"es_ES\" \/>\n<meta property=\"og:type\" content=\"article\" \/>\n<meta property=\"og:title\" content=\"Revision de Madurez de Business Intelligence para Empresas en Mexico\" \/>\n<meta property=\"og:description\" content=\"La revisi\u00f3n de madurez de BI determina d\u00f3nde se encuentra su empresa en el desarrollo de una plataforma madura de BI y el grado en que est\u00e1 preparada.\" \/>\n<meta property=\"og:url\" content=\"https:\/\/www.metricsview.com\/es\/servicios\/revision-madurez-bi.html\" \/>\n<meta property=\"og:site_name\" content=\"MetricsView\" \/>\n<meta property=\"article:modified_time\" content=\"2019-03-15T21:13:44+00:00\" \/>\n<meta name=\"twitter:card\" content=\"summary_large_image\" \/>\n<meta name=\"twitter:label1\" content=\"Tiempo de lectura\" \/>\n\t<meta name=\"twitter:data1\" content=\"3 minutos\" \/>\n<script type=\"application\/ld+json\" class=\"yoast-schema-graph\">{\"@context\":\"https:\/\/schema.org\",\"@graph\":[{\"@type\":\"WebPage\",\"@id\":\"https:\/\/www.metricsview.com\/es\/servicios\/revision-madurez-bi.html\",\"url\":\"https:\/\/www.metricsview.com\/es\/servicios\/revision-madurez-bi.html\",\"name\":\"Revision de Madurez de Business Intelligence para Empresas en Mexico\",\"isPartOf\":{\"@id\":\"https:\/\/www.metricsview.com\/#website\"},\"datePublished\":\"2019-03-14T07:10:45+00:00\",\"dateModified\":\"2019-03-15T21:13:44+00:00\",\"description\":\"La revisi\u00f3n de madurez de BI determina d\u00f3nde se encuentra su empresa en el desarrollo de una plataforma madura de BI y el grado en que est\u00e1 preparada.\",\"breadcrumb\":{\"@id\":\"https:\/\/www.metricsview.com\/es\/servicios\/revision-madurez-bi.html#breadcrumb\"},\"inLanguage\":\"es\",\"potentialAction\":[{\"@type\":\"ReadAction\",\"target\":[\"https:\/\/www.metricsview.com\/es\/servicios\/revision-madurez-bi.html\"]}]},{\"@type\":\"BreadcrumbList\",\"@id\":\"https:\/\/www.metricsview.com\/es\/servicios\/revision-madurez-bi.html#breadcrumb\",\"itemListElement\":[{\"@type\":\"ListItem\",\"position\":1,\"name\":\"Home\",\"item\":\"https:\/\/www.metricsview.com\/es\/\"},{\"@type\":\"ListItem\",\"position\":2,\"name\":\"Servicios\",\"item\":\"https:\/\/www.metricsview.com\/es\/servicios.html\"},{\"@type\":\"ListItem\",\"position\":3,\"name\":\"Revisi\u00f3n de la Madurez de BI\"}]},{\"@type\":\"WebSite\",\"@id\":\"https:\/\/www.metricsview.com\/#website\",\"url\":\"https:\/\/www.metricsview.com\/\",\"name\":\"MetricsView\",\"description\":\"Consulting services to accomplish your Business Intelligence (BI) initiatives.\",\"publisher\":{\"@id\":\"https:\/\/www.metricsview.com\/#organization\"},\"potentialAction\":[{\"@type\":\"SearchAction\",\"target\":{\"@type\":\"EntryPoint\",\"urlTemplate\":\"https:\/\/www.metricsview.com\/?s={search_term_string}\"},\"query-input\":{\"@type\":\"PropertyValueSpecification\",\"valueRequired\":true,\"valueName\":\"search_term_string\"}}],\"inLanguage\":\"es\"},{\"@type\":\"Organization\",\"@id\":\"https:\/\/www.metricsview.com\/#organization\",\"name\":\"Metrics View, Inc.\",\"url\":\"https:\/\/www.metricsview.com\/\",\"logo\":{\"@type\":\"ImageObject\",\"inLanguage\":\"es\",\"@id\":\"https:\/\/www.metricsview.com\/#\/schema\/logo\/image\/\",\"url\":\"https:\/\/www.metricsview.com\/wp-content\/uploads\/2019\/03\/logo.png\",\"contentUrl\":\"https:\/\/www.metricsview.com\/wp-content\/uploads\/2019\/03\/logo.png\",\"width\":200,\"height\":88,\"caption\":\"Metrics View, Inc.\"},\"image\":{\"@id\":\"https:\/\/www.metricsview.com\/#\/schema\/logo\/image\/\"}}]}<\/script>\n<!-- \/ Yoast SEO plugin. -->","yoast_head_json":{"title":"Revision de Madurez de Business Intelligence para Empresas en Mexico","description":"La revisi\u00f3n de madurez de BI determina d\u00f3nde se encuentra su empresa en el desarrollo de una plataforma madura de BI y el grado en que est\u00e1 preparada.","robots":{"index":"index","follow":"follow","max-snippet":"max-snippet:-1","max-image-preview":"max-image-preview:large","max-video-preview":"max-video-preview:-1"},"canonical":"https:\/\/www.metricsview.com\/es\/servicios\/revision-madurez-bi.html","og_locale":"es_ES","og_type":"article","og_title":"Revision de Madurez de Business Intelligence para Empresas en Mexico","og_description":"La revisi\u00f3n de madurez de BI determina d\u00f3nde se encuentra su empresa en el desarrollo de una plataforma madura de BI y el grado en que est\u00e1 preparada.","og_url":"https:\/\/www.metricsview.com\/es\/servicios\/revision-madurez-bi.html","og_site_name":"MetricsView","article_modified_time":"2019-03-15T21:13:44+00:00","twitter_card":"summary_large_image","twitter_misc":{"Tiempo de lectura":"3 minutos"},"schema":{"@context":"https:\/\/schema.org","@graph":[{"@type":"WebPage","@id":"https:\/\/www.metricsview.com\/es\/servicios\/revision-madurez-bi.html","url":"https:\/\/www.metricsview.com\/es\/servicios\/revision-madurez-bi.html","name":"Revision de Madurez de Business Intelligence para Empresas en Mexico","isPartOf":{"@id":"https:\/\/www.metricsview.com\/#website"},"datePublished":"2019-03-14T07:10:45+00:00","dateModified":"2019-03-15T21:13:44+00:00","description":"La revisi\u00f3n de madurez de BI determina d\u00f3nde se encuentra su empresa en el desarrollo de una plataforma madura de BI y el grado en que est\u00e1 preparada.","breadcrumb":{"@id":"https:\/\/www.metricsview.com\/es\/servicios\/revision-madurez-bi.html#breadcrumb"},"inLanguage":"es","potentialAction":[{"@type":"ReadAction","target":["https:\/\/www.metricsview.com\/es\/servicios\/revision-madurez-bi.html"]}]},{"@type":"BreadcrumbList","@id":"https:\/\/www.metricsview.com\/es\/servicios\/revision-madurez-bi.html#breadcrumb","itemListElement":[{"@type":"ListItem","position":1,"name":"Home","item":"https:\/\/www.metricsview.com\/es\/"},{"@type":"ListItem","position":2,"name":"Servicios","item":"https:\/\/www.metricsview.com\/es\/servicios.html"},{"@type":"ListItem","position":3,"name":"Revisi\u00f3n de la Madurez de BI"}]},{"@type":"WebSite","@id":"https:\/\/www.metricsview.com\/#website","url":"https:\/\/www.metricsview.com\/","name":"MetricsView","description":"Consulting services to accomplish your Business Intelligence (BI) initiatives.","publisher":{"@id":"https:\/\/www.metricsview.com\/#organization"},"potentialAction":[{"@type":"SearchAction","target":{"@type":"EntryPoint","urlTemplate":"https:\/\/www.metricsview.com\/?s={search_term_string}"},"query-input":{"@type":"PropertyValueSpecification","valueRequired":true,"valueName":"search_term_string"}}],"inLanguage":"es"},{"@type":"Organization","@id":"https:\/\/www.metricsview.com\/#organization","name":"Metrics View, Inc.","url":"https:\/\/www.metricsview.com\/","logo":{"@type":"ImageObject","inLanguage":"es","@id":"https:\/\/www.metricsview.com\/#\/schema\/logo\/image\/","url":"https:\/\/www.metricsview.com\/wp-content\/uploads\/2019\/03\/logo.png","contentUrl":"https:\/\/www.metricsview.com\/wp-content\/uploads\/2019\/03\/logo.png","width":200,"height":88,"caption":"Metrics View, Inc."},"image":{"@id":"https:\/\/www.metricsview.com\/#\/schema\/logo\/image\/"}}]}},"_links":{"self":[{"href":"https:\/\/www.metricsview.com\/es\/wp-json\/wp\/v2\/pages\/848","targetHints":{"allow":["GET"]}}],"collection":[{"href":"https:\/\/www.metricsview.com\/es\/wp-json\/wp\/v2\/pages"}],"about":[{"href":"https:\/\/www.metricsview.com\/es\/wp-json\/wp\/v2\/types\/page"}],"author":[{"embeddable":true,"href":"https:\/\/www.metricsview.com\/es\/wp-json\/wp\/v2\/users\/1"}],"replies":[{"embeddable":true,"href":"https:\/\/www.metricsview.com\/es\/wp-json\/wp\/v2\/comments?post=848"}],"version-history":[{"count":6,"href":"https:\/\/www.metricsview.com\/es\/wp-json\/wp\/v2\/pages\/848\/revisions"}],"predecessor-version":[{"id":910,"href":"https:\/\/www.metricsview.com\/es\/wp-json\/wp\/v2\/pages\/848\/revisions\/910"}],"up":[{"embeddable":true,"href":"https:\/\/www.metricsview.com\/es\/wp-json\/wp\/v2\/pages\/880"}],"wp:attachment":[{"href":"https:\/\/www.metricsview.com\/es\/wp-json\/wp\/v2\/media?parent=848"}],"curies":[{"name":"wp","href":"https:\/\/api.w.org\/{rel}","templated":true}]}}