{"id":850,"date":"2019-03-14T07:14:55","date_gmt":"2019-03-14T07:14:55","guid":{"rendered":"http:\/\/www.metricsview.com\/?page_id=850"},"modified":"2019-03-15T21:15:08","modified_gmt":"2019-03-15T21:15:08","slug":"revision-manejo-datos","status":"publish","type":"page","link":"https:\/\/www.metricsview.com\/es\/servicios\/revision-manejo-datos.html","title":{"rendered":"Revisi\u00f3n del Manejo de los Datos"},"content":{"rendered":"<div class=\"wpb-content-wrapper\">[vc_row full_width=\u00bbstretch_row\u00bb parallax=\u00bbcontent-moving\u00bb parallax_image=\u00bb625&#8243; min_height=\u00bb435&#8243;][vc_column][\/vc_column][\/vc_row][vc_row css=\u00bb.vc_custom_1552094953407{margin-top: 45px !important;}\u00bb][vc_column]<div class=\"vcex-module vcex-heading wpex-text-2xl wpex-font-normal wpex-m-auto wpex-max-w-100 vcex-heading-plain wpex-block vc_custom_1552605980816\"><span class=\"vcex-heading-inner wpex-inline-block wpex-clr\">Revisi\u00f3n del Manejo de los Datos<\/span><\/div>[vc_tta_tour style=\u00bbmodern\u00bb shape=\u00bbsquare\u00bb color=\u00bbgreen\u00bb controls_size=\u00bbsm\u00bb active_section=\u00bb1&#8243;][vc_tta_section title=\u00bbEnfoque\u00bb tab_id=\u00bb1552094053764-678193d2-56d1&#8243;]<div class=\"vcex-module vcex-heading wpex-text-2xl wpex-font-normal wpex-m-auto wpex-max-w-100 vcex-heading-plain wpex-block vc_custom_1552606016512\"><span class=\"vcex-heading-inner wpex-inline-block wpex-clr\">Les ayudamos a determinar d\u00f3nde se encuentran<\/span><\/div>[vc_column_text]El valor de una plataforma de Inteligencia de Negocios (tableros, reportes, an\u00e1lisis de informaci\u00f3n) es tan bueno como lo sea la data que la alimenta. A medida que los an\u00e1lisis toman importancia en la gesti\u00f3n de una organizaci\u00f3n, la calidad, la consistencia y la amplitud de los datos se vuelven a\u00fan m\u00e1s importantes. Los datos deben considerarse como el valioso activo corporativo que es, y deben ser respaldados por t\u00e9cnicas de manejo de datos integrales.<\/p>\n<p>El servicio de \u201cRevisi\u00f3n del Manejo de los Datos\u201d de Metrics View le ayudar\u00e1 a resaltar \u00e1reas de mejora en el estado actual de la organizaci\u00f3n de sus datos, a mejorar su ROI y garantizar una mejor alineaci\u00f3n entre las necesidades de los usuarios finales y la organizaci\u00f3n l\u00f3gica de sus datos.[\/vc_column_text][\/vc_tta_section][vc_tta_section title=\u00bbAcciones\u00bb tab_id=\u00bb1552094053809-951f277f-6379&#8243;]<div class=\"vcex-module vcex-heading wpex-text-2xl wpex-font-normal wpex-m-auto wpex-max-w-100 vcex-heading-plain wpex-block vc_custom_1552606078695\"><span class=\"vcex-heading-inner wpex-inline-block wpex-clr\">Revisi\u00f3n del Manejo de los Datos<\/span><\/div>[vc_column_text css=\u00bb.vc_custom_1552606097805{padding-bottom: 30px !important;}\u00bb]Las siguientes son algunos de los s\u00edntomas que indican que la estrategia de administraci\u00f3n de datos de la compa\u00f1\u00eda tiene algunas oportunidades de mejora:[\/vc_column_text]<div class=\"vcex-module vcex-list_item wpex-max-w-100 wpex-clr wpex-mb-5\"><div class=\"vcex-list-item-inner wpex-inline-flex wpex-flex-no-wrap wpex-items-center\"><div class=\"vcex-list-item-icon wpex-mr-10\"><div class=\"vcex-icon-wrap\" style=\"color:#7dbd21;\"><span class=\"ticon ticon-check-circle\"><\/span><\/div><\/div><div class=\"vcex-list-item-text vcex-content wpex-flex-grow\">La consolidaci\u00f3n de los datos de la compa\u00f1\u00eda depende de m\u00faltiples bases de datos o de m\u00faltiples vistas de bases de datos.<\/div><\/div><\/div><div class=\"vcex-module vcex-list_item wpex-max-w-100 wpex-clr wpex-mb-5\"><div class=\"vcex-list-item-inner wpex-inline-flex wpex-flex-no-wrap wpex-items-center\"><div class=\"vcex-list-item-icon wpex-mr-10\"><div class=\"vcex-icon-wrap\" style=\"color:#7dbd21;\"><span class=\"ticon ticon-check-circle\"><\/span><\/div><\/div><div class=\"vcex-list-item-text vcex-content wpex-flex-grow\">Los analistas de negocios tienen que usar hojas de c\u00e1lculo con m\u00faltiples pesta\u00f1as para que los datos se vean bien, lo que se traduce en su propio entorno anal\u00edtico.<\/div><\/div><\/div><div class=\"vcex-module vcex-list_item wpex-max-w-100 wpex-clr wpex-mb-5\"><div class=\"vcex-list-item-inner wpex-inline-flex wpex-flex-no-wrap wpex-items-center\"><div class=\"vcex-list-item-icon wpex-mr-10\"><div class=\"vcex-icon-wrap\" style=\"color:#7dbd21;\"><span class=\"ticon ticon-check-circle\"><\/span><\/div><\/div><div class=\"vcex-list-item-text vcex-content wpex-flex-grow\">Los analistas pasan mucho m\u00e1s tiempo organizando los datos que analizando los resultados del negocio.<\/div><\/div><\/div><div class=\"vcex-module vcex-list_item wpex-max-w-100 wpex-clr wpex-mb-5\"><div class=\"vcex-list-item-inner wpex-inline-flex wpex-flex-no-wrap wpex-items-center\"><div class=\"vcex-list-item-icon wpex-mr-10\"><div class=\"vcex-icon-wrap\" style=\"color:#7dbd21;\"><span class=\"ticon ticon-check-circle\"><\/span><\/div><\/div><div class=\"vcex-list-item-text vcex-content wpex-flex-grow\">Las partes interesadas del negocio no se involucraron en la organizaci\u00f3n l\u00f3gica de las fuentes de datos anal\u00edticos.<\/div><\/div><\/div><div class=\"vcex-module vcex-list_item wpex-max-w-100 wpex-clr wpex-mb-5\"><div class=\"vcex-list-item-inner wpex-inline-flex wpex-flex-no-wrap wpex-items-center\"><div class=\"vcex-list-item-icon wpex-mr-10\"><div class=\"vcex-icon-wrap\" style=\"color:#7dbd21;\"><span class=\"ticon ticon-check-circle\"><\/span><\/div><\/div><div class=\"vcex-list-item-text vcex-content wpex-flex-grow\">Toda la l\u00f3gica para recopilar los datos est\u00e1 en la cabeza de una o pocas personas.<\/div><\/div><\/div><div class=\"vcex-module vcex-list_item wpex-max-w-100 wpex-clr wpex-mb-5\"><div class=\"vcex-list-item-inner wpex-inline-flex wpex-flex-no-wrap wpex-items-center\"><div class=\"vcex-list-item-icon wpex-mr-10\"><div class=\"vcex-icon-wrap\" style=\"color:#7dbd21;\"><span class=\"ticon ticon-check-circle\"><\/span><\/div><\/div><div class=\"vcex-list-item-text vcex-content wpex-flex-grow\">Se requiere mucha l\u00f3gica de consulta en sus informes para que los datos sean correctos.<\/div><\/div><\/div><div class=\"vcex-module vcex-list_item wpex-max-w-100 wpex-clr wpex-mb-5\"><div class=\"vcex-list-item-inner wpex-inline-flex wpex-flex-no-wrap wpex-items-center\"><div class=\"vcex-list-item-icon wpex-mr-10\"><div class=\"vcex-icon-wrap\" style=\"color:#7dbd21;\"><span class=\"ticon ticon-check-circle\"><\/span><\/div><\/div><div class=\"vcex-list-item-text vcex-content wpex-flex-grow\">M\u00faltiples versiones de la verdad y preocupaciones de la integridad de los datos; por lo tanto, falta de confianza en los datos.<\/div><\/div><\/div>[\/vc_tta_section][vc_tta_section title=\u00bbBeneficios\u00bb tab_id=\u00bb1552094469906-ddbc08f7-6c18&#8243;]<div class=\"vcex-module vcex-heading wpex-text-2xl wpex-font-normal wpex-m-auto wpex-max-w-100 vcex-heading-plain wpex-block vc_custom_1552606343166\"><span class=\"vcex-heading-inner wpex-inline-block wpex-clr\">Construya una fuente de datos de informaci\u00f3n confiable<\/span><\/div>[vc_column_text css=\u00bb.vc_custom_1552606389729{padding-top: 10px !important;}\u00bb]Podemos ayudarlo a enfrentar sus desaf\u00edos t\u00e9cnicos de estos s\u00edntomas y ayudarlo a construir una fuente de informaci\u00f3n de datos confiable.<\/p>\n<p>Contactenos para revisar nuestro servicio de \u201cRevisi\u00f3n del Manejo de los Datos\u201d. Bajo peticion, podemos proporcionar m\u00e1s detalles y una muestra de la documentaci\u00f3n y el trabajo de evaluaci\u00f3n.[\/vc_column_text][\/vc_tta_section][\/vc_tta_tour][\/vc_column][\/vc_row][vc_row][vc_column][vc_single_image image=\u00bb627&#8243; alignment=\u00bbcenter\u00bb css=\u00bb.vc_custom_1552083346389{margin-top: 40px !important;}\u00bb][\/vc_column][\/vc_row]\n<\/div>","protected":false},"excerpt":{"rendered":"<p>[vc_row full_width=\u00bbstretch_row\u00bb parallax=\u00bbcontent-moving\u00bb parallax_image=\u00bb625&#8243; min_height=\u00bb435&#8243;][vc_column][\/vc_column][\/vc_row][vc_row css=\u00bb.vc_custom_1552094953407{margin-top: 45px !important;}\u00bb][vc_column][vc_tta_tour style=\u00bbmodern\u00bb shape=\u00bbsquare\u00bb color=\u00bbgreen\u00bb controls_size=\u00bbsm\u00bb active_section=\u00bb1&#8243;][vc_tta_section title=\u00bbEnfoque\u00bb tab_id=\u00bb1552094053764-678193d2-56d1&#8243;][vc_column_text]El valor de una plataforma de Inteligencia de Negocios (tableros, reportes, an\u00e1lisis de informaci\u00f3n) es tan bueno como lo sea la data que la alimenta. A&hellip;<\/p>\n","protected":false},"author":1,"featured_media":0,"parent":880,"menu_order":0,"comment_status":"closed","ping_status":"closed","template":"","meta":{"footnotes":""},"class_list":["post-850","page","type-page","status-publish","hentry","entry","no-media"],"yoast_head":"<!-- This site is optimized with the Yoast SEO plugin v27.2 - https:\/\/yoast.com\/product\/yoast-seo-wordpress\/ -->\n<title>Revision de las Estrategias y Manejo de Datos de su Empresa<\/title>\n<meta name=\"description\" content=\"La revisi\u00f3n del manejo de datos le ayudar\u00e1 a identificar \u00e1reas de mejora en su estrategia de administraci\u00f3n de los datos de su organizaci\u00f3n.\" \/>\n<meta name=\"robots\" content=\"index, follow, max-snippet:-1, max-image-preview:large, max-video-preview:-1\" \/>\n<link rel=\"canonical\" href=\"https:\/\/www.metricsview.com\/es\/servicios\/revision-manejo-datos.html\" \/>\n<meta property=\"og:locale\" content=\"es_ES\" \/>\n<meta property=\"og:type\" content=\"article\" \/>\n<meta property=\"og:title\" content=\"Revision de las Estrategias y Manejo de Datos de su Empresa\" \/>\n<meta property=\"og:description\" content=\"La revisi\u00f3n del manejo de datos le ayudar\u00e1 a identificar \u00e1reas de mejora en su estrategia de administraci\u00f3n de los datos de su organizaci\u00f3n.\" \/>\n<meta property=\"og:url\" content=\"https:\/\/www.metricsview.com\/es\/servicios\/revision-manejo-datos.html\" \/>\n<meta property=\"og:site_name\" content=\"MetricsView\" \/>\n<meta property=\"article:modified_time\" content=\"2019-03-15T21:15:08+00:00\" \/>\n<meta name=\"twitter:card\" content=\"summary_large_image\" \/>\n<meta name=\"twitter:label1\" content=\"Tiempo de lectura\" \/>\n\t<meta name=\"twitter:data1\" content=\"3 minutos\" \/>\n<script type=\"application\/ld+json\" class=\"yoast-schema-graph\">{\"@context\":\"https:\/\/schema.org\",\"@graph\":[{\"@type\":\"WebPage\",\"@id\":\"https:\/\/www.metricsview.com\/es\/servicios\/revision-manejo-datos.html\",\"url\":\"https:\/\/www.metricsview.com\/es\/servicios\/revision-manejo-datos.html\",\"name\":\"Revision de las Estrategias y Manejo de Datos de su Empresa\",\"isPartOf\":{\"@id\":\"https:\/\/www.metricsview.com\/#website\"},\"datePublished\":\"2019-03-14T07:14:55+00:00\",\"dateModified\":\"2019-03-15T21:15:08+00:00\",\"description\":\"La revisi\u00f3n del manejo de datos le ayudar\u00e1 a identificar \u00e1reas de mejora en su estrategia de administraci\u00f3n de los datos de su organizaci\u00f3n.\",\"breadcrumb\":{\"@id\":\"https:\/\/www.metricsview.com\/es\/servicios\/revision-manejo-datos.html#breadcrumb\"},\"inLanguage\":\"es\",\"potentialAction\":[{\"@type\":\"ReadAction\",\"target\":[\"https:\/\/www.metricsview.com\/es\/servicios\/revision-manejo-datos.html\"]}]},{\"@type\":\"BreadcrumbList\",\"@id\":\"https:\/\/www.metricsview.com\/es\/servicios\/revision-manejo-datos.html#breadcrumb\",\"itemListElement\":[{\"@type\":\"ListItem\",\"position\":1,\"name\":\"Home\",\"item\":\"https:\/\/www.metricsview.com\/es\/\"},{\"@type\":\"ListItem\",\"position\":2,\"name\":\"Servicios\",\"item\":\"https:\/\/www.metricsview.com\/es\/servicios.html\"},{\"@type\":\"ListItem\",\"position\":3,\"name\":\"Revisi\u00f3n del Manejo de los Datos\"}]},{\"@type\":\"WebSite\",\"@id\":\"https:\/\/www.metricsview.com\/#website\",\"url\":\"https:\/\/www.metricsview.com\/\",\"name\":\"MetricsView\",\"description\":\"Consulting services to accomplish your Business Intelligence (BI) initiatives.\",\"publisher\":{\"@id\":\"https:\/\/www.metricsview.com\/#organization\"},\"potentialAction\":[{\"@type\":\"SearchAction\",\"target\":{\"@type\":\"EntryPoint\",\"urlTemplate\":\"https:\/\/www.metricsview.com\/?s={search_term_string}\"},\"query-input\":{\"@type\":\"PropertyValueSpecification\",\"valueRequired\":true,\"valueName\":\"search_term_string\"}}],\"inLanguage\":\"es\"},{\"@type\":\"Organization\",\"@id\":\"https:\/\/www.metricsview.com\/#organization\",\"name\":\"Metrics View, Inc.\",\"url\":\"https:\/\/www.metricsview.com\/\",\"logo\":{\"@type\":\"ImageObject\",\"inLanguage\":\"es\",\"@id\":\"https:\/\/www.metricsview.com\/#\/schema\/logo\/image\/\",\"url\":\"https:\/\/www.metricsview.com\/wp-content\/uploads\/2019\/03\/logo.png\",\"contentUrl\":\"https:\/\/www.metricsview.com\/wp-content\/uploads\/2019\/03\/logo.png\",\"width\":200,\"height\":88,\"caption\":\"Metrics View, Inc.\"},\"image\":{\"@id\":\"https:\/\/www.metricsview.com\/#\/schema\/logo\/image\/\"}}]}<\/script>\n<!-- \/ Yoast SEO plugin. -->","yoast_head_json":{"title":"Revision de las Estrategias y Manejo de Datos de su Empresa","description":"La revisi\u00f3n del manejo de datos le ayudar\u00e1 a identificar \u00e1reas de mejora en su estrategia de administraci\u00f3n de los datos de su organizaci\u00f3n.","robots":{"index":"index","follow":"follow","max-snippet":"max-snippet:-1","max-image-preview":"max-image-preview:large","max-video-preview":"max-video-preview:-1"},"canonical":"https:\/\/www.metricsview.com\/es\/servicios\/revision-manejo-datos.html","og_locale":"es_ES","og_type":"article","og_title":"Revision de las Estrategias y Manejo de Datos de su Empresa","og_description":"La revisi\u00f3n del manejo de datos le ayudar\u00e1 a identificar \u00e1reas de mejora en su estrategia de administraci\u00f3n de los datos de su organizaci\u00f3n.","og_url":"https:\/\/www.metricsview.com\/es\/servicios\/revision-manejo-datos.html","og_site_name":"MetricsView","article_modified_time":"2019-03-15T21:15:08+00:00","twitter_card":"summary_large_image","twitter_misc":{"Tiempo de lectura":"3 minutos"},"schema":{"@context":"https:\/\/schema.org","@graph":[{"@type":"WebPage","@id":"https:\/\/www.metricsview.com\/es\/servicios\/revision-manejo-datos.html","url":"https:\/\/www.metricsview.com\/es\/servicios\/revision-manejo-datos.html","name":"Revision de las Estrategias y Manejo de Datos de su Empresa","isPartOf":{"@id":"https:\/\/www.metricsview.com\/#website"},"datePublished":"2019-03-14T07:14:55+00:00","dateModified":"2019-03-15T21:15:08+00:00","description":"La revisi\u00f3n del manejo de datos le ayudar\u00e1 a identificar \u00e1reas de mejora en su estrategia de administraci\u00f3n de los datos de su organizaci\u00f3n.","breadcrumb":{"@id":"https:\/\/www.metricsview.com\/es\/servicios\/revision-manejo-datos.html#breadcrumb"},"inLanguage":"es","potentialAction":[{"@type":"ReadAction","target":["https:\/\/www.metricsview.com\/es\/servicios\/revision-manejo-datos.html"]}]},{"@type":"BreadcrumbList","@id":"https:\/\/www.metricsview.com\/es\/servicios\/revision-manejo-datos.html#breadcrumb","itemListElement":[{"@type":"ListItem","position":1,"name":"Home","item":"https:\/\/www.metricsview.com\/es\/"},{"@type":"ListItem","position":2,"name":"Servicios","item":"https:\/\/www.metricsview.com\/es\/servicios.html"},{"@type":"ListItem","position":3,"name":"Revisi\u00f3n del Manejo de los Datos"}]},{"@type":"WebSite","@id":"https:\/\/www.metricsview.com\/#website","url":"https:\/\/www.metricsview.com\/","name":"MetricsView","description":"Consulting services to accomplish your Business Intelligence (BI) initiatives.","publisher":{"@id":"https:\/\/www.metricsview.com\/#organization"},"potentialAction":[{"@type":"SearchAction","target":{"@type":"EntryPoint","urlTemplate":"https:\/\/www.metricsview.com\/?s={search_term_string}"},"query-input":{"@type":"PropertyValueSpecification","valueRequired":true,"valueName":"search_term_string"}}],"inLanguage":"es"},{"@type":"Organization","@id":"https:\/\/www.metricsview.com\/#organization","name":"Metrics View, Inc.","url":"https:\/\/www.metricsview.com\/","logo":{"@type":"ImageObject","inLanguage":"es","@id":"https:\/\/www.metricsview.com\/#\/schema\/logo\/image\/","url":"https:\/\/www.metricsview.com\/wp-content\/uploads\/2019\/03\/logo.png","contentUrl":"https:\/\/www.metricsview.com\/wp-content\/uploads\/2019\/03\/logo.png","width":200,"height":88,"caption":"Metrics View, Inc."},"image":{"@id":"https:\/\/www.metricsview.com\/#\/schema\/logo\/image\/"}}]}},"_links":{"self":[{"href":"https:\/\/www.metricsview.com\/es\/wp-json\/wp\/v2\/pages\/850","targetHints":{"allow":["GET"]}}],"collection":[{"href":"https:\/\/www.metricsview.com\/es\/wp-json\/wp\/v2\/pages"}],"about":[{"href":"https:\/\/www.metricsview.com\/es\/wp-json\/wp\/v2\/types\/page"}],"author":[{"embeddable":true,"href":"https:\/\/www.metricsview.com\/es\/wp-json\/wp\/v2\/users\/1"}],"replies":[{"embeddable":true,"href":"https:\/\/www.metricsview.com\/es\/wp-json\/wp\/v2\/comments?post=850"}],"version-history":[{"count":2,"href":"https:\/\/www.metricsview.com\/es\/wp-json\/wp\/v2\/pages\/850\/revisions"}],"predecessor-version":[{"id":914,"href":"https:\/\/www.metricsview.com\/es\/wp-json\/wp\/v2\/pages\/850\/revisions\/914"}],"up":[{"embeddable":true,"href":"https:\/\/www.metricsview.com\/es\/wp-json\/wp\/v2\/pages\/880"}],"wp:attachment":[{"href":"https:\/\/www.metricsview.com\/es\/wp-json\/wp\/v2\/media?parent=850"}],"curies":[{"name":"wp","href":"https:\/\/api.w.org\/{rel}","templated":true}]}}