{"id":852,"date":"2019-03-14T07:18:37","date_gmt":"2019-03-14T07:18:37","guid":{"rendered":"http:\/\/www.metricsview.com\/?page_id=852"},"modified":"2019-03-15T21:13:00","modified_gmt":"2019-03-15T21:13:00","slug":"capacitacion","status":"publish","type":"page","link":"https:\/\/www.metricsview.com\/es\/servicios\/capacitacion.html","title":{"rendered":"Capacitaci\u00f3n"},"content":{"rendered":"<div class=\"wpb-content-wrapper\">[vc_row full_width=\u00bbstretch_row\u00bb parallax=\u00bbcontent-moving\u00bb parallax_image=\u00bb253&#8243; min_height=\u00bb435&#8243;][vc_column][\/vc_column][\/vc_row][vc_row][vc_column]<div class=\"vcex-module vcex-heading wpex-text-2xl wpex-font-normal wpex-m-auto wpex-max-w-100 vcex-heading-plain wpex-block vc_custom_1552613152208\"><span class=\"vcex-heading-inner wpex-inline-block wpex-clr\">Capacitaci\u00f3n<\/span><\/div>[vc_column_text css=\u00bb.vc_custom_1552613324913{padding-bottom: 30px !important;}\u00bb]Las empresas y personas que reciben una capacitaci\u00f3n adecuada en su desarrollo profesional est\u00e9n m\u00e1s motivadas y cuentan con un conocimiento avanzado que los conduce al aumento de su productividad general.<\/p>\n<p>Como l\u00edder en soluciones de Inteligencias de Negocios (BI por sus siglas en ingl\u00e9s) y manejo de datos, Metrics View ofrece un aprendizaje innovador en m\u00faltiples \u00e1reas y herramientas de software l\u00edderes en la industria.<\/p>\n<p>Nuestros talleres de capacitaci\u00f3n son desarrollados por expertos en la materia, con el enfoque de ayudar a organizaciones e individuos a mejorar sus habilidades. Los talleres de Metrics View se ofrecen tanto en entornos en-l\u00ednea como en-sitio, asegurando que los objetivos de capacitaci\u00f3n se logren sin importar d\u00f3nde se encuentren los asistentes. Adem\u00e1s, nuestros talleres se pueden adaptar y personalizar a sus necesidades espec\u00edficas.<\/p>\n<p>Los talleres de capacitaci\u00f3n de Metrics View se ofrecen en las siguientes \u00e1reas y herramientas de software:[\/vc_column_text]<div class=\"vcex-module vcex-list_item wpex-max-w-100 wpex-clr wpex-mb-5\"><div class=\"vcex-list-item-inner wpex-inline-flex wpex-flex-no-wrap wpex-items-center\"><div class=\"vcex-list-item-icon wpex-mr-10\"><div class=\"vcex-icon-wrap\"><span class=\"ticon ticon-book\"><\/span><\/div><\/div><div class=\"vcex-list-item-text vcex-content wpex-flex-grow\">Metodolog\u00eda<\/div><\/div><\/div><div class=\"vcex-module vcex-list_item wpex-max-w-100 wpex-clr wpex-mb-5 vc_custom_1552613369188\"><div class=\"vcex-list-item-inner wpex-inline-flex wpex-flex-no-wrap wpex-items-center\"><div class=\"vcex-list-item-icon wpex-mr-10\"><div class=\"vcex-icon-wrap\"><span class=\"ticon ticon-check-circle\"><\/span><\/div><\/div><div class=\"vcex-list-item-text vcex-content wpex-flex-grow\">Introducci\u00f3n a Inteligencia de Negocios y An\u00e1lisis de Datos<\/div><\/div><\/div><div class=\"vcex-module vcex-list_item wpex-max-w-100 wpex-clr wpex-mb-5 vc_custom_1552613384948\"><div class=\"vcex-list-item-inner wpex-inline-flex wpex-flex-no-wrap wpex-items-center\"><div class=\"vcex-list-item-icon wpex-mr-10\"><div class=\"vcex-icon-wrap\"><span class=\"ticon ticon-check-circle\"><\/span><\/div><\/div><div class=\"vcex-list-item-text vcex-content wpex-flex-grow\">Conceptos de Modelado de Datos<\/div><\/div><\/div><div class=\"vcex-module vcex-list_item wpex-max-w-100 wpex-clr wpex-mb-5 vc_custom_1552613402348\"><div class=\"vcex-list-item-inner wpex-inline-flex wpex-flex-no-wrap wpex-items-center\"><div class=\"vcex-list-item-icon wpex-mr-10\"><div class=\"vcex-icon-wrap\"><span class=\"ticon ticon-bar-chart\"><\/span><\/div><\/div><div class=\"vcex-list-item-text vcex-content wpex-flex-grow\">Herramientas de Inteligencia de Negocios (BI) y Anal\u00edticas:<\/div><\/div><\/div><div class=\"vcex-module vcex-list_item wpex-max-w-100 wpex-clr wpex-mb-5 vc_custom_1551224532082\"><div class=\"vcex-list-item-inner wpex-inline-flex wpex-flex-no-wrap wpex-items-center\"><div class=\"vcex-list-item-icon wpex-mr-10\"><div class=\"vcex-icon-wrap\"><span class=\"ticon ticon-check-circle\"><\/span><\/div><\/div><div class=\"vcex-list-item-text vcex-content wpex-flex-grow\">Microsoft Power BI<\/div><\/div><\/div><div class=\"vcex-module vcex-list_item wpex-max-w-100 wpex-clr wpex-mb-5 vc_custom_1551224544370\"><div class=\"vcex-list-item-inner wpex-inline-flex wpex-flex-no-wrap wpex-items-center\"><div class=\"vcex-list-item-icon wpex-mr-10\"><div class=\"vcex-icon-wrap\"><span class=\"ticon ticon-check-circle\"><\/span><\/div><\/div><div class=\"vcex-list-item-text vcex-content wpex-flex-grow\">SAP BusinessObjects Suite<\/div><\/div><\/div><div class=\"vcex-module vcex-list_item wpex-max-w-100 wpex-clr wpex-mb-5 vc_custom_1551224555810\"><div class=\"vcex-list-item-inner wpex-inline-flex wpex-flex-no-wrap wpex-items-center\"><div class=\"vcex-list-item-icon wpex-mr-10\"><div class=\"vcex-icon-wrap\"><span class=\"ticon ticon-check-circle\"><\/span><\/div><\/div><div class=\"vcex-list-item-text vcex-content wpex-flex-grow\">IBM Cognos Suite<\/div><\/div><\/div><div class=\"vcex-module vcex-list_item wpex-max-w-100 wpex-clr wpex-mb-5 vc_custom_1552613431556\"><div class=\"vcex-list-item-inner wpex-inline-flex wpex-flex-no-wrap wpex-items-center\"><div class=\"vcex-list-item-icon wpex-mr-10\"><div class=\"vcex-icon-wrap\"><span class=\"ticon ticon-cloud\"><\/span><\/div><\/div><div class=\"vcex-list-item-text vcex-content wpex-flex-grow\">Herramientas de Manejo de datos<\/div><\/div><\/div><div class=\"vcex-module vcex-list_item wpex-max-w-100 wpex-clr wpex-mb-5 vc_custom_1552084071240\"><div class=\"vcex-list-item-inner wpex-inline-flex wpex-flex-no-wrap wpex-items-center\"><div class=\"vcex-list-item-icon wpex-mr-10\"><div class=\"vcex-icon-wrap\"><span class=\"ticon ticon-check-circle\"><\/span><\/div><\/div><div class=\"vcex-list-item-text vcex-content wpex-flex-grow\">Microsoft Integration Services &amp; Analysis Services<\/div><\/div><\/div><div class=\"vcex-module vcex-list_item wpex-max-w-100 wpex-clr wpex-mb-5 vc_custom_1552084093279\"><div class=\"vcex-list-item-inner wpex-inline-flex wpex-flex-no-wrap wpex-items-center\"><div class=\"vcex-list-item-icon wpex-mr-10\"><div class=\"vcex-icon-wrap\"><span class=\"ticon ticon-check-circle\"><\/span><\/div><\/div><div class=\"vcex-list-item-text vcex-content wpex-flex-grow\">Informatica PowerCenter<\/div><\/div><\/div><div class=\"vcex-module vcex-list_item wpex-max-w-100 wpex-clr wpex-mb-5 vc_custom_1552084188280\"><div class=\"vcex-list-item-inner wpex-inline-flex wpex-flex-no-wrap wpex-items-center\"><div class=\"vcex-list-item-icon wpex-mr-10\"><div class=\"vcex-icon-wrap\"><span class=\"ticon ticon-check-circle\"><\/span><\/div><\/div><div class=\"vcex-list-item-text vcex-content wpex-flex-grow\">IBM Data Stage<\/div><\/div><\/div><div class=\"vcex-module vcex-list_item wpex-max-w-100 wpex-clr wpex-mb-5 vc_custom_1552084165760\"><div class=\"vcex-list-item-inner wpex-inline-flex wpex-flex-no-wrap wpex-items-center\"><div class=\"vcex-list-item-icon wpex-mr-10\"><div class=\"vcex-icon-wrap\"><span class=\"ticon ticon-check-circle\"><\/span><\/div><\/div><div class=\"vcex-list-item-text vcex-content wpex-flex-grow\">SAP Data Services &amp; Data Integrator<\/div><\/div><\/div>[vc_column_text css=\u00bb.vc_custom_1552613471920{margin-top: 20px !important;}\u00bb]P\u00f3ngase en contacto con nosotros hoy mismo para averiguar c\u00f3mo nuestros servicios de capacitaci\u00f3n puede ayudar a su empresa.[\/vc_column_text][\/vc_column][\/vc_row][vc_row][vc_column][vc_single_image image=\u00bb629&#8243; alignment=\u00bbcenter\u00bb css=\u00bb.vc_custom_1552083730310{margin-top: 40px !important;}\u00bb][\/vc_column][\/vc_row]\n<\/div>","protected":false},"excerpt":{"rendered":"<p>[vc_row full_width=\u00bbstretch_row\u00bb parallax=\u00bbcontent-moving\u00bb parallax_image=\u00bb253&#8243; min_height=\u00bb435&#8243;][vc_column][\/vc_column][\/vc_row][vc_row][vc_column][vc_column_text css=\u00bb.vc_custom_1552613324913{padding-bottom: 30px !important;}\u00bb]Las empresas y personas que reciben una capacitaci\u00f3n adecuada en su desarrollo profesional est\u00e9n m\u00e1s motivadas y cuentan con un conocimiento avanzado que los conduce al aumento de su productividad general. Como l\u00edder&hellip;<\/p>\n","protected":false},"author":1,"featured_media":0,"parent":880,"menu_order":0,"comment_status":"closed","ping_status":"closed","template":"","meta":{"footnotes":""},"class_list":["post-852","page","type-page","status-publish","hentry","entry","no-media"],"yoast_head":"<!-- This site is optimized with the Yoast SEO plugin v27.2 - https:\/\/yoast.com\/product\/yoast-seo-wordpress\/ -->\n<title>Cursos, Talleres de Capacitacion, Business Intelligence y Manejo de Datos<\/title>\n<meta name=\"description\" content=\"Metrics View ofrece cursos sobre metodolog\u00eda, herramientas de business intelligence, anal\u00edticas y manejo de datos en M\u00e9xico y Latino Am\u00e9rica.\" \/>\n<meta name=\"robots\" content=\"index, follow, max-snippet:-1, max-image-preview:large, max-video-preview:-1\" \/>\n<link rel=\"canonical\" href=\"https:\/\/www.metricsview.com\/es\/servicios\/capacitacion.html\" \/>\n<meta property=\"og:locale\" content=\"es_ES\" \/>\n<meta property=\"og:type\" content=\"article\" \/>\n<meta property=\"og:title\" content=\"Cursos, Talleres de Capacitacion, Business Intelligence y Manejo de Datos\" \/>\n<meta property=\"og:description\" content=\"Metrics View ofrece cursos sobre metodolog\u00eda, herramientas de business intelligence, anal\u00edticas y manejo de datos en M\u00e9xico y Latino Am\u00e9rica.\" \/>\n<meta property=\"og:url\" content=\"https:\/\/www.metricsview.com\/es\/servicios\/capacitacion.html\" \/>\n<meta property=\"og:site_name\" content=\"MetricsView\" \/>\n<meta property=\"article:modified_time\" content=\"2019-03-15T21:13:00+00:00\" \/>\n<meta name=\"twitter:card\" content=\"summary_large_image\" \/>\n<meta name=\"twitter:label1\" content=\"Tiempo de lectura\" \/>\n\t<meta name=\"twitter:data1\" content=\"2 minutos\" \/>\n<script type=\"application\/ld+json\" class=\"yoast-schema-graph\">{\"@context\":\"https:\/\/schema.org\",\"@graph\":[{\"@type\":\"WebPage\",\"@id\":\"https:\/\/www.metricsview.com\/es\/servicios\/capacitacion.html\",\"url\":\"https:\/\/www.metricsview.com\/es\/servicios\/capacitacion.html\",\"name\":\"Cursos, Talleres de Capacitacion, Business Intelligence y Manejo de Datos\",\"isPartOf\":{\"@id\":\"https:\/\/www.metricsview.com\/#website\"},\"datePublished\":\"2019-03-14T07:18:37+00:00\",\"dateModified\":\"2019-03-15T21:13:00+00:00\",\"description\":\"Metrics View ofrece cursos sobre metodolog\u00eda, herramientas de business intelligence, anal\u00edticas y manejo de datos en M\u00e9xico y Latino Am\u00e9rica.\",\"breadcrumb\":{\"@id\":\"https:\/\/www.metricsview.com\/es\/servicios\/capacitacion.html#breadcrumb\"},\"inLanguage\":\"es\",\"potentialAction\":[{\"@type\":\"ReadAction\",\"target\":[\"https:\/\/www.metricsview.com\/es\/servicios\/capacitacion.html\"]}]},{\"@type\":\"BreadcrumbList\",\"@id\":\"https:\/\/www.metricsview.com\/es\/servicios\/capacitacion.html#breadcrumb\",\"itemListElement\":[{\"@type\":\"ListItem\",\"position\":1,\"name\":\"Home\",\"item\":\"https:\/\/www.metricsview.com\/es\/\"},{\"@type\":\"ListItem\",\"position\":2,\"name\":\"Servicios\",\"item\":\"https:\/\/www.metricsview.com\/es\/servicios.html\"},{\"@type\":\"ListItem\",\"position\":3,\"name\":\"Capacitaci\u00f3n\"}]},{\"@type\":\"WebSite\",\"@id\":\"https:\/\/www.metricsview.com\/#website\",\"url\":\"https:\/\/www.metricsview.com\/\",\"name\":\"MetricsView\",\"description\":\"Consulting services to accomplish your Business Intelligence (BI) initiatives.\",\"publisher\":{\"@id\":\"https:\/\/www.metricsview.com\/#organization\"},\"potentialAction\":[{\"@type\":\"SearchAction\",\"target\":{\"@type\":\"EntryPoint\",\"urlTemplate\":\"https:\/\/www.metricsview.com\/?s={search_term_string}\"},\"query-input\":{\"@type\":\"PropertyValueSpecification\",\"valueRequired\":true,\"valueName\":\"search_term_string\"}}],\"inLanguage\":\"es\"},{\"@type\":\"Organization\",\"@id\":\"https:\/\/www.metricsview.com\/#organization\",\"name\":\"Metrics View, Inc.\",\"url\":\"https:\/\/www.metricsview.com\/\",\"logo\":{\"@type\":\"ImageObject\",\"inLanguage\":\"es\",\"@id\":\"https:\/\/www.metricsview.com\/#\/schema\/logo\/image\/\",\"url\":\"https:\/\/www.metricsview.com\/wp-content\/uploads\/2019\/03\/logo.png\",\"contentUrl\":\"https:\/\/www.metricsview.com\/wp-content\/uploads\/2019\/03\/logo.png\",\"width\":200,\"height\":88,\"caption\":\"Metrics View, Inc.\"},\"image\":{\"@id\":\"https:\/\/www.metricsview.com\/#\/schema\/logo\/image\/\"}}]}<\/script>\n<!-- \/ Yoast SEO plugin. -->","yoast_head_json":{"title":"Cursos, Talleres de Capacitacion, Business Intelligence y Manejo de Datos","description":"Metrics View ofrece cursos sobre metodolog\u00eda, herramientas de business intelligence, anal\u00edticas y manejo de datos en M\u00e9xico y Latino Am\u00e9rica.","robots":{"index":"index","follow":"follow","max-snippet":"max-snippet:-1","max-image-preview":"max-image-preview:large","max-video-preview":"max-video-preview:-1"},"canonical":"https:\/\/www.metricsview.com\/es\/servicios\/capacitacion.html","og_locale":"es_ES","og_type":"article","og_title":"Cursos, Talleres de Capacitacion, Business Intelligence y Manejo de Datos","og_description":"Metrics View ofrece cursos sobre metodolog\u00eda, herramientas de business intelligence, anal\u00edticas y manejo de datos en M\u00e9xico y Latino Am\u00e9rica.","og_url":"https:\/\/www.metricsview.com\/es\/servicios\/capacitacion.html","og_site_name":"MetricsView","article_modified_time":"2019-03-15T21:13:00+00:00","twitter_card":"summary_large_image","twitter_misc":{"Tiempo de lectura":"2 minutos"},"schema":{"@context":"https:\/\/schema.org","@graph":[{"@type":"WebPage","@id":"https:\/\/www.metricsview.com\/es\/servicios\/capacitacion.html","url":"https:\/\/www.metricsview.com\/es\/servicios\/capacitacion.html","name":"Cursos, Talleres de Capacitacion, Business Intelligence y Manejo de Datos","isPartOf":{"@id":"https:\/\/www.metricsview.com\/#website"},"datePublished":"2019-03-14T07:18:37+00:00","dateModified":"2019-03-15T21:13:00+00:00","description":"Metrics View ofrece cursos sobre metodolog\u00eda, herramientas de business intelligence, anal\u00edticas y manejo de datos en M\u00e9xico y Latino Am\u00e9rica.","breadcrumb":{"@id":"https:\/\/www.metricsview.com\/es\/servicios\/capacitacion.html#breadcrumb"},"inLanguage":"es","potentialAction":[{"@type":"ReadAction","target":["https:\/\/www.metricsview.com\/es\/servicios\/capacitacion.html"]}]},{"@type":"BreadcrumbList","@id":"https:\/\/www.metricsview.com\/es\/servicios\/capacitacion.html#breadcrumb","itemListElement":[{"@type":"ListItem","position":1,"name":"Home","item":"https:\/\/www.metricsview.com\/es\/"},{"@type":"ListItem","position":2,"name":"Servicios","item":"https:\/\/www.metricsview.com\/es\/servicios.html"},{"@type":"ListItem","position":3,"name":"Capacitaci\u00f3n"}]},{"@type":"WebSite","@id":"https:\/\/www.metricsview.com\/#website","url":"https:\/\/www.metricsview.com\/","name":"MetricsView","description":"Consulting services to accomplish your Business Intelligence (BI) initiatives.","publisher":{"@id":"https:\/\/www.metricsview.com\/#organization"},"potentialAction":[{"@type":"SearchAction","target":{"@type":"EntryPoint","urlTemplate":"https:\/\/www.metricsview.com\/?s={search_term_string}"},"query-input":{"@type":"PropertyValueSpecification","valueRequired":true,"valueName":"search_term_string"}}],"inLanguage":"es"},{"@type":"Organization","@id":"https:\/\/www.metricsview.com\/#organization","name":"Metrics View, Inc.","url":"https:\/\/www.metricsview.com\/","logo":{"@type":"ImageObject","inLanguage":"es","@id":"https:\/\/www.metricsview.com\/#\/schema\/logo\/image\/","url":"https:\/\/www.metricsview.com\/wp-content\/uploads\/2019\/03\/logo.png","contentUrl":"https:\/\/www.metricsview.com\/wp-content\/uploads\/2019\/03\/logo.png","width":200,"height":88,"caption":"Metrics View, Inc."},"image":{"@id":"https:\/\/www.metricsview.com\/#\/schema\/logo\/image\/"}}]}},"_links":{"self":[{"href":"https:\/\/www.metricsview.com\/es\/wp-json\/wp\/v2\/pages\/852","targetHints":{"allow":["GET"]}}],"collection":[{"href":"https:\/\/www.metricsview.com\/es\/wp-json\/wp\/v2\/pages"}],"about":[{"href":"https:\/\/www.metricsview.com\/es\/wp-json\/wp\/v2\/types\/page"}],"author":[{"embeddable":true,"href":"https:\/\/www.metricsview.com\/es\/wp-json\/wp\/v2\/users\/1"}],"replies":[{"embeddable":true,"href":"https:\/\/www.metricsview.com\/es\/wp-json\/wp\/v2\/comments?post=852"}],"version-history":[{"count":3,"href":"https:\/\/www.metricsview.com\/es\/wp-json\/wp\/v2\/pages\/852\/revisions"}],"predecessor-version":[{"id":916,"href":"https:\/\/www.metricsview.com\/es\/wp-json\/wp\/v2\/pages\/852\/revisions\/916"}],"up":[{"embeddable":true,"href":"https:\/\/www.metricsview.com\/es\/wp-json\/wp\/v2\/pages\/880"}],"wp:attachment":[{"href":"https:\/\/www.metricsview.com\/es\/wp-json\/wp\/v2\/media?parent=852"}],"curies":[{"name":"wp","href":"https:\/\/api.w.org\/{rel}","templated":true}]}}