{"id":880,"date":"2019-03-14T18:27:48","date_gmt":"2019-03-14T18:27:48","guid":{"rendered":"http:\/\/www.metricsview.com\/?page_id=880"},"modified":"2019-03-16T04:10:53","modified_gmt":"2019-03-16T04:10:53","slug":"servicios","status":"publish","type":"page","link":"https:\/\/www.metricsview.com\/es\/servicios.html","title":{"rendered":"Servicios"},"content":{"rendered":"<div class=\"wpb-content-wrapper\">[vc_row full_width=\u00bbstretch_row\u00bb parallax=\u00bbcontent-moving\u00bb parallax_image=\u00bb613&#8243; wpex_bg_overlay=\u00bbdark\u00bb css=\u00bb.vc_custom_1552595711836{padding-top: 160px !important;padding-bottom: 120px !important;background-color: #333333 !important;}\u00bb wpex_bg_overlay_opacity=\u00bb0.4&#8243;][vc_column]<div class=\"vcex-module vcex-heading wpex-text-2xl wpex-font-normal wpex-m-auto wpex-max-w-100 vcex-heading-plain wpex-block wpex-text-center\" style=\"color:#ffffff;font-size:42px;\"><span class=\"vcex-heading-inner wpex-inline-block wpex-clr\">Nuestros Servicios<\/span><\/div>[vc_column_text italic=\u00bbtrue\u00bb text_align=\u00bbcenter\u00bb width=\u00bb600px\u00bb color=\u00bb#ffffff\u00bb font_size=\u00bb24&#8243;]Nuestros servicios aceleran y promueven el \u00e9xito de sus proyectos empresariales[\/vc_column_text][\/vc_column][\/vc_row][vc_row column_spacing=\u00bb50&#8243; bg_style=\u00bbstretch\u00bb css=\u00bb.vc_custom_1489898927775{padding-top: 80px !important;padding-bottom: 30px !important;}\u00bb][vc_column width=\u00bb1\/3&#8243;][vc_single_image image=\u00bb616&#8243; css_animation=\u00bbappear\u00bb alignment=\u00bbcenter\u00bb onclick=\u00bbcustom_link\u00bb link=\u00bb\/es\/servicios\/revision-madurez-bi.html\u00bb]<div class=\"vcex-spacing wpex-w-100 wpex-clear\" style=\"height:10px\"><\/div><div class=\"vcex-module vcex-heading wpex-text-2xl wpex-font-normal wpex-m-auto wpex-max-w-100 vcex-heading-plain wpex-block wpex-text-center\" style=\"font-size:18px;font-weight:600;\"><a href=\"\/es\/servicios\/revision-madurez-bi.html\" class=\"wpex-no-underline wpex-inherit-color\"\"><span class=\"vcex-heading-inner wpex-inline-block wpex-clr\">Revisi\u00f3n de la Madurez de BI<\/span><\/a><\/div><div class=\"vcex-spacing wpex-w-100 wpex-clear\" style=\"height:15px\"><\/div>[vc_column_text text_align=\u00bbcenter\u00bb]Determinamos en d\u00f3nde se encuentra una organizaci\u00f3n en el desarrollo de una plataforma de BI madura y el grado en que est\u00e1 preparada para obtener el cien por ciento del valor empresarial de BI.[\/vc_column_text][\/vc_column][vc_column width=\u00bb1\/3&#8243;][vc_single_image image=\u00bb615&#8243; css_animation=\u00bbappear\u00bb alignment=\u00bbcenter\u00bb onclick=\u00bbcustom_link\u00bb link=\u00bb\/es\/servicios\/asesoria-ejecutiva-bi.html\u00bb]<div class=\"vcex-spacing wpex-w-100 wpex-clear\" style=\"height:20px\"><\/div><div class=\"vcex-module vcex-heading wpex-text-2xl wpex-font-normal wpex-m-auto wpex-max-w-100 vcex-heading-plain wpex-block wpex-text-center\" style=\"font-size:18px;font-weight:600;\"><a href=\"\/es\/servicios\/asesoria-ejecutiva-bi.html\" class=\"wpex-no-underline wpex-inherit-color\"\"><span class=\"vcex-heading-inner wpex-inline-block wpex-clr\">Asesor\u00eda Ejecutiva de BI<\/span><\/a><\/div><div class=\"vcex-spacing wpex-w-100 wpex-clear\" style=\"height:15px\"><\/div>[vc_column_text text_align=\u00bbcenter\u00bb]El servicio de asesor\u00eda de BI de Metrics View se enfoca en el valor de negocio exacto esperado en una inversi\u00f3n de BI determinada.[\/vc_column_text][\/vc_column][vc_column width=\u00bb1\/3&#8243;][vc_single_image image=\u00bb617&#8243; css_animation=\u00bbappear\u00bb alignment=\u00bbcenter\u00bb onclick=\u00bbcustom_link\u00bb link=\u00bb\/es\/servicios\/revision-manejo-datos.html\u00bb]<div class=\"vcex-spacing wpex-w-100 wpex-clear\" style=\"height:20px\"><\/div><div class=\"vcex-module vcex-heading wpex-text-2xl wpex-font-normal wpex-m-auto wpex-max-w-100 vcex-heading-plain wpex-block wpex-text-center\" style=\"font-size:18px;font-weight:600;\"><a href=\"\/es\/servicios\/revision-manejo-datos.html\" class=\"wpex-no-underline wpex-inherit-color\"\"><span class=\"vcex-heading-inner wpex-inline-block wpex-clr\">Revisi\u00f3n del Manejo de los Datos<\/span><\/a><\/div><div class=\"vcex-spacing wpex-w-100 wpex-clear\" style=\"height:10px\"><\/div>[vc_column_text text_align=\u00bbcenter\u00bb]La revisi\u00f3n del manejo de datos de\u00a0 Metrics View le ayudar\u00e1 a identificar las \u00e1reas de mejora en el estado actual de los mismos.[\/vc_column_text][\/vc_column][\/vc_row][vc_row full_width=\u00bbstretch_row\u00bb bg_style=\u00bbstretch\u00bb css=\u00bb.vc_custom_1489898938088{padding-top: 80px !important;padding-bottom: 40px !important;background-color: #eeeeee !important;}\u00bb][vc_column width=\u00bb1\/2&#8243;][vc_single_image image=\u00bb966&#8243; css_animation=\u00bbleft-to-right\u00bb onclick=\u00bbcustom_link\u00bb link=\u00bb\/es\/servicios\/capacitacion.html\u00bb][\/vc_column][vc_column width=\u00bb1\/2&#8243;]<div class=\"vcex-module vcex-heading wpex-text-2xl wpex-font-normal wpex-m-auto wpex-max-w-100 vcex-heading-plain wpex-block\" style=\"font-size:18px;font-weight:600;\"><a href=\"\/es\/servicios\/capacitacion.html\" class=\"wpex-no-underline wpex-inherit-color\"\"><span class=\"vcex-heading-inner wpex-inline-block wpex-clr\">Capacitaci\u00f3n<\/span><\/a><\/div><div class=\"vcex-module vcex-divider-dots wpex-mr-auto wpex-ml-auto textleft\" style=\"padding-top:5px;padding-bottom:15px;\"><span class=\"wpex-inline-block wpex-round wpex-bg-accent wpex-mr-10\" style=\"background:#00b3b3;\"><\/span><span class=\"wpex-inline-block wpex-round wpex-bg-accent wpex-mr-10\" style=\"background:#00b3b3;\"><\/span><span class=\"wpex-inline-block wpex-round wpex-bg-accent wpex-mr-10\" style=\"background:#00b3b3;\"><\/span><\/div>[vc_column_text]Nuestros talleres de capacitaci\u00f3n son desarrollados por expertos en la materia, con el enfoque de ayudar a organizaciones e individuos a mejorar sus habilidades. Los talleres de Metrics View se ofrecen tanto en entornos en-l\u00ednea como en-sitio, asegurando que los objetivos de capacitaci\u00f3n se logren sin importar d\u00f3nde se encuentren los asistentes.[\/vc_column_text]<div class=\"vcex-spacing wpex-w-100 wpex-clear\" style=\"height:40px\"><\/div><a href=\"\/es\/servicios\/capacitacion.html\" title=\"Learn More About Our Webinars\" class=\"vcex-button theme-button flat teal medium align-left inline\" target=\"_blank\" style=\"border-radius:0px;\" rel=\"noopener noreferrer\"><span class=\"theme-button-inner\">Revise nuestros talleres<span class=\"vcex-icon-wrap theme-button-icon-right\"><span class=\"ticon ticon-angle-double-right\" aria-hidden=\"true\"><\/span><\/span><\/span><\/a> [\/vc_column][\/vc_row]\n<\/div>","protected":false},"excerpt":{"rendered":"<p>[vc_row full_width=\u00bbstretch_row\u00bb parallax=\u00bbcontent-moving\u00bb parallax_image=\u00bb613&#8243; wpex_bg_overlay=\u00bbdark\u00bb css=\u00bb.vc_custom_1552595711836{padding-top: 160px !important;padding-bottom: 120px !important;background-color: #333333 !important;}\u00bb wpex_bg_overlay_opacity=\u00bb0.4&#8243;][vc_column][vc_column_text italic=\u00bbtrue\u00bb text_align=\u00bbcenter\u00bb width=\u00bb600px\u00bb color=\u00bb#ffffff\u00bb font_size=\u00bb24&#8243;]Nuestros servicios aceleran y promueven el \u00e9xito de sus proyectos empresariales[\/vc_column_text][\/vc_column][\/vc_row][vc_row column_spacing=\u00bb50&#8243; bg_style=\u00bbstretch\u00bb css=\u00bb.vc_custom_1489898927775{padding-top: 80px !important;padding-bottom: 30px !important;}\u00bb][vc_column width=\u00bb1\/3&#8243;][vc_single_image image=\u00bb616&#8243; css_animation=\u00bbappear\u00bb alignment=\u00bbcenter\u00bb onclick=\u00bbcustom_link\u00bb&hellip;<\/p>\n","protected":false},"author":1,"featured_media":0,"parent":0,"menu_order":0,"comment_status":"closed","ping_status":"closed","template":"","meta":{"footnotes":""},"class_list":["post-880","page","type-page","status-publish","hentry","entry","no-media"],"yoast_head":"<!-- This site is optimized with the Yoast SEO plugin v27.2 - https:\/\/yoast.com\/product\/yoast-seo-wordpress\/ -->\n<title>Servicios de Business Intelligence en America Latina, Mexico y Canada<\/title>\n<meta name=\"description\" content=\"Servicios de consultor\u00eda de Business Intelligence como revisi\u00f3n de madurez, asesor\u00eda ejecutiva, manejo de datos y capacitaci\u00f3n en Am\u00e9rica Latina, M\u00e9xico y Canad\u00e1.\" \/>\n<meta name=\"robots\" content=\"index, follow, max-snippet:-1, max-image-preview:large, max-video-preview:-1\" \/>\n<link rel=\"canonical\" href=\"https:\/\/www.metricsview.com\/es\/servicios.html\" \/>\n<meta property=\"og:locale\" content=\"es_ES\" \/>\n<meta property=\"og:type\" content=\"article\" \/>\n<meta property=\"og:title\" content=\"Servicios de Business Intelligence en America Latina, Mexico y Canada\" \/>\n<meta property=\"og:description\" content=\"Servicios de consultor\u00eda de Business Intelligence como revisi\u00f3n de madurez, asesor\u00eda ejecutiva, manejo de datos y capacitaci\u00f3n en Am\u00e9rica Latina, M\u00e9xico y Canad\u00e1.\" \/>\n<meta property=\"og:url\" content=\"https:\/\/www.metricsview.com\/es\/servicios.html\" \/>\n<meta property=\"og:site_name\" content=\"MetricsView\" \/>\n<meta property=\"article:modified_time\" content=\"2019-03-16T04:10:53+00:00\" \/>\n<meta name=\"twitter:card\" content=\"summary_large_image\" \/>\n<meta name=\"twitter:label1\" content=\"Tiempo de lectura\" \/>\n\t<meta name=\"twitter:data1\" content=\"3 minutos\" \/>\n<script type=\"application\/ld+json\" class=\"yoast-schema-graph\">{\"@context\":\"https:\/\/schema.org\",\"@graph\":[{\"@type\":\"WebPage\",\"@id\":\"https:\/\/www.metricsview.com\/es\/servicios.html\",\"url\":\"https:\/\/www.metricsview.com\/es\/servicios.html\",\"name\":\"Servicios de Business Intelligence en America Latina, Mexico y Canada\",\"isPartOf\":{\"@id\":\"https:\/\/www.metricsview.com\/#website\"},\"datePublished\":\"2019-03-14T18:27:48+00:00\",\"dateModified\":\"2019-03-16T04:10:53+00:00\",\"description\":\"Servicios de consultor\u00eda de Business Intelligence como revisi\u00f3n de madurez, asesor\u00eda ejecutiva, manejo de datos y capacitaci\u00f3n en Am\u00e9rica Latina, M\u00e9xico y Canad\u00e1.\",\"breadcrumb\":{\"@id\":\"https:\/\/www.metricsview.com\/es\/servicios.html#breadcrumb\"},\"inLanguage\":\"es\",\"potentialAction\":[{\"@type\":\"ReadAction\",\"target\":[\"https:\/\/www.metricsview.com\/es\/servicios.html\"]}]},{\"@type\":\"BreadcrumbList\",\"@id\":\"https:\/\/www.metricsview.com\/es\/servicios.html#breadcrumb\",\"itemListElement\":[{\"@type\":\"ListItem\",\"position\":1,\"name\":\"Home\",\"item\":\"https:\/\/www.metricsview.com\/es\/\"},{\"@type\":\"ListItem\",\"position\":2,\"name\":\"Servicios\"}]},{\"@type\":\"WebSite\",\"@id\":\"https:\/\/www.metricsview.com\/#website\",\"url\":\"https:\/\/www.metricsview.com\/\",\"name\":\"MetricsView\",\"description\":\"Consulting services to accomplish your Business Intelligence (BI) initiatives.\",\"publisher\":{\"@id\":\"https:\/\/www.metricsview.com\/#organization\"},\"potentialAction\":[{\"@type\":\"SearchAction\",\"target\":{\"@type\":\"EntryPoint\",\"urlTemplate\":\"https:\/\/www.metricsview.com\/?s={search_term_string}\"},\"query-input\":{\"@type\":\"PropertyValueSpecification\",\"valueRequired\":true,\"valueName\":\"search_term_string\"}}],\"inLanguage\":\"es\"},{\"@type\":\"Organization\",\"@id\":\"https:\/\/www.metricsview.com\/#organization\",\"name\":\"Metrics View, Inc.\",\"url\":\"https:\/\/www.metricsview.com\/\",\"logo\":{\"@type\":\"ImageObject\",\"inLanguage\":\"es\",\"@id\":\"https:\/\/www.metricsview.com\/#\/schema\/logo\/image\/\",\"url\":\"https:\/\/www.metricsview.com\/wp-content\/uploads\/2019\/03\/logo.png\",\"contentUrl\":\"https:\/\/www.metricsview.com\/wp-content\/uploads\/2019\/03\/logo.png\",\"width\":200,\"height\":88,\"caption\":\"Metrics View, Inc.\"},\"image\":{\"@id\":\"https:\/\/www.metricsview.com\/#\/schema\/logo\/image\/\"}}]}<\/script>\n<!-- \/ Yoast SEO plugin. -->","yoast_head_json":{"title":"Servicios de Business Intelligence en America Latina, Mexico y Canada","description":"Servicios de consultor\u00eda de Business Intelligence como revisi\u00f3n de madurez, asesor\u00eda ejecutiva, manejo de datos y capacitaci\u00f3n en Am\u00e9rica Latina, M\u00e9xico y Canad\u00e1.","robots":{"index":"index","follow":"follow","max-snippet":"max-snippet:-1","max-image-preview":"max-image-preview:large","max-video-preview":"max-video-preview:-1"},"canonical":"https:\/\/www.metricsview.com\/es\/servicios.html","og_locale":"es_ES","og_type":"article","og_title":"Servicios de Business Intelligence en America Latina, Mexico y Canada","og_description":"Servicios de consultor\u00eda de Business Intelligence como revisi\u00f3n de madurez, asesor\u00eda ejecutiva, manejo de datos y capacitaci\u00f3n en Am\u00e9rica Latina, M\u00e9xico y Canad\u00e1.","og_url":"https:\/\/www.metricsview.com\/es\/servicios.html","og_site_name":"MetricsView","article_modified_time":"2019-03-16T04:10:53+00:00","twitter_card":"summary_large_image","twitter_misc":{"Tiempo de lectura":"3 minutos"},"schema":{"@context":"https:\/\/schema.org","@graph":[{"@type":"WebPage","@id":"https:\/\/www.metricsview.com\/es\/servicios.html","url":"https:\/\/www.metricsview.com\/es\/servicios.html","name":"Servicios de Business Intelligence en America Latina, Mexico y Canada","isPartOf":{"@id":"https:\/\/www.metricsview.com\/#website"},"datePublished":"2019-03-14T18:27:48+00:00","dateModified":"2019-03-16T04:10:53+00:00","description":"Servicios de consultor\u00eda de Business Intelligence como revisi\u00f3n de madurez, asesor\u00eda ejecutiva, manejo de datos y capacitaci\u00f3n en Am\u00e9rica Latina, M\u00e9xico y Canad\u00e1.","breadcrumb":{"@id":"https:\/\/www.metricsview.com\/es\/servicios.html#breadcrumb"},"inLanguage":"es","potentialAction":[{"@type":"ReadAction","target":["https:\/\/www.metricsview.com\/es\/servicios.html"]}]},{"@type":"BreadcrumbList","@id":"https:\/\/www.metricsview.com\/es\/servicios.html#breadcrumb","itemListElement":[{"@type":"ListItem","position":1,"name":"Home","item":"https:\/\/www.metricsview.com\/es\/"},{"@type":"ListItem","position":2,"name":"Servicios"}]},{"@type":"WebSite","@id":"https:\/\/www.metricsview.com\/#website","url":"https:\/\/www.metricsview.com\/","name":"MetricsView","description":"Consulting services to accomplish your Business Intelligence (BI) initiatives.","publisher":{"@id":"https:\/\/www.metricsview.com\/#organization"},"potentialAction":[{"@type":"SearchAction","target":{"@type":"EntryPoint","urlTemplate":"https:\/\/www.metricsview.com\/?s={search_term_string}"},"query-input":{"@type":"PropertyValueSpecification","valueRequired":true,"valueName":"search_term_string"}}],"inLanguage":"es"},{"@type":"Organization","@id":"https:\/\/www.metricsview.com\/#organization","name":"Metrics View, Inc.","url":"https:\/\/www.metricsview.com\/","logo":{"@type":"ImageObject","inLanguage":"es","@id":"https:\/\/www.metricsview.com\/#\/schema\/logo\/image\/","url":"https:\/\/www.metricsview.com\/wp-content\/uploads\/2019\/03\/logo.png","contentUrl":"https:\/\/www.metricsview.com\/wp-content\/uploads\/2019\/03\/logo.png","width":200,"height":88,"caption":"Metrics View, Inc."},"image":{"@id":"https:\/\/www.metricsview.com\/#\/schema\/logo\/image\/"}}]}},"_links":{"self":[{"href":"https:\/\/www.metricsview.com\/es\/wp-json\/wp\/v2\/pages\/880","targetHints":{"allow":["GET"]}}],"collection":[{"href":"https:\/\/www.metricsview.com\/es\/wp-json\/wp\/v2\/pages"}],"about":[{"href":"https:\/\/www.metricsview.com\/es\/wp-json\/wp\/v2\/types\/page"}],"author":[{"embeddable":true,"href":"https:\/\/www.metricsview.com\/es\/wp-json\/wp\/v2\/users\/1"}],"replies":[{"embeddable":true,"href":"https:\/\/www.metricsview.com\/es\/wp-json\/wp\/v2\/comments?post=880"}],"version-history":[{"count":11,"href":"https:\/\/www.metricsview.com\/es\/wp-json\/wp\/v2\/pages\/880\/revisions"}],"predecessor-version":[{"id":968,"href":"https:\/\/www.metricsview.com\/es\/wp-json\/wp\/v2\/pages\/880\/revisions\/968"}],"wp:attachment":[{"href":"https:\/\/www.metricsview.com\/es\/wp-json\/wp\/v2\/media?parent=880"}],"curies":[{"name":"wp","href":"https:\/\/api.w.org\/{rel}","templated":true}]}}